{"id":406952,"date":"2025-05-18T23:13:46","date_gmt":"2025-05-18T23:13:46","guid":{"rendered":"https:\/\/staging2.stylingagenten.com\/no\/produkt\/sebastian-professional-twisted-curl-shampoo-250ml\/"},"modified":"2026-04-07T15:25:30","modified_gmt":"2026-04-07T15:25:30","slug":"sebastian-professional-twisted-curl-shampoo-250ml","status":"publish","type":"product","link":"https:\/\/stylingagenten.com\/no\/produkt\/sebastian-professional-twisted-curl-shampoo-250ml\/","title":{"rendered":"Sebastian Professional Twisted Curl Shampoo 250ml"},"content":{"rendered":"<p>Sjampo fylt med Flexi Algae Complex. Vasker forsiktig og fukter hvert h\u00e5rstr\u00e5 med elastisitet for enklere styling. Perfekt for de med naturlig eller b\u00f8lget h\u00e5r som \u00f8nsker mer kontroll over det kr\u00f8llete h\u00e5ret.<\/p>\n","protected":false},"excerpt":{"rendered":"<p>Sjampo fylt med Flexi Algae Complex. Vasker forsiktig og fukter hvert h\u00e5rstr\u00e5 med elastisitet for enklere styling. Perfekt for de med naturlig eller b\u00f8lget h\u00e5r som \u00f8nsker mer kontroll over det kr\u00f8llete h\u00e5ret.<\/p>\n","protected":false},"featured_media":406951,"comment_status":"open","ping_status":"closed","template":"","meta":{"_trash_the_other_posts":false},"product_brand":[],"product_cat":[1003,563],"product_tag":[],"berocket_brand":[1194],"class_list":{"0":"post-406952","1":"product","2":"type-product","3":"status-publish","4":"has-post-thumbnail","6":"product_cat-bestselgere","7":"product_cat-sjampo","8":"pa_brand-sebastian","9":"berocket_brand-sebastian","11":"first","12":"outofstock","13":"sale","14":"taxable","15":"shipping-taxable","16":"purchasable","17":"product-type-simple"},"_links":{"self":[{"href":"https:\/\/stylingagenten.com\/no\/wp-json\/wp\/v2\/product\/406952","targetHints":{"allow":["GET"]}}],"collection":[{"href":"https:\/\/stylingagenten.com\/no\/wp-json\/wp\/v2\/product"}],"about":[{"href":"https:\/\/stylingagenten.com\/no\/wp-json\/wp\/v2\/types\/product"}],"replies":[{"embeddable":true,"href":"https:\/\/stylingagenten.com\/no\/wp-json\/wp\/v2\/comments?post=406952"}],"version-history":[{"count":0,"href":"https:\/\/stylingagenten.com\/no\/wp-json\/wp\/v2\/product\/406952\/revisions"}],"wp:featuredmedia":[{"embeddable":true,"href":"https:\/\/stylingagenten.com\/no\/wp-json\/wp\/v2\/media\/406951"}],"wp:attachment":[{"href":"https:\/\/stylingagenten.com\/no\/wp-json\/wp\/v2\/media?parent=406952"}],"wp:term":[{"taxonomy":"product_brand","embeddable":true,"href":"https:\/\/stylingagenten.com\/no\/wp-json\/wp\/v2\/product_brand?post=406952"},{"taxonomy":"product_cat","embeddable":true,"href":"https:\/\/stylingagenten.com\/no\/wp-json\/wp\/v2\/product_cat?post=406952"},{"taxonomy":"product_tag","embeddable":true,"href":"https:\/\/stylingagenten.com\/no\/wp-json\/wp\/v2\/product_tag?post=406952"},{"taxonomy":"berocket_brand","embeddable":true,"href":"https:\/\/stylingagenten.com\/no\/wp-json\/wp\/v2\/berocket_brand?post=406952"}],"curies":[{"name":"wp","href":"https:\/\/api.w.org\/{rel}","templated":true}]}}