{"id":406948,"date":"2025-05-18T23:13:43","date_gmt":"2025-05-18T23:13:43","guid":{"rendered":"https:\/\/staging2.stylingagenten.com\/no\/produkt\/paul-mitchell-clean-beauty-scalp-therapy-shampoo-1000ml\/"},"modified":"2026-03-28T11:28:48","modified_gmt":"2026-03-28T11:28:48","slug":"paul-mitchell-clean-beauty-scalp-therapy-shampoo-1000ml","status":"publish","type":"product","link":"https:\/\/stylingagenten.com\/no\/produkt\/paul-mitchell-clean-beauty-scalp-therapy-shampoo-1000ml\/","title":{"rendered":"Paul Mitchell Clean Beauty Scalp Therapy Shampoo 1000ml"},"content":{"rendered":"<p>Bra for t\u00f8rr, fet eller sensitiv hodebunn og alle h\u00e5rtyper<br \/>Beriket med n\u00e6ringsrik druejuice og beroligende kamilleekstrakt. Denne sulfatfrie sjampoen renser h\u00e5ret og frisker opp hodebunnen. Sink bidrar til \u00e5 balansere talgproduksjonen og styrker h\u00e5ret.<\/p>\n","protected":false},"excerpt":{"rendered":"<p>Bra for t\u00f8rr, fet eller sensitiv hodebunn og alle h\u00e5rtyperBeriket med n\u00e6ringsrik druejuice og beroligende kamilleekstrakt. Denne sulfatfrie sjampoen renser h\u00e5ret og frisker opp hodebunnen. Sink bidrar til \u00e5 balansere talgproduksjonen og styrker h\u00e5ret.<\/p>\n","protected":false},"featured_media":406946,"comment_status":"open","ping_status":"closed","template":"","meta":{"_trash_the_other_posts":false},"product_brand":[],"product_cat":[563],"product_tag":[3763],"berocket_brand":[1053],"class_list":{"0":"post-406948","1":"product","2":"type-product","3":"status-publish","4":"has-post-thumbnail","6":"product_cat-sjampo","7":"product_tag-paul-mitchell-clean-beauty-scalp-therapy-shampoo","8":"pa_brand-paul-mitchell","9":"pa_variant-1000ml","10":"berocket_brand-paul-mitchell","12":"first","13":"outofstock","14":"sale","15":"taxable","16":"shipping-taxable","17":"purchasable","18":"product-type-simple"},"_links":{"self":[{"href":"https:\/\/stylingagenten.com\/no\/wp-json\/wp\/v2\/product\/406948","targetHints":{"allow":["GET"]}}],"collection":[{"href":"https:\/\/stylingagenten.com\/no\/wp-json\/wp\/v2\/product"}],"about":[{"href":"https:\/\/stylingagenten.com\/no\/wp-json\/wp\/v2\/types\/product"}],"replies":[{"embeddable":true,"href":"https:\/\/stylingagenten.com\/no\/wp-json\/wp\/v2\/comments?post=406948"}],"version-history":[{"count":0,"href":"https:\/\/stylingagenten.com\/no\/wp-json\/wp\/v2\/product\/406948\/revisions"}],"wp:featuredmedia":[{"embeddable":true,"href":"https:\/\/stylingagenten.com\/no\/wp-json\/wp\/v2\/media\/406946"}],"wp:attachment":[{"href":"https:\/\/stylingagenten.com\/no\/wp-json\/wp\/v2\/media?parent=406948"}],"wp:term":[{"taxonomy":"product_brand","embeddable":true,"href":"https:\/\/stylingagenten.com\/no\/wp-json\/wp\/v2\/product_brand?post=406948"},{"taxonomy":"product_cat","embeddable":true,"href":"https:\/\/stylingagenten.com\/no\/wp-json\/wp\/v2\/product_cat?post=406948"},{"taxonomy":"product_tag","embeddable":true,"href":"https:\/\/stylingagenten.com\/no\/wp-json\/wp\/v2\/product_tag?post=406948"},{"taxonomy":"berocket_brand","embeddable":true,"href":"https:\/\/stylingagenten.com\/no\/wp-json\/wp\/v2\/berocket_brand?post=406948"}],"curies":[{"name":"wp","href":"https:\/\/api.w.org\/{rel}","templated":true}]}}