{"id":406943,"date":"2025-05-18T23:13:39","date_gmt":"2025-05-18T23:13:39","guid":{"rendered":"https:\/\/staging2.stylingagenten.com\/no\/produkt\/wella-sp-silver-blond-shampoo-250ml\/"},"modified":"2026-03-30T07:08:50","modified_gmt":"2026-03-30T07:08:50","slug":"wella-sp-silver-blond-shampoo-250ml","status":"publish","type":"product","link":"https:\/\/stylingagenten.com\/no\/produkt\/wella-sp-silver-blond-shampoo-250ml\/","title":{"rendered":"Wella SP Silver Blond Shampoo 250ml"},"content":{"rendered":"<p>SP SILVER BLOND SHAMPOO<br \/>Fremhever kj\u00f8lige nyanser i blondt h\u00e5r og bekjemper gulningseffekter. Forhindrer at h\u00e5ret t\u00f8rker ut. Formelen inneholder bl\u00e5tt pigment for \u00e5 fremheve kj\u00f8lige nyanser i blondt, bleket, kr\u00f8llete og naturlig gr\u00e5tt h\u00e5r.<\/p>\n","protected":false},"excerpt":{"rendered":"<p>SP SILVER BLOND SHAMPOOFremhever kj\u00f8lige nyanser i blondt h\u00e5r og bekjemper gulningseffekter. Forhindrer at h\u00e5ret t\u00f8rker ut. Formelen inneholder bl\u00e5tt pigment for \u00e5 fremheve kj\u00f8lige nyanser i blondt, bleket, kr\u00f8llete og naturlig gr\u00e5tt h\u00e5r.<\/p>\n","protected":false},"featured_media":406942,"comment_status":"open","ping_status":"closed","template":"","meta":{"_trash_the_other_posts":false},"product_brand":[],"product_cat":[1004,563],"product_tag":[],"berocket_brand":[1030],"class_list":{"0":"post-406943","1":"product","2":"type-product","3":"status-publish","4":"has-post-thumbnail","6":"product_cat-silverschampo","7":"product_cat-sjampo","8":"pa_brand-wella","9":"berocket_brand-wella","11":"first","12":"instock","13":"sale","14":"taxable","15":"shipping-taxable","16":"purchasable","17":"product-type-simple"},"_links":{"self":[{"href":"https:\/\/stylingagenten.com\/no\/wp-json\/wp\/v2\/product\/406943","targetHints":{"allow":["GET"]}}],"collection":[{"href":"https:\/\/stylingagenten.com\/no\/wp-json\/wp\/v2\/product"}],"about":[{"href":"https:\/\/stylingagenten.com\/no\/wp-json\/wp\/v2\/types\/product"}],"replies":[{"embeddable":true,"href":"https:\/\/stylingagenten.com\/no\/wp-json\/wp\/v2\/comments?post=406943"}],"version-history":[{"count":0,"href":"https:\/\/stylingagenten.com\/no\/wp-json\/wp\/v2\/product\/406943\/revisions"}],"wp:featuredmedia":[{"embeddable":true,"href":"https:\/\/stylingagenten.com\/no\/wp-json\/wp\/v2\/media\/406942"}],"wp:attachment":[{"href":"https:\/\/stylingagenten.com\/no\/wp-json\/wp\/v2\/media?parent=406943"}],"wp:term":[{"taxonomy":"product_brand","embeddable":true,"href":"https:\/\/stylingagenten.com\/no\/wp-json\/wp\/v2\/product_brand?post=406943"},{"taxonomy":"product_cat","embeddable":true,"href":"https:\/\/stylingagenten.com\/no\/wp-json\/wp\/v2\/product_cat?post=406943"},{"taxonomy":"product_tag","embeddable":true,"href":"https:\/\/stylingagenten.com\/no\/wp-json\/wp\/v2\/product_tag?post=406943"},{"taxonomy":"berocket_brand","embeddable":true,"href":"https:\/\/stylingagenten.com\/no\/wp-json\/wp\/v2\/berocket_brand?post=406943"}],"curies":[{"name":"wp","href":"https:\/\/api.w.org\/{rel}","templated":true}]}}