{"id":406927,"date":"2025-05-18T23:13:25","date_gmt":"2025-05-18T23:13:25","guid":{"rendered":"https:\/\/staging2.stylingagenten.com\/no\/produkt\/wella-sp-hydrate-shampoo-250ml\/"},"modified":"2026-03-11T21:49:19","modified_gmt":"2026-03-11T21:49:19","slug":"wella-sp-hydrate-shampoo-250ml","status":"publish","type":"product","link":"https:\/\/stylingagenten.com\/no\/produkt\/wella-sp-hydrate-shampoo-250ml\/","title":{"rendered":"Wella SP Hydrate Shampoo 250ml"},"content":{"rendered":"<p>SP HYDRATE SHAMPOO <br \/>fukter effektivt t\u00f8rt h\u00e5r uten \u00e5 tynge det ned. Fuktighetsgivende rengj\u00f8ringsmiddel for normalt til t\u00f8rt h\u00e5r<\/p>\n","protected":false},"excerpt":{"rendered":"<p>SP HYDRATE SHAMPOO fukter effektivt t\u00f8rt h\u00e5r uten \u00e5 tynge det ned. Fuktighetsgivende rengj\u00f8ringsmiddel for normalt til t\u00f8rt h\u00e5r<\/p>\n","protected":false},"featured_media":406926,"comment_status":"open","ping_status":"closed","template":"","meta":{"_trash_the_other_posts":false},"product_brand":[],"product_cat":[563],"product_tag":[],"berocket_brand":[1030],"class_list":{"0":"post-406927","1":"product","2":"type-product","3":"status-publish","4":"has-post-thumbnail","6":"product_cat-sjampo","7":"pa_brand-wella","8":"berocket_brand-wella","10":"first","11":"instock","12":"sale","13":"taxable","14":"shipping-taxable","15":"purchasable","16":"product-type-simple"},"_links":{"self":[{"href":"https:\/\/stylingagenten.com\/no\/wp-json\/wp\/v2\/product\/406927","targetHints":{"allow":["GET"]}}],"collection":[{"href":"https:\/\/stylingagenten.com\/no\/wp-json\/wp\/v2\/product"}],"about":[{"href":"https:\/\/stylingagenten.com\/no\/wp-json\/wp\/v2\/types\/product"}],"replies":[{"embeddable":true,"href":"https:\/\/stylingagenten.com\/no\/wp-json\/wp\/v2\/comments?post=406927"}],"version-history":[{"count":0,"href":"https:\/\/stylingagenten.com\/no\/wp-json\/wp\/v2\/product\/406927\/revisions"}],"wp:featuredmedia":[{"embeddable":true,"href":"https:\/\/stylingagenten.com\/no\/wp-json\/wp\/v2\/media\/406926"}],"wp:attachment":[{"href":"https:\/\/stylingagenten.com\/no\/wp-json\/wp\/v2\/media?parent=406927"}],"wp:term":[{"taxonomy":"product_brand","embeddable":true,"href":"https:\/\/stylingagenten.com\/no\/wp-json\/wp\/v2\/product_brand?post=406927"},{"taxonomy":"product_cat","embeddable":true,"href":"https:\/\/stylingagenten.com\/no\/wp-json\/wp\/v2\/product_cat?post=406927"},{"taxonomy":"product_tag","embeddable":true,"href":"https:\/\/stylingagenten.com\/no\/wp-json\/wp\/v2\/product_tag?post=406927"},{"taxonomy":"berocket_brand","embeddable":true,"href":"https:\/\/stylingagenten.com\/no\/wp-json\/wp\/v2\/berocket_brand?post=406927"}],"curies":[{"name":"wp","href":"https:\/\/api.w.org\/{rel}","templated":true}]}}