{"id":406917,"date":"2025-05-18T23:13:09","date_gmt":"2025-05-18T23:13:09","guid":{"rendered":"https:\/\/staging2.stylingagenten.com\/no\/produkt\/olaplex-no-4c-bond-maintenance-clarifying-shampoo-250ml\/"},"modified":"2026-04-12T11:07:32","modified_gmt":"2026-04-12T11:07:32","slug":"olaplex-no-4c-bond-maintenance-clarifying-shampoo-250ml","status":"publish","type":"product","link":"https:\/\/stylingagenten.com\/no\/produkt\/olaplex-no-4c-bond-maintenance-clarifying-shampoo-250ml\/","title":{"rendered":"Olaplex No.4C Bond Maintenance Clarifying Shampoo 250ml"},"content":{"rendered":"<p>Olaplex No.4C er en avansert dyprensende sjampo, basert p\u00e5 Olaplex sin eksklusive renseteknologi. Den gir en kraftig dyprens og fjerner produktrester og urenheter for \u00e5 skape sunnere, sunnere h\u00e5r &#8211; uten \u00e5 bli t\u00f8rt eller stripete.<\/p>\n<p>\u2022 Fjerner overflatemineraler fra hardt vann, klor, overfl\u00f8dige oljer og produktrester fra h\u00e5rskalaene etter bare \u00e9n bruk<br \/>\u2022 Fuktighetsgivende formel som etterlater h\u00e5ret rent, mykt, skinnende og levende<br \/>\u2022 Inneholder OLAPLEXs patenterte Bond-Building Technology\u2122 for \u00e5 styrke h\u00e5ret og gj\u00f8re det mer spenstig<\/p>\n<p>Bruk Olaplex 4C ukentlig , eller f\u00f8r h\u00e5rinnpakning og andre behandlinger for maksimal ytelse.<\/p>\n<p>Bruk:<br \/>P\u00e5f\u00f8r No.4C i fuktig h\u00e5r, masser inn i hodebunnen og jobb utover mot lengdene. La virke i opptil 5 minutter. Skyll grundig og avslutt med Olaplex No.5 balsam eller Olaplex No.8 h\u00e5rinnpakning.<\/p>\n","protected":false},"excerpt":{"rendered":"<p>Olaplex No.4C er en avansert dyprensende sjampo, basert p\u00e5 Olaplex sin eksklusive renseteknologi. Den gir en kraftig dyprens og fjerner produktrester og urenheter for \u00e5 skape sunnere, sunnere h\u00e5r &#8211; uten \u00e5 bli t\u00f8rt eller stripete. \u2022 Fjerner overflatemineraler fra hardt vann, klor, overfl\u00f8dige oljer og produktrester fra h\u00e5rskalaene etter bare \u00e9n bruk\u2022 Fuktighetsgivende formel [&hellip;]<\/p>\n","protected":false},"featured_media":406913,"comment_status":"open","ping_status":"closed","template":"","meta":{"_trash_the_other_posts":false},"product_brand":[],"product_cat":[1003,563],"product_tag":[3716],"berocket_brand":[1023],"class_list":{"0":"post-406917","1":"product","2":"type-product","3":"status-publish","4":"has-post-thumbnail","6":"product_cat-bestselgere","7":"product_cat-sjampo","8":"product_tag-olaplex-no-4c-bond-maintenance-clarifying-shampoo","9":"pa_brand-olaplex","10":"pa_variant-250ml","11":"berocket_brand-olaplex","13":"first","14":"instock","15":"sale","16":"taxable","17":"shipping-taxable","18":"purchasable","19":"product-type-simple"},"_links":{"self":[{"href":"https:\/\/stylingagenten.com\/no\/wp-json\/wp\/v2\/product\/406917","targetHints":{"allow":["GET"]}}],"collection":[{"href":"https:\/\/stylingagenten.com\/no\/wp-json\/wp\/v2\/product"}],"about":[{"href":"https:\/\/stylingagenten.com\/no\/wp-json\/wp\/v2\/types\/product"}],"replies":[{"embeddable":true,"href":"https:\/\/stylingagenten.com\/no\/wp-json\/wp\/v2\/comments?post=406917"}],"version-history":[{"count":0,"href":"https:\/\/stylingagenten.com\/no\/wp-json\/wp\/v2\/product\/406917\/revisions"}],"wp:featuredmedia":[{"embeddable":true,"href":"https:\/\/stylingagenten.com\/no\/wp-json\/wp\/v2\/media\/406913"}],"wp:attachment":[{"href":"https:\/\/stylingagenten.com\/no\/wp-json\/wp\/v2\/media?parent=406917"}],"wp:term":[{"taxonomy":"product_brand","embeddable":true,"href":"https:\/\/stylingagenten.com\/no\/wp-json\/wp\/v2\/product_brand?post=406917"},{"taxonomy":"product_cat","embeddable":true,"href":"https:\/\/stylingagenten.com\/no\/wp-json\/wp\/v2\/product_cat?post=406917"},{"taxonomy":"product_tag","embeddable":true,"href":"https:\/\/stylingagenten.com\/no\/wp-json\/wp\/v2\/product_tag?post=406917"},{"taxonomy":"berocket_brand","embeddable":true,"href":"https:\/\/stylingagenten.com\/no\/wp-json\/wp\/v2\/berocket_brand?post=406917"}],"curies":[{"name":"wp","href":"https:\/\/api.w.org\/{rel}","templated":true}]}}