{"id":406904,"date":"2025-05-18T23:12:48","date_gmt":"2025-05-18T23:12:48","guid":{"rendered":"https:\/\/staging2.stylingagenten.com\/no\/produkt\/milk_shake-icy-blond-conditioner-1000ml\/"},"modified":"2026-04-11T15:58:44","modified_gmt":"2026-04-11T15:58:44","slug":"milk_shake-icy-blond-conditioner-1000ml","status":"publish","type":"product","link":"https:\/\/stylingagenten.com\/no\/produkt\/milk_shake-icy-blond-conditioner-1000ml\/","title":{"rendered":"Milk_Shake Icy Blond Conditioner 1000ml"},"content":{"rendered":"<p>Icy Blond Conditioner fra Milk_shake er en balsam med et spesielt svart pigment som motvirker gule, oransje og matte toner i blondt og lyst h\u00e5r. Den myker opp h\u00e5ret og gir en fin asketone til veldig lyst h\u00e5r eller platinablondt h\u00e5r. Det bidrar til \u00e5 forlenge effekten av gr\u00e5- eller s\u00f8lvtoner. Icy Blond Conditioner inneholder melkeproteiner og druekjerneolje som gir en fin duft.<\/p>\n","protected":false},"excerpt":{"rendered":"<p>Icy Blond Conditioner fra Milk_shake er en balsam med et spesielt svart pigment som motvirker gule, oransje og matte toner i blondt og lyst h\u00e5r. Den myker opp h\u00e5ret og gir en fin asketone til veldig lyst h\u00e5r eller platinablondt h\u00e5r. Det bidrar til \u00e5 forlenge effekten av gr\u00e5- eller s\u00f8lvtoner. Icy Blond Conditioner inneholder [&hellip;]<\/p>\n","protected":false},"featured_media":406902,"comment_status":"open","ping_status":"closed","template":"","meta":{"_trash_the_other_posts":false},"product_brand":[],"product_cat":[1003,563],"product_tag":[3570],"berocket_brand":[1085],"class_list":{"0":"post-406904","1":"product","2":"type-product","3":"status-publish","4":"has-post-thumbnail","6":"product_cat-bestselgere","7":"product_cat-sjampo","8":"product_tag-milk_shake-icy-blond-conditioner","9":"pa_brand-milk_shake","10":"pa_variant-1000ml","11":"berocket_brand-milk_shake","13":"first","14":"instock","15":"sale","16":"taxable","17":"shipping-taxable","18":"purchasable","19":"product-type-simple"},"_links":{"self":[{"href":"https:\/\/stylingagenten.com\/no\/wp-json\/wp\/v2\/product\/406904","targetHints":{"allow":["GET"]}}],"collection":[{"href":"https:\/\/stylingagenten.com\/no\/wp-json\/wp\/v2\/product"}],"about":[{"href":"https:\/\/stylingagenten.com\/no\/wp-json\/wp\/v2\/types\/product"}],"replies":[{"embeddable":true,"href":"https:\/\/stylingagenten.com\/no\/wp-json\/wp\/v2\/comments?post=406904"}],"version-history":[{"count":0,"href":"https:\/\/stylingagenten.com\/no\/wp-json\/wp\/v2\/product\/406904\/revisions"}],"wp:featuredmedia":[{"embeddable":true,"href":"https:\/\/stylingagenten.com\/no\/wp-json\/wp\/v2\/media\/406902"}],"wp:attachment":[{"href":"https:\/\/stylingagenten.com\/no\/wp-json\/wp\/v2\/media?parent=406904"}],"wp:term":[{"taxonomy":"product_brand","embeddable":true,"href":"https:\/\/stylingagenten.com\/no\/wp-json\/wp\/v2\/product_brand?post=406904"},{"taxonomy":"product_cat","embeddable":true,"href":"https:\/\/stylingagenten.com\/no\/wp-json\/wp\/v2\/product_cat?post=406904"},{"taxonomy":"product_tag","embeddable":true,"href":"https:\/\/stylingagenten.com\/no\/wp-json\/wp\/v2\/product_tag?post=406904"},{"taxonomy":"berocket_brand","embeddable":true,"href":"https:\/\/stylingagenten.com\/no\/wp-json\/wp\/v2\/berocket_brand?post=406904"}],"curies":[{"name":"wp","href":"https:\/\/api.w.org\/{rel}","templated":true}]}}