{"id":406898,"date":"2025-05-18T23:12:39","date_gmt":"2025-05-18T23:12:39","guid":{"rendered":"https:\/\/staging2.stylingagenten.com\/no\/produkt\/orofluido-radiance-argan-shampoo-240ml\/"},"modified":"2026-03-11T21:45:51","modified_gmt":"2026-03-11T21:45:51","slug":"orofluido-radiance-argan-shampoo-240ml","status":"publish","type":"product","link":"https:\/\/stylingagenten.com\/no\/produkt\/orofluido-radiance-argan-shampoo-240ml\/","title":{"rendered":"Orofluido Radiance Argan Shampoo 240ml"},"content":{"rendered":"<p>Radiance Argan Shampoo er en vegansk sjampo som myker h\u00e5ret og tilf\u00f8rer fuktighet og glans. Den nye og forbedrede formelen med organisk arganolje gj\u00f8r h\u00e5ret mykere enn noen gang. Fargesikker.<\/p>\n","protected":false},"excerpt":{"rendered":"<p>Radiance Argan Shampoo er en vegansk sjampo som myker h\u00e5ret og tilf\u00f8rer fuktighet og glans. Den nye og forbedrede formelen med organisk arganolje gj\u00f8r h\u00e5ret mykere enn noen gang. Fargesikker.<\/p>\n","protected":false},"featured_media":406897,"comment_status":"open","ping_status":"closed","template":"","meta":{"_trash_the_other_posts":false},"product_brand":[],"product_cat":[563],"product_tag":[],"berocket_brand":[1045],"class_list":{"0":"post-406898","1":"product","2":"type-product","3":"status-publish","4":"has-post-thumbnail","6":"product_cat-sjampo","7":"pa_brand-orofluido","8":"berocket_brand-orofluido","10":"first","11":"instock","12":"sale","13":"taxable","14":"shipping-taxable","15":"purchasable","16":"product-type-simple"},"_links":{"self":[{"href":"https:\/\/stylingagenten.com\/no\/wp-json\/wp\/v2\/product\/406898","targetHints":{"allow":["GET"]}}],"collection":[{"href":"https:\/\/stylingagenten.com\/no\/wp-json\/wp\/v2\/product"}],"about":[{"href":"https:\/\/stylingagenten.com\/no\/wp-json\/wp\/v2\/types\/product"}],"replies":[{"embeddable":true,"href":"https:\/\/stylingagenten.com\/no\/wp-json\/wp\/v2\/comments?post=406898"}],"version-history":[{"count":0,"href":"https:\/\/stylingagenten.com\/no\/wp-json\/wp\/v2\/product\/406898\/revisions"}],"wp:featuredmedia":[{"embeddable":true,"href":"https:\/\/stylingagenten.com\/no\/wp-json\/wp\/v2\/media\/406897"}],"wp:attachment":[{"href":"https:\/\/stylingagenten.com\/no\/wp-json\/wp\/v2\/media?parent=406898"}],"wp:term":[{"taxonomy":"product_brand","embeddable":true,"href":"https:\/\/stylingagenten.com\/no\/wp-json\/wp\/v2\/product_brand?post=406898"},{"taxonomy":"product_cat","embeddable":true,"href":"https:\/\/stylingagenten.com\/no\/wp-json\/wp\/v2\/product_cat?post=406898"},{"taxonomy":"product_tag","embeddable":true,"href":"https:\/\/stylingagenten.com\/no\/wp-json\/wp\/v2\/product_tag?post=406898"},{"taxonomy":"berocket_brand","embeddable":true,"href":"https:\/\/stylingagenten.com\/no\/wp-json\/wp\/v2\/berocket_brand?post=406898"}],"curies":[{"name":"wp","href":"https:\/\/api.w.org\/{rel}","templated":true}]}}