{"id":406893,"date":"2025-05-18T23:12:32","date_gmt":"2025-05-18T23:12:32","guid":{"rendered":"https:\/\/staging2.stylingagenten.com\/no\/produkt\/milk_shake-volume-solution-shampoo-1000ml\/"},"modified":"2026-04-15T05:19:33","modified_gmt":"2026-04-15T05:19:33","slug":"milk_shake-volume-solution-shampoo-1000ml","status":"publish","type":"product","link":"https:\/\/stylingagenten.com\/no\/produkt\/milk_shake-volume-solution-shampoo-1000ml\/","title":{"rendered":"Milk_Shake Volume Solution Shampoo 1000ml"},"content":{"rendered":"<p>En sjampo utviklet for \u00e5 gi volum og struktur uten \u00e5 tynge h\u00e5ret. Renser sk\u00e5nsomt med sin spesifikke formel som inneholder verdifulle sukkerderivater som forvandler h\u00e5ret og gir det fylde.<\/p>\n<p>Bruk:<br \/>Fordel jevnt over fuktig h\u00e5r, skum og skyll. Gjenta om n\u00f8dvendig. Fortsett med milk_shake volumiserende balsam.<\/p>\n","protected":false},"excerpt":{"rendered":"<p>En sjampo utviklet for \u00e5 gi volum og struktur uten \u00e5 tynge h\u00e5ret. Renser sk\u00e5nsomt med sin spesifikke formel som inneholder verdifulle sukkerderivater som forvandler h\u00e5ret og gir det fylde. Bruk:Fordel jevnt over fuktig h\u00e5r, skum og skyll. Gjenta om n\u00f8dvendig. Fortsett med milk_shake volumiserende balsam.<\/p>\n","protected":false},"featured_media":406892,"comment_status":"open","ping_status":"closed","template":"","meta":{"_trash_the_other_posts":false},"product_brand":[],"product_cat":[1003,563],"product_tag":[3575],"berocket_brand":[1085],"class_list":{"0":"post-406893","1":"product","2":"type-product","3":"status-publish","4":"has-post-thumbnail","6":"product_cat-bestselgere","7":"product_cat-sjampo","8":"product_tag-milk_shake-volume-solution-shampoo","9":"pa_brand-milk_shake","10":"pa_variant-1000ml","11":"berocket_brand-milk_shake","13":"first","14":"instock","15":"sale","16":"taxable","17":"shipping-taxable","18":"purchasable","19":"product-type-simple"},"_links":{"self":[{"href":"https:\/\/stylingagenten.com\/no\/wp-json\/wp\/v2\/product\/406893","targetHints":{"allow":["GET"]}}],"collection":[{"href":"https:\/\/stylingagenten.com\/no\/wp-json\/wp\/v2\/product"}],"about":[{"href":"https:\/\/stylingagenten.com\/no\/wp-json\/wp\/v2\/types\/product"}],"replies":[{"embeddable":true,"href":"https:\/\/stylingagenten.com\/no\/wp-json\/wp\/v2\/comments?post=406893"}],"version-history":[{"count":0,"href":"https:\/\/stylingagenten.com\/no\/wp-json\/wp\/v2\/product\/406893\/revisions"}],"wp:featuredmedia":[{"embeddable":true,"href":"https:\/\/stylingagenten.com\/no\/wp-json\/wp\/v2\/media\/406892"}],"wp:attachment":[{"href":"https:\/\/stylingagenten.com\/no\/wp-json\/wp\/v2\/media?parent=406893"}],"wp:term":[{"taxonomy":"product_brand","embeddable":true,"href":"https:\/\/stylingagenten.com\/no\/wp-json\/wp\/v2\/product_brand?post=406893"},{"taxonomy":"product_cat","embeddable":true,"href":"https:\/\/stylingagenten.com\/no\/wp-json\/wp\/v2\/product_cat?post=406893"},{"taxonomy":"product_tag","embeddable":true,"href":"https:\/\/stylingagenten.com\/no\/wp-json\/wp\/v2\/product_tag?post=406893"},{"taxonomy":"berocket_brand","embeddable":true,"href":"https:\/\/stylingagenten.com\/no\/wp-json\/wp\/v2\/berocket_brand?post=406893"}],"curies":[{"name":"wp","href":"https:\/\/api.w.org\/{rel}","templated":true}]}}