{"id":406867,"date":"2025-05-18T23:11:22","date_gmt":"2025-05-18T23:11:22","guid":{"rendered":"https:\/\/staging2.stylingagenten.com\/no\/produkt\/maria-nila-pure-volume-shampoo-350ml\/"},"modified":"2026-03-16T13:48:05","modified_gmt":"2026-03-16T13:48:05","slug":"maria-nila-pure-volume-shampoo-350ml","status":"publish","type":"product","link":"https:\/\/stylingagenten.com\/no\/produkt\/maria-nila-pure-volume-shampoo-350ml\/","title":{"rendered":"Maria Nila Pure Volume Shampoo 350ml"},"content":{"rendered":"<p>En volumgivende sjampo utviklet for de som \u00f8nsker et tykkere og fyldigere resultat samtidig som den styrker h\u00e5rets struktur. Pure Volume Shampoo inneholder Pro-Vitamin B5 som gir langvarig volum, elastisitet og fuktighetsbevaring. Sjampoen har en frisk og floral duft av neroli, sitron og hyasint for en forfriskende f\u00f8lelse. Fargebevaring Colour Guard Complex beskytter h\u00e5ret mot UV-str\u00e5ling og frie radikaler.<\/p>\n<p>\u2022For tynt og fint h\u00e5r<br \/>\u2022Volumgivende og styrkende<br \/>\u2022Med Provitamin B5<br \/>\u2022100 % vegansk &amp; dyrevennlig<br \/>\u2022Klimakompensert emballasje<\/p>\n","protected":false},"excerpt":{"rendered":"<p>En volumgivende sjampo utviklet for de som \u00f8nsker et tykkere og fyldigere resultat samtidig som den styrker h\u00e5rets struktur. Pure Volume Shampoo inneholder Pro-Vitamin B5 som gir langvarig volum, elastisitet og fuktighetsbevaring. Sjampoen har en frisk og floral duft av neroli, sitron og hyasint for en forfriskende f\u00f8lelse. Fargebevaring Colour Guard Complex beskytter h\u00e5ret mot [&hellip;]<\/p>\n","protected":false},"featured_media":406860,"comment_status":"open","ping_status":"closed","template":"","meta":{"_trash_the_other_posts":false},"product_brand":[],"product_cat":[563],"product_tag":[3415],"berocket_brand":[1388],"class_list":{"0":"post-406867","1":"product","2":"type-product","3":"status-publish","4":"has-post-thumbnail","6":"product_cat-sjampo","7":"product_tag-maria-nila-pure-volume-shampoo","8":"pa_brand-maria-nila","9":"pa_variant-350ml","10":"berocket_brand-maria-nila","12":"first","13":"instock","14":"taxable","15":"shipping-taxable","16":"purchasable","17":"product-type-simple"},"_links":{"self":[{"href":"https:\/\/stylingagenten.com\/no\/wp-json\/wp\/v2\/product\/406867","targetHints":{"allow":["GET"]}}],"collection":[{"href":"https:\/\/stylingagenten.com\/no\/wp-json\/wp\/v2\/product"}],"about":[{"href":"https:\/\/stylingagenten.com\/no\/wp-json\/wp\/v2\/types\/product"}],"replies":[{"embeddable":true,"href":"https:\/\/stylingagenten.com\/no\/wp-json\/wp\/v2\/comments?post=406867"}],"version-history":[{"count":0,"href":"https:\/\/stylingagenten.com\/no\/wp-json\/wp\/v2\/product\/406867\/revisions"}],"wp:featuredmedia":[{"embeddable":true,"href":"https:\/\/stylingagenten.com\/no\/wp-json\/wp\/v2\/media\/406860"}],"wp:attachment":[{"href":"https:\/\/stylingagenten.com\/no\/wp-json\/wp\/v2\/media?parent=406867"}],"wp:term":[{"taxonomy":"product_brand","embeddable":true,"href":"https:\/\/stylingagenten.com\/no\/wp-json\/wp\/v2\/product_brand?post=406867"},{"taxonomy":"product_cat","embeddable":true,"href":"https:\/\/stylingagenten.com\/no\/wp-json\/wp\/v2\/product_cat?post=406867"},{"taxonomy":"product_tag","embeddable":true,"href":"https:\/\/stylingagenten.com\/no\/wp-json\/wp\/v2\/product_tag?post=406867"},{"taxonomy":"berocket_brand","embeddable":true,"href":"https:\/\/stylingagenten.com\/no\/wp-json\/wp\/v2\/berocket_brand?post=406867"}],"curies":[{"name":"wp","href":"https:\/\/api.w.org\/{rel}","templated":true}]}}