{"id":406861,"date":"2025-05-18T23:11:20","date_gmt":"2025-05-18T23:11:20","guid":{"rendered":"https:\/\/staging2.stylingagenten.com\/no\/produkt\/maria-nila-luminous-colour-shampoo-350ml\/"},"modified":"2026-03-11T21:54:03","modified_gmt":"2026-03-11T21:54:03","slug":"maria-nila-luminous-colour-shampoo-350ml","status":"publish","type":"product","link":"https:\/\/stylingagenten.com\/no\/produkt\/maria-nila-luminous-colour-shampoo-350ml\/","title":{"rendered":"Maria Nila Luminous Colour Shampoo 350ml"},"content":{"rendered":"<p>En fargebevarende sjampo med fuktighetsgivende granatepleekstrakt og Color Guard Complex som styrker h\u00e5ret og bevarer h\u00e5rfargen din samtidig som den tilf\u00f8rer glans og glans. Luminous Color Shampoo har en fruktig duft av eple, bj\u00f8rneb\u00e6r og fersken.<\/p>\n<p>Gir glans og glans<br \/>Fuktighetsgivende granatepleekstrakt<br \/>Fargebevaring<br \/>100 % vegansk &amp; dyrevennlig<br \/>Klimakompensert emballasje<\/p>\n","protected":false},"excerpt":{"rendered":"<p>En fargebevarende sjampo med fuktighetsgivende granatepleekstrakt og Color Guard Complex som styrker h\u00e5ret og bevarer h\u00e5rfargen din samtidig som den tilf\u00f8rer glans og glans. Luminous Color Shampoo har en fruktig duft av eple, bj\u00f8rneb\u00e6r og fersken. Gir glans og glansFuktighetsgivende granatepleekstraktFargebevaring100 % vegansk &amp; dyrevennligKlimakompensert emballasje<\/p>\n","protected":false},"featured_media":406852,"comment_status":"open","ping_status":"closed","template":"","meta":{"_trash_the_other_posts":false},"product_brand":[],"product_cat":[1003,563],"product_tag":[3409],"berocket_brand":[1388],"class_list":{"0":"post-406861","1":"product","2":"type-product","3":"status-publish","4":"has-post-thumbnail","6":"product_cat-bestselgere","7":"product_cat-sjampo","8":"product_tag-maria-nila-luminous-colour-shampoo","9":"pa_brand-maria-nila","10":"pa_variant-350ml","11":"berocket_brand-maria-nila","13":"first","14":"instock","15":"taxable","16":"shipping-taxable","17":"purchasable","18":"product-type-simple"},"_links":{"self":[{"href":"https:\/\/stylingagenten.com\/no\/wp-json\/wp\/v2\/product\/406861","targetHints":{"allow":["GET"]}}],"collection":[{"href":"https:\/\/stylingagenten.com\/no\/wp-json\/wp\/v2\/product"}],"about":[{"href":"https:\/\/stylingagenten.com\/no\/wp-json\/wp\/v2\/types\/product"}],"replies":[{"embeddable":true,"href":"https:\/\/stylingagenten.com\/no\/wp-json\/wp\/v2\/comments?post=406861"}],"version-history":[{"count":0,"href":"https:\/\/stylingagenten.com\/no\/wp-json\/wp\/v2\/product\/406861\/revisions"}],"wp:featuredmedia":[{"embeddable":true,"href":"https:\/\/stylingagenten.com\/no\/wp-json\/wp\/v2\/media\/406852"}],"wp:attachment":[{"href":"https:\/\/stylingagenten.com\/no\/wp-json\/wp\/v2\/media?parent=406861"}],"wp:term":[{"taxonomy":"product_brand","embeddable":true,"href":"https:\/\/stylingagenten.com\/no\/wp-json\/wp\/v2\/product_brand?post=406861"},{"taxonomy":"product_cat","embeddable":true,"href":"https:\/\/stylingagenten.com\/no\/wp-json\/wp\/v2\/product_cat?post=406861"},{"taxonomy":"product_tag","embeddable":true,"href":"https:\/\/stylingagenten.com\/no\/wp-json\/wp\/v2\/product_tag?post=406861"},{"taxonomy":"berocket_brand","embeddable":true,"href":"https:\/\/stylingagenten.com\/no\/wp-json\/wp\/v2\/berocket_brand?post=406861"}],"curies":[{"name":"wp","href":"https:\/\/api.w.org\/{rel}","templated":true}]}}