{"id":406840,"date":"2025-05-18T23:11:17","date_gmt":"2025-05-18T23:11:17","guid":{"rendered":"https:\/\/staging2.stylingagenten.com\/no\/produkt\/maria-nila-head-hair-heal-shampoo-100ml\/"},"modified":"2026-03-11T21:47:40","modified_gmt":"2026-03-11T21:47:40","slug":"maria-nila-head-hair-heal-shampoo-100ml","status":"publish","type":"product","link":"https:\/\/stylingagenten.com\/no\/produkt\/maria-nila-head-hair-heal-shampoo-100ml\/","title":{"rendered":"Maria Nila Head &amp; Hair Heal Shampoo 100ml"},"content":{"rendered":"<p>En h\u00e5rvekststimulerende sjampo med naturlig beroligende aloe vera-ekstrakt og Piroctone Olamine som forebygger flass og behandler hodebunnsproblemer. Head &amp; Hair Heal Shampoo stimulerer h\u00e5rsekkene og \u00f8ker h\u00e5rproduksjonen og forhindrer h\u00e5rtap. Head &amp; Heal-serien inneholder en allergenfri parfyme som er utviklet for ekstra sensitiv hud og har en blomsterduft av hvit sjasmin, galbanum og lindeblomst. Fargebevaring Color Guard Complex beskytter h\u00e5ret mot UV-str\u00e5ling og frie radikaler.<\/p>\n","protected":false},"excerpt":{"rendered":"<p>En h\u00e5rvekststimulerende sjampo med naturlig beroligende aloe vera-ekstrakt og Piroctone Olamine som forebygger flass og behandler hodebunnsproblemer. Head &amp; Hair Heal Shampoo stimulerer h\u00e5rsekkene og \u00f8ker h\u00e5rproduksjonen og forhindrer h\u00e5rtap. Head &amp; Heal-serien inneholder en allergenfri parfyme som er utviklet for ekstra sensitiv hud og har en blomsterduft av hvit sjasmin, galbanum og lindeblomst. Fargebevaring [&hellip;]<\/p>\n","protected":false},"featured_media":406833,"comment_status":"open","ping_status":"closed","template":"","meta":{"_trash_the_other_posts":false},"product_brand":[],"product_cat":[563],"product_tag":[3406],"berocket_brand":[1388],"class_list":{"0":"post-406840","1":"product","2":"type-product","3":"status-publish","4":"has-post-thumbnail","6":"product_cat-sjampo","7":"product_tag-maria-nila-head-hair-heal-shampoo","8":"pa_brand-maria-nila","9":"pa_variant-100ml","10":"berocket_brand-maria-nila","12":"first","13":"instock","14":"taxable","15":"shipping-taxable","16":"purchasable","17":"product-type-simple"},"_links":{"self":[{"href":"https:\/\/stylingagenten.com\/no\/wp-json\/wp\/v2\/product\/406840","targetHints":{"allow":["GET"]}}],"collection":[{"href":"https:\/\/stylingagenten.com\/no\/wp-json\/wp\/v2\/product"}],"about":[{"href":"https:\/\/stylingagenten.com\/no\/wp-json\/wp\/v2\/types\/product"}],"replies":[{"embeddable":true,"href":"https:\/\/stylingagenten.com\/no\/wp-json\/wp\/v2\/comments?post=406840"}],"version-history":[{"count":0,"href":"https:\/\/stylingagenten.com\/no\/wp-json\/wp\/v2\/product\/406840\/revisions"}],"wp:featuredmedia":[{"embeddable":true,"href":"https:\/\/stylingagenten.com\/no\/wp-json\/wp\/v2\/media\/406833"}],"wp:attachment":[{"href":"https:\/\/stylingagenten.com\/no\/wp-json\/wp\/v2\/media?parent=406840"}],"wp:term":[{"taxonomy":"product_brand","embeddable":true,"href":"https:\/\/stylingagenten.com\/no\/wp-json\/wp\/v2\/product_brand?post=406840"},{"taxonomy":"product_cat","embeddable":true,"href":"https:\/\/stylingagenten.com\/no\/wp-json\/wp\/v2\/product_cat?post=406840"},{"taxonomy":"product_tag","embeddable":true,"href":"https:\/\/stylingagenten.com\/no\/wp-json\/wp\/v2\/product_tag?post=406840"},{"taxonomy":"berocket_brand","embeddable":true,"href":"https:\/\/stylingagenten.com\/no\/wp-json\/wp\/v2\/berocket_brand?post=406840"}],"curies":[{"name":"wp","href":"https:\/\/api.w.org\/{rel}","templated":true}]}}