{"id":406830,"date":"2025-05-18T23:11:16","date_gmt":"2025-05-18T23:11:16","guid":{"rendered":"https:\/\/staging2.stylingagenten.com\/no\/produkt\/maria-nila-sheer-silver-shampoo-1000ml\/"},"modified":"2026-03-11T22:00:27","modified_gmt":"2026-03-11T22:00:27","slug":"maria-nila-sheer-silver-shampoo-1000ml","status":"publish","type":"product","link":"https:\/\/stylingagenten.com\/no\/produkt\/maria-nila-sheer-silver-shampoo-1000ml\/","title":{"rendered":"Maria Nila Sheer Silver Shampoo 1000ml"},"content":{"rendered":"<p>En s\u00f8lvsjampo med fiolette pigmenter og bj\u00f8rneb\u00e6rekstrakt som n\u00f8ytraliserer gylne toner i blondt, hvitt og gr\u00e5tt h\u00e5r. Sheer Silver Shampoo styrker h\u00e5rstrukturen samtidig som den gir en levende glans. Sjampoen har en fruktig og floral duft med hint av sjasmin, appelsin og grapefrukt.<\/p>\n<p>N\u00f8ytraliserer gylne toner<br \/>F\u00e5r frem kj\u00f8ligere toner i h\u00e5ret<br \/>Bj\u00f8rneb\u00e6rekstrakt gir glans<br \/>100 % vegansk og amp ; dyrevennlig<br \/>Klimakompensert emballasje<\/p>\n","protected":false},"excerpt":{"rendered":"<p>En s\u00f8lvsjampo med fiolette pigmenter og bj\u00f8rneb\u00e6rekstrakt som n\u00f8ytraliserer gylne toner i blondt, hvitt og gr\u00e5tt h\u00e5r. Sheer Silver Shampoo styrker h\u00e5rstrukturen samtidig som den gir en levende glans. Sjampoen har en fruktig og floral duft med hint av sjasmin, appelsin og grapefrukt. N\u00f8ytraliserer gylne tonerF\u00e5r frem kj\u00f8ligere toner i h\u00e5retBj\u00f8rneb\u00e6rekstrakt gir glans100 % vegansk [&hellip;]<\/p>\n","protected":false},"featured_media":406818,"comment_status":"open","ping_status":"closed","template":"","meta":{"_trash_the_other_posts":false},"product_brand":[],"product_cat":[1004,563],"product_tag":[3418],"berocket_brand":[1388],"class_list":{"0":"post-406830","1":"product","2":"type-product","3":"status-publish","4":"has-post-thumbnail","6":"product_cat-silverschampo","7":"product_cat-sjampo","8":"product_tag-maria-nila-sheer-silver-shampoo","9":"pa_brand-maria-nila","10":"pa_variant-1000ml","11":"berocket_brand-maria-nila","13":"first","14":"instock","15":"sale","16":"taxable","17":"shipping-taxable","18":"purchasable","19":"product-type-simple"},"_links":{"self":[{"href":"https:\/\/stylingagenten.com\/no\/wp-json\/wp\/v2\/product\/406830","targetHints":{"allow":["GET"]}}],"collection":[{"href":"https:\/\/stylingagenten.com\/no\/wp-json\/wp\/v2\/product"}],"about":[{"href":"https:\/\/stylingagenten.com\/no\/wp-json\/wp\/v2\/types\/product"}],"replies":[{"embeddable":true,"href":"https:\/\/stylingagenten.com\/no\/wp-json\/wp\/v2\/comments?post=406830"}],"version-history":[{"count":0,"href":"https:\/\/stylingagenten.com\/no\/wp-json\/wp\/v2\/product\/406830\/revisions"}],"wp:featuredmedia":[{"embeddable":true,"href":"https:\/\/stylingagenten.com\/no\/wp-json\/wp\/v2\/media\/406818"}],"wp:attachment":[{"href":"https:\/\/stylingagenten.com\/no\/wp-json\/wp\/v2\/media?parent=406830"}],"wp:term":[{"taxonomy":"product_brand","embeddable":true,"href":"https:\/\/stylingagenten.com\/no\/wp-json\/wp\/v2\/product_brand?post=406830"},{"taxonomy":"product_cat","embeddable":true,"href":"https:\/\/stylingagenten.com\/no\/wp-json\/wp\/v2\/product_cat?post=406830"},{"taxonomy":"product_tag","embeddable":true,"href":"https:\/\/stylingagenten.com\/no\/wp-json\/wp\/v2\/product_tag?post=406830"},{"taxonomy":"berocket_brand","embeddable":true,"href":"https:\/\/stylingagenten.com\/no\/wp-json\/wp\/v2\/berocket_brand?post=406830"}],"curies":[{"name":"wp","href":"https:\/\/api.w.org\/{rel}","templated":true}]}}