{"id":406786,"date":"2025-05-18T23:11:08","date_gmt":"2025-05-18T23:11:08","guid":{"rendered":"https:\/\/staging2.stylingagenten.com\/no\/produkt\/joico-blonde-life-violet-shampoo-1000ml\/"},"modified":"2026-04-10T10:28:32","modified_gmt":"2026-04-10T10:28:32","slug":"joico-blonde-life-violet-shampoo-1000ml","status":"publish","type":"product","link":"https:\/\/stylingagenten.com\/no\/produkt\/joico-blonde-life-violet-shampoo-1000ml\/","title":{"rendered":"Joico Blonde Life Violet Shampoo 1000ml"},"content":{"rendered":"<p>Bevar dine kule toner med Blonde Life Violet Shampoo. En rik skummende sulfatfri sjampo som \u00f8yeblikkelig n\u00f8ytraliserer u\u00f8nskede varme og gule toner, og holder blondt h\u00e5r kj\u00f8lig.<\/p>\n<p>HVORFOR DU VIL ELSKE DET:<br \/>Sulfatfri<br \/>Rikt skum som sk\u00e5nsomt renser h\u00e5ret<br \/> Litt \u00f8kt pH-verdi gj\u00f8r at fargepigmentene lettere trenger inn i h\u00e5ret<br \/>N\u00f8ytraliserer u\u00f8nskede varme og gule toner<br \/>Forhindrer utseendet av gule toner<br \/>Bevarer kalde og klare toner i kalde, blonde farger<br \/> Pleier og beskytter<\/p>\n<p>BRUK<br \/>P\u00e5f\u00f8res i v\u00e5tt h\u00e5r. Skum. La virke i 1-3 minutter. Skyll og f\u00f8lg med Blonde Life Violet Conditioner for optimale resultater og for \u00e5 forsegle de kj\u00f8lige pigmentene.<br \/>Bruk 2-3 ganger i uken for \u00e5 opprettholde kj\u00f8lige toner.<\/p>\n","protected":false},"excerpt":{"rendered":"<p>Bevar dine kule toner med Blonde Life Violet Shampoo. En rik skummende sulfatfri sjampo som \u00f8yeblikkelig n\u00f8ytraliserer u\u00f8nskede varme og gule toner, og holder blondt h\u00e5r kj\u00f8lig. HVORFOR DU VIL ELSKE DET:SulfatfriRikt skum som sk\u00e5nsomt renser h\u00e5ret Litt \u00f8kt pH-verdi gj\u00f8r at fargepigmentene lettere trenger inn i h\u00e5retN\u00f8ytraliserer u\u00f8nskede varme og gule tonerForhindrer utseendet av [&hellip;]<\/p>\n","protected":false},"featured_media":406785,"comment_status":"open","ping_status":"closed","template":"","meta":{"_trash_the_other_posts":false},"product_brand":[],"product_cat":[1003,1004,563],"product_tag":[3055],"berocket_brand":[1372],"class_list":{"0":"post-406786","1":"product","2":"type-product","3":"status-publish","4":"has-post-thumbnail","6":"product_cat-bestselgere","7":"product_cat-silverschampo","8":"product_cat-sjampo","9":"product_tag-joico-blonde-life-violet-shampoo","10":"pa_brand-joico","11":"pa_variant-1000ml","12":"berocket_brand-joico","14":"first","15":"outofstock","16":"sale","17":"taxable","18":"shipping-taxable","19":"purchasable","20":"product-type-simple"},"_links":{"self":[{"href":"https:\/\/stylingagenten.com\/no\/wp-json\/wp\/v2\/product\/406786","targetHints":{"allow":["GET"]}}],"collection":[{"href":"https:\/\/stylingagenten.com\/no\/wp-json\/wp\/v2\/product"}],"about":[{"href":"https:\/\/stylingagenten.com\/no\/wp-json\/wp\/v2\/types\/product"}],"replies":[{"embeddable":true,"href":"https:\/\/stylingagenten.com\/no\/wp-json\/wp\/v2\/comments?post=406786"}],"version-history":[{"count":0,"href":"https:\/\/stylingagenten.com\/no\/wp-json\/wp\/v2\/product\/406786\/revisions"}],"wp:featuredmedia":[{"embeddable":true,"href":"https:\/\/stylingagenten.com\/no\/wp-json\/wp\/v2\/media\/406785"}],"wp:attachment":[{"href":"https:\/\/stylingagenten.com\/no\/wp-json\/wp\/v2\/media?parent=406786"}],"wp:term":[{"taxonomy":"product_brand","embeddable":true,"href":"https:\/\/stylingagenten.com\/no\/wp-json\/wp\/v2\/product_brand?post=406786"},{"taxonomy":"product_cat","embeddable":true,"href":"https:\/\/stylingagenten.com\/no\/wp-json\/wp\/v2\/product_cat?post=406786"},{"taxonomy":"product_tag","embeddable":true,"href":"https:\/\/stylingagenten.com\/no\/wp-json\/wp\/v2\/product_tag?post=406786"},{"taxonomy":"berocket_brand","embeddable":true,"href":"https:\/\/stylingagenten.com\/no\/wp-json\/wp\/v2\/berocket_brand?post=406786"}],"curies":[{"name":"wp","href":"https:\/\/api.w.org\/{rel}","templated":true}]}}