{"id":406765,"date":"2025-05-18T23:11:04","date_gmt":"2025-05-18T23:11:04","guid":{"rendered":"https:\/\/staging2.stylingagenten.com\/no\/produkt\/loreal-professionnel-curl-expression-anti-buildup-cleansing-jelly-shampoo-300ml\/"},"modified":"2026-03-11T21:50:23","modified_gmt":"2026-03-11T21:50:23","slug":"loreal-professionnel-curl-expression-anti-buildup-cleansing-jelly-shampoo-300ml","status":"publish","type":"product","link":"https:\/\/stylingagenten.com\/no\/produkt\/loreal-professionnel-curl-expression-anti-buildup-cleansing-jelly-shampoo-300ml\/","title":{"rendered":"L&#8217;Oreal Professionnel Curl Expression Anti-Buildup Cleansing Jelly Shampoo 300ml"},"content":{"rendered":"<p>L&#8217;Oreal Professionnel Curl Expression Anti-Buildup Cleansing Jelly Shampoo 300ml<br \/>Eiere av kr\u00f8llete h\u00e5r vet hvor vanskelig det er \u00e5 finne en sjampo som f\u00e5r h\u00e5ret til \u00e5 se velstelt og vakkert ut. L&#8217;Oreal Professionnel har svart p\u00e5 denne utfordringen ved \u00e5 utvikle en rensende gelsjampo som sk\u00e5nsomt og effektivt pleier hvert lokk. Den vasker sk\u00e5nsomt bort urenheter som samles opp i l\u00f8pet av dagen uten \u00e5 for\u00e5rsake kl\u00f8e eller skade h\u00e5ret.<br \/>Fordeler med L&#8217;Oreal Professionnel Gel Cleansing Shampoo for kr\u00f8llete h\u00e5r:<br \/>&#8211; gir dyp rengj\u00f8ring av h\u00e5ret, fjerner perfekt urenheter og rester av stylingprodukter ;<br \/>&#8211; inneholder vegetabilsk glyserin og urea, som gir langvarig hydrering, forhindrer at h\u00e5ret t\u00f8rker ut og g\u00e5r i stykker;<br \/>&#8211; takket v\u00e6re tilstedev\u00e6relsen av hibiskusfr\u00f8, metter det kr\u00f8ller med verdifulle aminosyrer og vitaminer; <br \/>&#8211; har en gelatin\u00f8s tekstur, trenger lett inn i tr\u00e5dene og skummer raskt;<br \/>&#8211; har en behagelig duft med hint av blomster, sedertre og forfriskende havbris.<\/p>\n","protected":false},"excerpt":{"rendered":"<p>L&#8217;Oreal Professionnel Curl Expression Anti-Buildup Cleansing Jelly Shampoo 300mlEiere av kr\u00f8llete h\u00e5r vet hvor vanskelig det er \u00e5 finne en sjampo som f\u00e5r h\u00e5ret til \u00e5 se velstelt og vakkert ut. L&#8217;Oreal Professionnel har svart p\u00e5 denne utfordringen ved \u00e5 utvikle en rensende gelsjampo som sk\u00e5nsomt og effektivt pleier hvert lokk. Den vasker sk\u00e5nsomt bort [&hellip;]<\/p>\n","protected":false},"featured_media":406764,"comment_status":"open","ping_status":"closed","template":"","meta":{"_trash_the_other_posts":false},"product_brand":[],"product_cat":[563],"product_tag":[],"berocket_brand":[2001],"class_list":{"0":"post-406765","1":"product","2":"type-product","3":"status-publish","4":"has-post-thumbnail","6":"product_cat-sjampo","7":"pa_brand-loreal-paris","8":"berocket_brand-loreal-paris","10":"first","11":"instock","12":"sale","13":"taxable","14":"shipping-taxable","15":"purchasable","16":"product-type-simple"},"_links":{"self":[{"href":"https:\/\/stylingagenten.com\/no\/wp-json\/wp\/v2\/product\/406765","targetHints":{"allow":["GET"]}}],"collection":[{"href":"https:\/\/stylingagenten.com\/no\/wp-json\/wp\/v2\/product"}],"about":[{"href":"https:\/\/stylingagenten.com\/no\/wp-json\/wp\/v2\/types\/product"}],"replies":[{"embeddable":true,"href":"https:\/\/stylingagenten.com\/no\/wp-json\/wp\/v2\/comments?post=406765"}],"version-history":[{"count":0,"href":"https:\/\/stylingagenten.com\/no\/wp-json\/wp\/v2\/product\/406765\/revisions"}],"wp:featuredmedia":[{"embeddable":true,"href":"https:\/\/stylingagenten.com\/no\/wp-json\/wp\/v2\/media\/406764"}],"wp:attachment":[{"href":"https:\/\/stylingagenten.com\/no\/wp-json\/wp\/v2\/media?parent=406765"}],"wp:term":[{"taxonomy":"product_brand","embeddable":true,"href":"https:\/\/stylingagenten.com\/no\/wp-json\/wp\/v2\/product_brand?post=406765"},{"taxonomy":"product_cat","embeddable":true,"href":"https:\/\/stylingagenten.com\/no\/wp-json\/wp\/v2\/product_cat?post=406765"},{"taxonomy":"product_tag","embeddable":true,"href":"https:\/\/stylingagenten.com\/no\/wp-json\/wp\/v2\/product_tag?post=406765"},{"taxonomy":"berocket_brand","embeddable":true,"href":"https:\/\/stylingagenten.com\/no\/wp-json\/wp\/v2\/berocket_brand?post=406765"}],"curies":[{"name":"wp","href":"https:\/\/api.w.org\/{rel}","templated":true}]}}