{"id":406740,"date":"2025-05-18T23:10:59","date_gmt":"2025-05-18T23:10:59","guid":{"rendered":"https:\/\/staging2.stylingagenten.com\/no\/produkt\/american-crew-classic-anti-dandruff-dry-scalp-shampoo-250ml\/"},"modified":"2026-04-12T09:38:35","modified_gmt":"2026-04-12T09:38:35","slug":"american-crew-classic-anti-dandruff-dry-scalp-shampoo-250ml","status":"publish","type":"product","link":"https:\/\/stylingagenten.com\/no\/produkt\/american-crew-classic-anti-dandruff-dry-scalp-shampoo-250ml\/","title":{"rendered":"American Crew Classic Anti Dandruff &amp; Dry Scalp Shampoo 250ml"},"content":{"rendered":"<p>En sjampo fra American Crew som er spesialdesignet for \u00e5 forhindre flass og t\u00f8rr hodebunn. Etterlater h\u00e5ret mykt og fuktig med en naturlig glans, samtidig som det er b\u00e5de effektivt og sk\u00e5nsomt nok til daglig bruk. <br \/>Denne kraftige sjampoen hjelper til med \u00e5 holde hodebunnen sunn og ren, fri for flass og fjerner overfl\u00f8dig olje og irritanter som ellers kan for\u00e5rsake problemer. Inneholder virkestoffet Piroctone Olamine, mens produktet er helt fritt for sulfater, parabener og kunstige fargestoffer.<\/p>\n","protected":false},"excerpt":{"rendered":"<p>En sjampo fra American Crew som er spesialdesignet for \u00e5 forhindre flass og t\u00f8rr hodebunn. Etterlater h\u00e5ret mykt og fuktig med en naturlig glans, samtidig som det er b\u00e5de effektivt og sk\u00e5nsomt nok til daglig bruk. Denne kraftige sjampoen hjelper til med \u00e5 holde hodebunnen sunn og ren, fri for flass og fjerner overfl\u00f8dig olje [&hellip;]<\/p>\n","protected":false},"featured_media":406729,"comment_status":"open","ping_status":"closed","template":"","meta":{"_trash_the_other_posts":false},"product_brand":[],"product_cat":[563],"product_tag":[],"berocket_brand":[1071],"class_list":{"0":"post-406740","1":"product","2":"type-product","3":"status-publish","4":"has-post-thumbnail","6":"product_cat-sjampo","7":"pa_brand-american-crew","8":"berocket_brand-american-crew","10":"first","11":"outofstock","12":"sale","13":"taxable","14":"shipping-taxable","15":"purchasable","16":"product-type-simple"},"_links":{"self":[{"href":"https:\/\/stylingagenten.com\/no\/wp-json\/wp\/v2\/product\/406740","targetHints":{"allow":["GET"]}}],"collection":[{"href":"https:\/\/stylingagenten.com\/no\/wp-json\/wp\/v2\/product"}],"about":[{"href":"https:\/\/stylingagenten.com\/no\/wp-json\/wp\/v2\/types\/product"}],"replies":[{"embeddable":true,"href":"https:\/\/stylingagenten.com\/no\/wp-json\/wp\/v2\/comments?post=406740"}],"version-history":[{"count":0,"href":"https:\/\/stylingagenten.com\/no\/wp-json\/wp\/v2\/product\/406740\/revisions"}],"wp:featuredmedia":[{"embeddable":true,"href":"https:\/\/stylingagenten.com\/no\/wp-json\/wp\/v2\/media\/406729"}],"wp:attachment":[{"href":"https:\/\/stylingagenten.com\/no\/wp-json\/wp\/v2\/media?parent=406740"}],"wp:term":[{"taxonomy":"product_brand","embeddable":true,"href":"https:\/\/stylingagenten.com\/no\/wp-json\/wp\/v2\/product_brand?post=406740"},{"taxonomy":"product_cat","embeddable":true,"href":"https:\/\/stylingagenten.com\/no\/wp-json\/wp\/v2\/product_cat?post=406740"},{"taxonomy":"product_tag","embeddable":true,"href":"https:\/\/stylingagenten.com\/no\/wp-json\/wp\/v2\/product_tag?post=406740"},{"taxonomy":"berocket_brand","embeddable":true,"href":"https:\/\/stylingagenten.com\/no\/wp-json\/wp\/v2\/berocket_brand?post=406740"}],"curies":[{"name":"wp","href":"https:\/\/api.w.org\/{rel}","templated":true}]}}