{"id":406738,"date":"2025-05-18T23:10:59","date_gmt":"2025-05-18T23:10:59","guid":{"rendered":"https:\/\/staging2.stylingagenten.com\/no\/produkt\/fudge-clean-blonde-damage-rewind-violet-toning-shampoo-1000ml\/"},"modified":"2026-03-11T21:58:32","modified_gmt":"2026-03-11T21:58:32","slug":"fudge-clean-blonde-damage-rewind-violet-toning-shampoo-1000ml","status":"publish","type":"product","link":"https:\/\/stylingagenten.com\/no\/produkt\/fudge-clean-blonde-damage-rewind-violet-toning-shampoo-1000ml\/","title":{"rendered":"Fudge Clean Blonde Damage Rewind Violet-Toning Shampoo 1000ml"},"content":{"rendered":"<p>Fudge Clean Blonde Damage Rewind Violet Toning Shampoo er en reparerende sjampo rik p\u00e5 lilla pigmenter som motvirker u\u00f8nskede gule nyanser i blondt h\u00e5r. H\u00e5ret blir sunnere og sterkere og beholder sin kj\u00f8lige blonde farge.<br \/>Alle Fudge-produkter bruker unik Opti-Plex-teknologi\u2122 for \u00e5 beskytte h\u00e5ret og holde det i topp stand. Opti-Plex inneholder hydrogenert vegetabilsk protein som bygger opp h\u00e5ret fra innsiden og ut. Resultatet er opptil 85 % sterkere h\u00e5r med \u00f8kt glans og jevnere skalaer. Abil ME 45 hjelper h\u00e5ret med \u00e5 beholde fuktighet og farge og beskytter mot varme, forurensning og annen milj\u00f8skade.<br \/>Fordel i v\u00e5tt h\u00e5r og masser inn i h\u00e5r og hodebunn. Rens grundig.<\/p>\n","protected":false},"excerpt":{"rendered":"<p>Fudge Clean Blonde Damage Rewind Violet Toning Shampoo er en reparerende sjampo rik p\u00e5 lilla pigmenter som motvirker u\u00f8nskede gule nyanser i blondt h\u00e5r. H\u00e5ret blir sunnere og sterkere og beholder sin kj\u00f8lige blonde farge.Alle Fudge-produkter bruker unik Opti-Plex-teknologi\u2122 for \u00e5 beskytte h\u00e5ret og holde det i topp stand. Opti-Plex inneholder hydrogenert vegetabilsk protein som [&hellip;]<\/p>\n","protected":false},"featured_media":406727,"comment_status":"open","ping_status":"closed","template":"","meta":{"_trash_the_other_posts":false},"product_brand":[],"product_cat":[563],"product_tag":[],"berocket_brand":[1319],"class_list":{"0":"post-406738","1":"product","2":"type-product","3":"status-publish","4":"has-post-thumbnail","6":"product_cat-sjampo","7":"pa_brand-fudge","8":"berocket_brand-fudge","10":"first","11":"instock","12":"sale","13":"taxable","14":"shipping-taxable","15":"purchasable","16":"product-type-simple"},"_links":{"self":[{"href":"https:\/\/stylingagenten.com\/no\/wp-json\/wp\/v2\/product\/406738","targetHints":{"allow":["GET"]}}],"collection":[{"href":"https:\/\/stylingagenten.com\/no\/wp-json\/wp\/v2\/product"}],"about":[{"href":"https:\/\/stylingagenten.com\/no\/wp-json\/wp\/v2\/types\/product"}],"replies":[{"embeddable":true,"href":"https:\/\/stylingagenten.com\/no\/wp-json\/wp\/v2\/comments?post=406738"}],"version-history":[{"count":0,"href":"https:\/\/stylingagenten.com\/no\/wp-json\/wp\/v2\/product\/406738\/revisions"}],"wp:featuredmedia":[{"embeddable":true,"href":"https:\/\/stylingagenten.com\/no\/wp-json\/wp\/v2\/media\/406727"}],"wp:attachment":[{"href":"https:\/\/stylingagenten.com\/no\/wp-json\/wp\/v2\/media?parent=406738"}],"wp:term":[{"taxonomy":"product_brand","embeddable":true,"href":"https:\/\/stylingagenten.com\/no\/wp-json\/wp\/v2\/product_brand?post=406738"},{"taxonomy":"product_cat","embeddable":true,"href":"https:\/\/stylingagenten.com\/no\/wp-json\/wp\/v2\/product_cat?post=406738"},{"taxonomy":"product_tag","embeddable":true,"href":"https:\/\/stylingagenten.com\/no\/wp-json\/wp\/v2\/product_tag?post=406738"},{"taxonomy":"berocket_brand","embeddable":true,"href":"https:\/\/stylingagenten.com\/no\/wp-json\/wp\/v2\/berocket_brand?post=406738"}],"curies":[{"name":"wp","href":"https:\/\/api.w.org\/{rel}","templated":true}]}}