{"id":406733,"date":"2025-05-18T23:10:59","date_gmt":"2025-05-18T23:10:59","guid":{"rendered":"https:\/\/staging2.stylingagenten.com\/no\/produkt\/american-crew-classic-3-in-1-250ml\/"},"modified":"2026-04-01T14:00:28","modified_gmt":"2026-04-01T14:00:28","slug":"american-crew-classic-3-in-1-250ml","status":"publish","type":"product","link":"https:\/\/stylingagenten.com\/no\/produkt\/american-crew-classic-3-in-1-250ml\/","title":{"rendered":"American Crew Classic 3-in-1 250ml"},"content":{"rendered":"<p>American Crew Classic 3-i-1<br \/>Inspirert av livsstilen &laquo;on-the-go&raquo; lanserer American Crew n\u00e5 3-i-1 sjampo, balsam og kroppsvask. Menn kan derfor jobbe hardt fordi det kreves, og gj\u00f8re det enkelt for seg selv fordi de kan. Den er effektiv, hardtarbeidende og fullpakket med gode ingredienser.<\/p>\n<p>* Renser huden og tilf\u00f8rer et snev av den klassiske American Crew-duften.<br \/>* Renser forsiktig h\u00e5ret og fjerner fett og smuss fra h\u00e5ret og hodebunnen .<br \/>* Tilf\u00f8rer fuktighet til h\u00e5ret og gj\u00f8r det mykt uten \u00e5 tynge det ned.<\/p>\n","protected":false},"excerpt":{"rendered":"<p>American Crew Classic 3-i-1Inspirert av livsstilen &laquo;on-the-go&raquo; lanserer American Crew n\u00e5 3-i-1 sjampo, balsam og kroppsvask. Menn kan derfor jobbe hardt fordi det kreves, og gj\u00f8re det enkelt for seg selv fordi de kan. Den er effektiv, hardtarbeidende og fullpakket med gode ingredienser. * Renser huden og tilf\u00f8rer et snev av den klassiske American Crew-duften.* [&hellip;]<\/p>\n","protected":false},"featured_media":406725,"comment_status":"open","ping_status":"closed","template":"","meta":{"_trash_the_other_posts":false},"product_brand":[],"product_cat":[563],"product_tag":[2359],"berocket_brand":[1071],"class_list":{"0":"post-406733","1":"product","2":"type-product","3":"status-publish","4":"has-post-thumbnail","6":"product_cat-sjampo","7":"product_tag-american-crew-classic-3-in-1","8":"pa_brand-american-crew","9":"pa_variant-250ml","10":"berocket_brand-american-crew","12":"first","13":"instock","14":"sale","15":"taxable","16":"shipping-taxable","17":"purchasable","18":"product-type-simple"},"_links":{"self":[{"href":"https:\/\/stylingagenten.com\/no\/wp-json\/wp\/v2\/product\/406733","targetHints":{"allow":["GET"]}}],"collection":[{"href":"https:\/\/stylingagenten.com\/no\/wp-json\/wp\/v2\/product"}],"about":[{"href":"https:\/\/stylingagenten.com\/no\/wp-json\/wp\/v2\/types\/product"}],"replies":[{"embeddable":true,"href":"https:\/\/stylingagenten.com\/no\/wp-json\/wp\/v2\/comments?post=406733"}],"version-history":[{"count":0,"href":"https:\/\/stylingagenten.com\/no\/wp-json\/wp\/v2\/product\/406733\/revisions"}],"wp:featuredmedia":[{"embeddable":true,"href":"https:\/\/stylingagenten.com\/no\/wp-json\/wp\/v2\/media\/406725"}],"wp:attachment":[{"href":"https:\/\/stylingagenten.com\/no\/wp-json\/wp\/v2\/media?parent=406733"}],"wp:term":[{"taxonomy":"product_brand","embeddable":true,"href":"https:\/\/stylingagenten.com\/no\/wp-json\/wp\/v2\/product_brand?post=406733"},{"taxonomy":"product_cat","embeddable":true,"href":"https:\/\/stylingagenten.com\/no\/wp-json\/wp\/v2\/product_cat?post=406733"},{"taxonomy":"product_tag","embeddable":true,"href":"https:\/\/stylingagenten.com\/no\/wp-json\/wp\/v2\/product_tag?post=406733"},{"taxonomy":"berocket_brand","embeddable":true,"href":"https:\/\/stylingagenten.com\/no\/wp-json\/wp\/v2\/berocket_brand?post=406733"}],"curies":[{"name":"wp","href":"https:\/\/api.w.org\/{rel}","templated":true}]}}