{"id":406720,"date":"2025-05-18T23:10:56","date_gmt":"2025-05-18T23:10:56","guid":{"rendered":"https:\/\/staging2.stylingagenten.com\/no\/produkt\/sachajuan-anti-pollution-shampoo-250ml\/"},"modified":"2026-03-11T21:57:59","modified_gmt":"2026-03-11T21:57:59","slug":"sachajuan-anti-pollution-shampoo-250ml","status":"publish","type":"product","link":"https:\/\/stylingagenten.com\/no\/produkt\/sachajuan-anti-pollution-shampoo-250ml\/","title":{"rendered":"SACHAJUAN Anti Pollution Shampoo 250ml"},"content":{"rendered":"<p>SACHAJUAN Anti Pollution hjelper til med \u00e5 beskytte h\u00e5ret mot de negative effektene og skadene for\u00e5rsaket av forurensning ved \u00e5 skape en beskyttende overflate p\u00e5 h\u00e5ret som minimerer risikoen for at forurensning tar tak. Inneholder en kombinasjon av gr\u00f8nn teekstrakt og fruktsyrer (AHA) som gir h\u00e5ret fantastisk glans og en f\u00f8lelse av rent og friskt h\u00e5r som varer lenge og gj\u00f8r at du kan vaske h\u00e5ret sjeldnere. Med en mild, deilig duft av lavendel.<\/p>\n<p>250ml<\/p>\n","protected":false},"excerpt":{"rendered":"<p>SACHAJUAN Anti Pollution hjelper til med \u00e5 beskytte h\u00e5ret mot de negative effektene og skadene for\u00e5rsaket av forurensning ved \u00e5 skape en beskyttende overflate p\u00e5 h\u00e5ret som minimerer risikoen for at forurensning tar tak. Inneholder en kombinasjon av gr\u00f8nn teekstrakt og fruktsyrer (AHA) som gir h\u00e5ret fantastisk glans og en f\u00f8lelse av rent og friskt [&hellip;]<\/p>\n","protected":false},"featured_media":406719,"comment_status":"open","ping_status":"closed","template":"","meta":{"_trash_the_other_posts":false},"product_brand":[],"product_cat":[563],"product_tag":[],"berocket_brand":[1409],"class_list":{"0":"post-406720","1":"product","2":"type-product","3":"status-publish","4":"has-post-thumbnail","6":"product_cat-sjampo","7":"pa_brand-sachajuan","8":"berocket_brand-sachajuan","10":"first","11":"instock","12":"sale","13":"taxable","14":"shipping-taxable","15":"purchasable","16":"product-type-simple"},"_links":{"self":[{"href":"https:\/\/stylingagenten.com\/no\/wp-json\/wp\/v2\/product\/406720","targetHints":{"allow":["GET"]}}],"collection":[{"href":"https:\/\/stylingagenten.com\/no\/wp-json\/wp\/v2\/product"}],"about":[{"href":"https:\/\/stylingagenten.com\/no\/wp-json\/wp\/v2\/types\/product"}],"replies":[{"embeddable":true,"href":"https:\/\/stylingagenten.com\/no\/wp-json\/wp\/v2\/comments?post=406720"}],"version-history":[{"count":0,"href":"https:\/\/stylingagenten.com\/no\/wp-json\/wp\/v2\/product\/406720\/revisions"}],"wp:featuredmedia":[{"embeddable":true,"href":"https:\/\/stylingagenten.com\/no\/wp-json\/wp\/v2\/media\/406719"}],"wp:attachment":[{"href":"https:\/\/stylingagenten.com\/no\/wp-json\/wp\/v2\/media?parent=406720"}],"wp:term":[{"taxonomy":"product_brand","embeddable":true,"href":"https:\/\/stylingagenten.com\/no\/wp-json\/wp\/v2\/product_brand?post=406720"},{"taxonomy":"product_cat","embeddable":true,"href":"https:\/\/stylingagenten.com\/no\/wp-json\/wp\/v2\/product_cat?post=406720"},{"taxonomy":"product_tag","embeddable":true,"href":"https:\/\/stylingagenten.com\/no\/wp-json\/wp\/v2\/product_tag?post=406720"},{"taxonomy":"berocket_brand","embeddable":true,"href":"https:\/\/stylingagenten.com\/no\/wp-json\/wp\/v2\/berocket_brand?post=406720"}],"curies":[{"name":"wp","href":"https:\/\/api.w.org\/{rel}","templated":true}]}}