{"id":406705,"date":"2025-05-18T23:10:53","date_gmt":"2025-05-18T23:10:53","guid":{"rendered":"https:\/\/staging2.stylingagenten.com\/no\/produkt\/american-crew-daily-deep-moisturizing-shampoo-450ml\/"},"modified":"2026-04-11T16:18:37","modified_gmt":"2026-04-11T16:18:37","slug":"american-crew-daily-deep-moisturizing-shampoo-450ml","status":"publish","type":"product","link":"https:\/\/stylingagenten.com\/no\/produkt\/american-crew-daily-deep-moisturizing-shampoo-450ml\/","title":{"rendered":"American Crew Daily Deep Moisturizing Shampoo 450ml"},"content":{"rendered":"<p>American Crew Daily Deep Moisturizing Shampoo er en mild rensende sjampo som kan brukes daglig. Den tilf\u00f8rer fuktighet og pleie til h\u00e5ret og t\u00f8rr og irritert hodebunn. Inneholder naturlige renseekstrakter som ikke fjerner h\u00e5rets naturlige oljer. Hveteprotein og risb\u00f8nneolje gir glans, fuktighet og styrke, og timian og rosmarin stimulerer hodebunnen. Tilpasset for \u00e5 bygge opp skadet h\u00e5r. Silikonfri og vegansk formel.<\/p>\n","protected":false},"excerpt":{"rendered":"<p>American Crew Daily Deep Moisturizing Shampoo er en mild rensende sjampo som kan brukes daglig. Den tilf\u00f8rer fuktighet og pleie til h\u00e5ret og t\u00f8rr og irritert hodebunn. Inneholder naturlige renseekstrakter som ikke fjerner h\u00e5rets naturlige oljer. Hveteprotein og risb\u00f8nneolje gir glans, fuktighet og styrke, og timian og rosmarin stimulerer hodebunnen. Tilpasset for \u00e5 bygge opp [&hellip;]<\/p>\n","protected":false},"featured_media":406704,"comment_status":"open","ping_status":"closed","template":"","meta":{"_trash_the_other_posts":false},"product_brand":[],"product_cat":[563],"product_tag":[2361],"berocket_brand":[1071],"class_list":{"0":"post-406705","1":"product","2":"type-product","3":"status-publish","4":"has-post-thumbnail","6":"product_cat-sjampo","7":"product_tag-american-crew-daily-deep-moisturizing-shampoo","8":"pa_brand-american-crew","9":"pa_variant-450ml","10":"berocket_brand-american-crew","12":"first","13":"instock","14":"sale","15":"taxable","16":"shipping-taxable","17":"purchasable","18":"product-type-simple"},"_links":{"self":[{"href":"https:\/\/stylingagenten.com\/no\/wp-json\/wp\/v2\/product\/406705","targetHints":{"allow":["GET"]}}],"collection":[{"href":"https:\/\/stylingagenten.com\/no\/wp-json\/wp\/v2\/product"}],"about":[{"href":"https:\/\/stylingagenten.com\/no\/wp-json\/wp\/v2\/types\/product"}],"replies":[{"embeddable":true,"href":"https:\/\/stylingagenten.com\/no\/wp-json\/wp\/v2\/comments?post=406705"}],"version-history":[{"count":0,"href":"https:\/\/stylingagenten.com\/no\/wp-json\/wp\/v2\/product\/406705\/revisions"}],"wp:featuredmedia":[{"embeddable":true,"href":"https:\/\/stylingagenten.com\/no\/wp-json\/wp\/v2\/media\/406704"}],"wp:attachment":[{"href":"https:\/\/stylingagenten.com\/no\/wp-json\/wp\/v2\/media?parent=406705"}],"wp:term":[{"taxonomy":"product_brand","embeddable":true,"href":"https:\/\/stylingagenten.com\/no\/wp-json\/wp\/v2\/product_brand?post=406705"},{"taxonomy":"product_cat","embeddable":true,"href":"https:\/\/stylingagenten.com\/no\/wp-json\/wp\/v2\/product_cat?post=406705"},{"taxonomy":"product_tag","embeddable":true,"href":"https:\/\/stylingagenten.com\/no\/wp-json\/wp\/v2\/product_tag?post=406705"},{"taxonomy":"berocket_brand","embeddable":true,"href":"https:\/\/stylingagenten.com\/no\/wp-json\/wp\/v2\/berocket_brand?post=406705"}],"curies":[{"name":"wp","href":"https:\/\/api.w.org\/{rel}","templated":true}]}}