{"id":406701,"date":"2025-05-18T23:10:52","date_gmt":"2025-05-18T23:10:52","guid":{"rendered":"https:\/\/staging2.stylingagenten.com\/no\/produkt\/sachajuan-ocean-mist-volume-shampoo-100ml\/"},"modified":"2026-03-11T21:47:39","modified_gmt":"2026-03-11T21:47:39","slug":"sachajuan-ocean-mist-volume-shampoo-100ml","status":"publish","type":"product","link":"https:\/\/stylingagenten.com\/no\/produkt\/sachajuan-ocean-mist-volume-shampoo-100ml\/","title":{"rendered":"SACHAJUAN Ocean Mist Volume Shampoo 100ml"},"content":{"rendered":"<p>SACHAJUAN Ocean Mist Volume Shampoo er en dypt formulert sjampo som har som m\u00e5l \u00e5 styrke livl\u00f8st h\u00e5r.<\/p>\n<p>Tilpasset fra det bestselgende h\u00e5rstylingproduktet Ocean Mist, gir Ocean Mist Volume Shampoo h\u00e5ret det ekstra \u00f8nsket volum samtidig som den oppn\u00e5r en blank, frisk finish. Perfekt for alle h\u00e5rtyper og lengder, Ocean Mist Volume Shampoo er spesielt effektiv p\u00e5 fint h\u00e5r som trenger et l\u00f8ft.<\/p>\n<p>100ml<\/p>\n","protected":false},"excerpt":{"rendered":"<p>SACHAJUAN Ocean Mist Volume Shampoo er en dypt formulert sjampo som har som m\u00e5l \u00e5 styrke livl\u00f8st h\u00e5r. Tilpasset fra det bestselgende h\u00e5rstylingproduktet Ocean Mist, gir Ocean Mist Volume Shampoo h\u00e5ret det ekstra \u00f8nsket volum samtidig som den oppn\u00e5r en blank, frisk finish. Perfekt for alle h\u00e5rtyper og lengder, Ocean Mist Volume Shampoo er spesielt [&hellip;]<\/p>\n","protected":false},"featured_media":406699,"comment_status":"open","ping_status":"closed","template":"","meta":{"_trash_the_other_posts":false},"product_brand":[],"product_cat":[563],"product_tag":[3952],"berocket_brand":[1409],"class_list":{"0":"post-406701","1":"product","2":"type-product","3":"status-publish","4":"has-post-thumbnail","6":"product_cat-sjampo","7":"product_tag-sachajuan-ocean-mist-volume-shampoo","8":"pa_brand-sachajuan","9":"pa_variant-100ml","10":"berocket_brand-sachajuan","12":"first","13":"instock","14":"sale","15":"taxable","16":"shipping-taxable","17":"purchasable","18":"product-type-simple"},"_links":{"self":[{"href":"https:\/\/stylingagenten.com\/no\/wp-json\/wp\/v2\/product\/406701","targetHints":{"allow":["GET"]}}],"collection":[{"href":"https:\/\/stylingagenten.com\/no\/wp-json\/wp\/v2\/product"}],"about":[{"href":"https:\/\/stylingagenten.com\/no\/wp-json\/wp\/v2\/types\/product"}],"replies":[{"embeddable":true,"href":"https:\/\/stylingagenten.com\/no\/wp-json\/wp\/v2\/comments?post=406701"}],"version-history":[{"count":0,"href":"https:\/\/stylingagenten.com\/no\/wp-json\/wp\/v2\/product\/406701\/revisions"}],"wp:featuredmedia":[{"embeddable":true,"href":"https:\/\/stylingagenten.com\/no\/wp-json\/wp\/v2\/media\/406699"}],"wp:attachment":[{"href":"https:\/\/stylingagenten.com\/no\/wp-json\/wp\/v2\/media?parent=406701"}],"wp:term":[{"taxonomy":"product_brand","embeddable":true,"href":"https:\/\/stylingagenten.com\/no\/wp-json\/wp\/v2\/product_brand?post=406701"},{"taxonomy":"product_cat","embeddable":true,"href":"https:\/\/stylingagenten.com\/no\/wp-json\/wp\/v2\/product_cat?post=406701"},{"taxonomy":"product_tag","embeddable":true,"href":"https:\/\/stylingagenten.com\/no\/wp-json\/wp\/v2\/product_tag?post=406701"},{"taxonomy":"berocket_brand","embeddable":true,"href":"https:\/\/stylingagenten.com\/no\/wp-json\/wp\/v2\/berocket_brand?post=406701"}],"curies":[{"name":"wp","href":"https:\/\/api.w.org\/{rel}","templated":true}]}}