{"id":406690,"date":"2025-05-18T23:10:51","date_gmt":"2025-05-18T23:10:51","guid":{"rendered":"https:\/\/staging2.stylingagenten.com\/no\/produkt\/sachajuan-intensive-repair-shampoo-250ml\/"},"modified":"2026-03-11T21:57:27","modified_gmt":"2026-03-11T21:57:27","slug":"sachajuan-intensive-repair-shampoo-250ml","status":"publish","type":"product","link":"https:\/\/stylingagenten.com\/no\/produkt\/sachajuan-intensive-repair-shampoo-250ml\/","title":{"rendered":"SACHAJUAN Intensive Repair Shampoo 250ml"},"content":{"rendered":"<p>SACHAJUAN Intensive Repair Shampoo er for deg med slitt, stresset og behandlet h\u00e5r. Produktene er intensivt n\u00e6rende og bidrar til \u00e5 gjenoppbygge h\u00e5ret. Intensive Repair er basert p\u00e5 en sv\u00e6rt h\u00f8y konsentrasjon av Ocean Silk Technology og inneholder ogs\u00e5 egenskaper fra UV-filterteknologi som beskytter mot solen.<\/p>\n<p>250ml<\/p>\n","protected":false},"excerpt":{"rendered":"<p>SACHAJUAN Intensive Repair Shampoo er for deg med slitt, stresset og behandlet h\u00e5r. Produktene er intensivt n\u00e6rende og bidrar til \u00e5 gjenoppbygge h\u00e5ret. Intensive Repair er basert p\u00e5 en sv\u00e6rt h\u00f8y konsentrasjon av Ocean Silk Technology og inneholder ogs\u00e5 egenskaper fra UV-filterteknologi som beskytter mot solen. 250ml<\/p>\n","protected":false},"featured_media":406687,"comment_status":"open","ping_status":"closed","template":"","meta":{"_trash_the_other_posts":false},"product_brand":[],"product_cat":[563],"product_tag":[],"berocket_brand":[1409],"class_list":{"0":"post-406690","1":"product","2":"type-product","3":"status-publish","4":"has-post-thumbnail","6":"product_cat-sjampo","7":"pa_brand-sachajuan","8":"berocket_brand-sachajuan","10":"first","11":"instock","12":"sale","13":"taxable","14":"shipping-taxable","15":"purchasable","16":"product-type-simple"},"_links":{"self":[{"href":"https:\/\/stylingagenten.com\/no\/wp-json\/wp\/v2\/product\/406690","targetHints":{"allow":["GET"]}}],"collection":[{"href":"https:\/\/stylingagenten.com\/no\/wp-json\/wp\/v2\/product"}],"about":[{"href":"https:\/\/stylingagenten.com\/no\/wp-json\/wp\/v2\/types\/product"}],"replies":[{"embeddable":true,"href":"https:\/\/stylingagenten.com\/no\/wp-json\/wp\/v2\/comments?post=406690"}],"version-history":[{"count":0,"href":"https:\/\/stylingagenten.com\/no\/wp-json\/wp\/v2\/product\/406690\/revisions"}],"wp:featuredmedia":[{"embeddable":true,"href":"https:\/\/stylingagenten.com\/no\/wp-json\/wp\/v2\/media\/406687"}],"wp:attachment":[{"href":"https:\/\/stylingagenten.com\/no\/wp-json\/wp\/v2\/media?parent=406690"}],"wp:term":[{"taxonomy":"product_brand","embeddable":true,"href":"https:\/\/stylingagenten.com\/no\/wp-json\/wp\/v2\/product_brand?post=406690"},{"taxonomy":"product_cat","embeddable":true,"href":"https:\/\/stylingagenten.com\/no\/wp-json\/wp\/v2\/product_cat?post=406690"},{"taxonomy":"product_tag","embeddable":true,"href":"https:\/\/stylingagenten.com\/no\/wp-json\/wp\/v2\/product_tag?post=406690"},{"taxonomy":"berocket_brand","embeddable":true,"href":"https:\/\/stylingagenten.com\/no\/wp-json\/wp\/v2\/berocket_brand?post=406690"}],"curies":[{"name":"wp","href":"https:\/\/api.w.org\/{rel}","templated":true}]}}