{"id":406671,"date":"2025-05-18T23:10:47","date_gmt":"2025-05-18T23:10:47","guid":{"rendered":"https:\/\/staging2.stylingagenten.com\/no\/produkt\/paul-mitchell-clean-beauty-blonde-shampoo-1000ml\/"},"modified":"2026-04-08T15:28:33","modified_gmt":"2026-04-08T15:28:33","slug":"paul-mitchell-clean-beauty-blonde-shampoo-1000ml","status":"publish","type":"product","link":"https:\/\/stylingagenten.com\/no\/produkt\/paul-mitchell-clean-beauty-blonde-shampoo-1000ml\/","title":{"rendered":"Paul Mitchell Clean Beauty Blonde Shampoo 1000ml"},"content":{"rendered":"<p>Paul Mitchell Clean Beauty Blonde Shampoo er en s\u00f8lvsjampo med lilla pigmenter. Renser sk\u00e5nsomt blondt, kr\u00f8llete, s\u00f8lv eller gr\u00e5tt h\u00e5r og eliminerer messingtoner.<br \/>Beriket med antioksidanter fra granatepleekstrakt, kjent for \u00e5 forhindre falming av farger, samt beskytte mot milj\u00f8eksponering og frie radikaler.<\/p>\n<p>1000ml<\/p>\n","protected":false},"excerpt":{"rendered":"<p>Paul Mitchell Clean Beauty Blonde Shampoo er en s\u00f8lvsjampo med lilla pigmenter. Renser sk\u00e5nsomt blondt, kr\u00f8llete, s\u00f8lv eller gr\u00e5tt h\u00e5r og eliminerer messingtoner.Beriket med antioksidanter fra granatepleekstrakt, kjent for \u00e5 forhindre falming av farger, samt beskytte mot milj\u00f8eksponering og frie radikaler. 1000ml<\/p>\n","protected":false},"featured_media":406663,"comment_status":"open","ping_status":"closed","template":"","meta":{"_trash_the_other_posts":false},"product_brand":[],"product_cat":[563],"product_tag":[3752],"berocket_brand":[1053],"class_list":{"0":"post-406671","1":"product","2":"type-product","3":"status-publish","4":"has-post-thumbnail","6":"product_cat-sjampo","7":"product_tag-paul-mitchell-clean-beauty-blonde-shampoo","8":"pa_brand-paul-mitchell","9":"pa_variant-1000ml","10":"berocket_brand-paul-mitchell","12":"first","13":"instock","14":"sale","15":"taxable","16":"shipping-taxable","17":"purchasable","18":"product-type-simple"},"_links":{"self":[{"href":"https:\/\/stylingagenten.com\/no\/wp-json\/wp\/v2\/product\/406671","targetHints":{"allow":["GET"]}}],"collection":[{"href":"https:\/\/stylingagenten.com\/no\/wp-json\/wp\/v2\/product"}],"about":[{"href":"https:\/\/stylingagenten.com\/no\/wp-json\/wp\/v2\/types\/product"}],"replies":[{"embeddable":true,"href":"https:\/\/stylingagenten.com\/no\/wp-json\/wp\/v2\/comments?post=406671"}],"version-history":[{"count":0,"href":"https:\/\/stylingagenten.com\/no\/wp-json\/wp\/v2\/product\/406671\/revisions"}],"wp:featuredmedia":[{"embeddable":true,"href":"https:\/\/stylingagenten.com\/no\/wp-json\/wp\/v2\/media\/406663"}],"wp:attachment":[{"href":"https:\/\/stylingagenten.com\/no\/wp-json\/wp\/v2\/media?parent=406671"}],"wp:term":[{"taxonomy":"product_brand","embeddable":true,"href":"https:\/\/stylingagenten.com\/no\/wp-json\/wp\/v2\/product_brand?post=406671"},{"taxonomy":"product_cat","embeddable":true,"href":"https:\/\/stylingagenten.com\/no\/wp-json\/wp\/v2\/product_cat?post=406671"},{"taxonomy":"product_tag","embeddable":true,"href":"https:\/\/stylingagenten.com\/no\/wp-json\/wp\/v2\/product_tag?post=406671"},{"taxonomy":"berocket_brand","embeddable":true,"href":"https:\/\/stylingagenten.com\/no\/wp-json\/wp\/v2\/berocket_brand?post=406671"}],"curies":[{"name":"wp","href":"https:\/\/api.w.org\/{rel}","templated":true}]}}