{"id":406637,"date":"2025-05-18T23:10:42","date_gmt":"2025-05-18T23:10:42","guid":{"rendered":"https:\/\/staging2.stylingagenten.com\/no\/produkt\/joico-colorful-anti-fade-shampoo-300ml\/"},"modified":"2026-04-07T19:48:33","modified_gmt":"2026-04-07T19:48:33","slug":"joico-colorful-anti-fade-shampoo-300ml","status":"publish","type":"product","link":"https:\/\/stylingagenten.com\/no\/produkt\/joico-colorful-anti-fade-shampoo-300ml\/","title":{"rendered":"Joico Colorful Anti-Fade Shampoo 300ml"},"content":{"rendered":"<p>Joico Colorful Anti-Fade Shampoo er en sk\u00e5nsom rengj\u00f8ringsmiddel som fjerner det du IKKE vil ha og etterlater alt du GJ\u00d8R! Med Colorful Anti-Fade Shampoo vaskes smuss sk\u00e5nsomt bort samtidig som den bevarer livligheten og intensiteten til en vakker h\u00e5rfarge \u2013 pleier h\u00e5rstr\u00e5ene slik at h\u00e5ret ser sunnere og mer glansfullt ut.<\/p>\n<p>Egenskaper:<br \/> -Sulfatfri<br \/>&#8211; Rik skum som sk\u00e5nsomt renser h\u00e5ret<br \/>-Litt \u00f8kt pH-verdi gj\u00f8r at fargepigmentene lettere trenger inn i h\u00e5ret<br \/>-Renser sk\u00e5nsomt fargebehandlet h\u00e5r<br \/>-Pleier og beskytter<\/p>\n","protected":false},"excerpt":{"rendered":"<p>Joico Colorful Anti-Fade Shampoo er en sk\u00e5nsom rengj\u00f8ringsmiddel som fjerner det du IKKE vil ha og etterlater alt du GJ\u00d8R! Med Colorful Anti-Fade Shampoo vaskes smuss sk\u00e5nsomt bort samtidig som den bevarer livligheten og intensiteten til en vakker h\u00e5rfarge \u2013 pleier h\u00e5rstr\u00e5ene slik at h\u00e5ret ser sunnere og mer glansfullt ut. Egenskaper: -Sulfatfri&#8211; Rik skum [&hellip;]<\/p>\n","protected":false},"featured_media":406635,"comment_status":"open","ping_status":"closed","template":"","meta":{"_trash_the_other_posts":false},"product_brand":[],"product_cat":[1003,563],"product_tag":[3057],"berocket_brand":[1372],"class_list":{"0":"post-406637","1":"product","2":"type-product","3":"status-publish","4":"has-post-thumbnail","6":"product_cat-bestselgere","7":"product_cat-sjampo","8":"product_tag-joico-colorful-anti-fade-shampoo","9":"pa_brand-joico","10":"pa_variant-300ml","11":"berocket_brand-joico","13":"first","14":"instock","15":"sale","16":"taxable","17":"shipping-taxable","18":"purchasable","19":"product-type-simple"},"_links":{"self":[{"href":"https:\/\/stylingagenten.com\/no\/wp-json\/wp\/v2\/product\/406637","targetHints":{"allow":["GET"]}}],"collection":[{"href":"https:\/\/stylingagenten.com\/no\/wp-json\/wp\/v2\/product"}],"about":[{"href":"https:\/\/stylingagenten.com\/no\/wp-json\/wp\/v2\/types\/product"}],"replies":[{"embeddable":true,"href":"https:\/\/stylingagenten.com\/no\/wp-json\/wp\/v2\/comments?post=406637"}],"version-history":[{"count":0,"href":"https:\/\/stylingagenten.com\/no\/wp-json\/wp\/v2\/product\/406637\/revisions"}],"wp:featuredmedia":[{"embeddable":true,"href":"https:\/\/stylingagenten.com\/no\/wp-json\/wp\/v2\/media\/406635"}],"wp:attachment":[{"href":"https:\/\/stylingagenten.com\/no\/wp-json\/wp\/v2\/media?parent=406637"}],"wp:term":[{"taxonomy":"product_brand","embeddable":true,"href":"https:\/\/stylingagenten.com\/no\/wp-json\/wp\/v2\/product_brand?post=406637"},{"taxonomy":"product_cat","embeddable":true,"href":"https:\/\/stylingagenten.com\/no\/wp-json\/wp\/v2\/product_cat?post=406637"},{"taxonomy":"product_tag","embeddable":true,"href":"https:\/\/stylingagenten.com\/no\/wp-json\/wp\/v2\/product_tag?post=406637"},{"taxonomy":"berocket_brand","embeddable":true,"href":"https:\/\/stylingagenten.com\/no\/wp-json\/wp\/v2\/berocket_brand?post=406637"}],"curies":[{"name":"wp","href":"https:\/\/api.w.org\/{rel}","templated":true}]}}