{"id":406595,"date":"2025-05-18T23:10:36","date_gmt":"2025-05-18T23:10:36","guid":{"rendered":"https:\/\/staging2.stylingagenten.com\/no\/produkt\/paul-mitchell-awapuhi-wild-ginger-hydrasoft-shampoo-75ml\/"},"modified":"2026-04-08T15:29:35","modified_gmt":"2026-04-08T15:29:35","slug":"paul-mitchell-awapuhi-wild-ginger-hydrasoft-shampoo-75ml","status":"publish","type":"product","link":"https:\/\/stylingagenten.com\/no\/produkt\/paul-mitchell-awapuhi-wild-ginger-hydrasoft-shampoo-75ml\/","title":{"rendered":"Paul Mitchell Awapuhi Wild Ginger HydraSoft Shampoo 75ml"},"content":{"rendered":"<p>Opplev luksusen av velpleid h\u00e5r med Paul Mitchell Awapuhi Wild Ginger HydraSoft Shampoo. Dette sjampoen er din l\u00f8sning for \u00e5 gjenopprette h\u00e5rets naturlige skj\u00f8nnhet og helse. HydraSoft Shampoo g\u00e5r utover enkel rengj\u00f8ring \u2013 det pleier og fyller p\u00e5 h\u00e5ret samtidig som det tilf\u00f8rer optimal fuktighet uten \u00e5 tynge ned h\u00e5ret!<\/p>\n<p>Takket v\u00e6re den innovative HydraTriplex\u2122-blandingen, som best\u00e5r av aminosyrer, vegetabilsk protein og n\u00e6rende oljer, blir h\u00e5ret dypt hydrert, mens fuktighet bindes og forsegles for langvarig effekt. Denne unike kombinasjonen av ingredienser arbeider i harmoni for \u00e5 styrke og beskytte hvert h\u00e5rstr\u00e5.<\/p>\n<p>Beriket med hyaluronsyre, vegansk kollagen og planteekstrakter, gir HydraSoft Shampoo overlegen fuktighet uten \u00e5 tynge ned h\u00e5ret. H\u00e5ret ditt vil f\u00f8les silkeaktig glatt og f\u00e5 en naturlig glans!<\/p>\n<p>75ml<\/p>\n","protected":false},"excerpt":{"rendered":"<p>Opplev luksusen av velpleid h\u00e5r med Paul Mitchell Awapuhi Wild Ginger HydraSoft Shampoo. Dette sjampoen er din l\u00f8sning for \u00e5 gjenopprette h\u00e5rets naturlige skj\u00f8nnhet og helse. HydraSoft Shampoo g\u00e5r utover enkel rengj\u00f8ring \u2013 det pleier og fyller p\u00e5 h\u00e5ret samtidig som det tilf\u00f8rer optimal fuktighet uten \u00e5 tynge ned h\u00e5ret! Takket v\u00e6re den innovative HydraTriplex\u2122-blandingen, [&hellip;]<\/p>\n","protected":false},"featured_media":406554,"comment_status":"open","ping_status":"closed","template":"","meta":{"_trash_the_other_posts":false},"product_brand":[],"product_cat":[563],"product_tag":[3747],"berocket_brand":[1053],"class_list":{"0":"post-406595","1":"product","2":"type-product","3":"status-publish","4":"has-post-thumbnail","6":"product_cat-sjampo","7":"product_tag-paul-mitchell-awapuhi-wild-ginger-hydrasoft-shampoo","8":"pa_brand-paul-mitchell","9":"pa_variant-75ml","10":"berocket_brand-paul-mitchell","12":"first","13":"instock","14":"sale","15":"taxable","16":"shipping-taxable","17":"purchasable","18":"product-type-simple"},"_links":{"self":[{"href":"https:\/\/stylingagenten.com\/no\/wp-json\/wp\/v2\/product\/406595","targetHints":{"allow":["GET"]}}],"collection":[{"href":"https:\/\/stylingagenten.com\/no\/wp-json\/wp\/v2\/product"}],"about":[{"href":"https:\/\/stylingagenten.com\/no\/wp-json\/wp\/v2\/types\/product"}],"replies":[{"embeddable":true,"href":"https:\/\/stylingagenten.com\/no\/wp-json\/wp\/v2\/comments?post=406595"}],"version-history":[{"count":0,"href":"https:\/\/stylingagenten.com\/no\/wp-json\/wp\/v2\/product\/406595\/revisions"}],"wp:featuredmedia":[{"embeddable":true,"href":"https:\/\/stylingagenten.com\/no\/wp-json\/wp\/v2\/media\/406554"}],"wp:attachment":[{"href":"https:\/\/stylingagenten.com\/no\/wp-json\/wp\/v2\/media?parent=406595"}],"wp:term":[{"taxonomy":"product_brand","embeddable":true,"href":"https:\/\/stylingagenten.com\/no\/wp-json\/wp\/v2\/product_brand?post=406595"},{"taxonomy":"product_cat","embeddable":true,"href":"https:\/\/stylingagenten.com\/no\/wp-json\/wp\/v2\/product_cat?post=406595"},{"taxonomy":"product_tag","embeddable":true,"href":"https:\/\/stylingagenten.com\/no\/wp-json\/wp\/v2\/product_tag?post=406595"},{"taxonomy":"berocket_brand","embeddable":true,"href":"https:\/\/stylingagenten.com\/no\/wp-json\/wp\/v2\/berocket_brand?post=406595"}],"curies":[{"name":"wp","href":"https:\/\/api.w.org\/{rel}","templated":true}]}}