{"id":406528,"date":"2025-05-18T23:10:28","date_gmt":"2025-05-18T23:10:28","guid":{"rendered":"https:\/\/staging2.stylingagenten.com\/no\/produkt\/bjork-hojd-volume-shampoo-750ml\/"},"modified":"2026-04-11T11:08:42","modified_gmt":"2026-04-11T11:08:42","slug":"bjork-hojd-volume-shampoo-750ml","status":"publish","type":"product","link":"https:\/\/stylingagenten.com\/no\/produkt\/bjork-hojd-volume-shampoo-750ml\/","title":{"rendered":"Bj\u00f6rk H\u00d6JD Volume Shampoo 750ml"},"content":{"rendered":"<p>Bj\u00f6rk H\u00d6JD Volume Shampoo er en volumsjampo for tynt, fint og livl\u00f8st h\u00e5r. Med en formel av vitamin B5 og bj\u00f8rkeekstrakt som gir volum, fylde, elastisitet, styrker h\u00e5rets struktur og har en beroligende effekt p\u00e5 hodebunnen.<\/p>\n<p>Duft: Luksuri\u00f8s, blomsterduft med hint av pasjonsfrukt og eple.<\/p>\n<p>750ml<\/p>\n","protected":false},"excerpt":{"rendered":"<p>Bj\u00f6rk H\u00d6JD Volume Shampoo er en volumsjampo for tynt, fint og livl\u00f8st h\u00e5r. Med en formel av vitamin B5 og bj\u00f8rkeekstrakt som gir volum, fylde, elastisitet, styrker h\u00e5rets struktur og har en beroligende effekt p\u00e5 hodebunnen. Duft: Luksuri\u00f8s, blomsterduft med hint av pasjonsfrukt og eple. 750ml<\/p>\n","protected":false},"featured_media":406527,"comment_status":"open","ping_status":"closed","template":"","meta":{"_trash_the_other_posts":false},"product_brand":[],"product_cat":[563],"product_tag":[2561],"berocket_brand":[1418],"class_list":{"0":"post-406528","1":"product","2":"type-product","3":"status-publish","4":"has-post-thumbnail","6":"product_cat-sjampo","7":"product_tag-bjork-hojd-volume-shampoo","8":"pa_brand-bjork","9":"pa_variant-750ml","10":"berocket_brand-bjork","12":"first","13":"instock","14":"sale","15":"taxable","16":"shipping-taxable","17":"purchasable","18":"product-type-simple"},"_links":{"self":[{"href":"https:\/\/stylingagenten.com\/no\/wp-json\/wp\/v2\/product\/406528","targetHints":{"allow":["GET"]}}],"collection":[{"href":"https:\/\/stylingagenten.com\/no\/wp-json\/wp\/v2\/product"}],"about":[{"href":"https:\/\/stylingagenten.com\/no\/wp-json\/wp\/v2\/types\/product"}],"replies":[{"embeddable":true,"href":"https:\/\/stylingagenten.com\/no\/wp-json\/wp\/v2\/comments?post=406528"}],"version-history":[{"count":0,"href":"https:\/\/stylingagenten.com\/no\/wp-json\/wp\/v2\/product\/406528\/revisions"}],"wp:featuredmedia":[{"embeddable":true,"href":"https:\/\/stylingagenten.com\/no\/wp-json\/wp\/v2\/media\/406527"}],"wp:attachment":[{"href":"https:\/\/stylingagenten.com\/no\/wp-json\/wp\/v2\/media?parent=406528"}],"wp:term":[{"taxonomy":"product_brand","embeddable":true,"href":"https:\/\/stylingagenten.com\/no\/wp-json\/wp\/v2\/product_brand?post=406528"},{"taxonomy":"product_cat","embeddable":true,"href":"https:\/\/stylingagenten.com\/no\/wp-json\/wp\/v2\/product_cat?post=406528"},{"taxonomy":"product_tag","embeddable":true,"href":"https:\/\/stylingagenten.com\/no\/wp-json\/wp\/v2\/product_tag?post=406528"},{"taxonomy":"berocket_brand","embeddable":true,"href":"https:\/\/stylingagenten.com\/no\/wp-json\/wp\/v2\/berocket_brand?post=406528"}],"curies":[{"name":"wp","href":"https:\/\/api.w.org\/{rel}","templated":true}]}}