{"id":406525,"date":"2025-05-18T23:10:26","date_gmt":"2025-05-18T23:10:26","guid":{"rendered":"https:\/\/staging2.stylingagenten.com\/no\/produkt\/olaplex-no-4p-blonde-enhancer-toning-shampoo-1000ml\/"},"modified":"2026-04-08T15:30:01","modified_gmt":"2026-04-08T15:30:01","slug":"olaplex-no-4p-blonde-enhancer-toning-shampoo-1000ml","status":"publish","type":"product","link":"https:\/\/stylingagenten.com\/no\/produkt\/olaplex-no-4p-blonde-enhancer-toning-shampoo-1000ml\/","title":{"rendered":"Olaplex No.4P Blonde Enhancer Toning Shampoo 1000ml"},"content":{"rendered":"<p>OLAPLEX No. 4P Blonde Enhancer Toning Shampoo rengj\u00f8r, toner og reparerer samtidig som det holder h\u00e5ret fuktet fra r\u00f8ttene til tuppene. Dette h\u00f8y konsentrerte, sulfatfrie sjampoen danner et rikt skum for \u00e5 n\u00f8ytralisere gulskj\u00e6r og \u00f8ke lysstyrken etter bare \u00e9n bruk.<\/p>\n<p>Fordeler:<\/p>\n<p>Styrker, fukter og n\u00f8ytraliserer gule toner<br \/>\n<br \/>Passer alt blondt, bleket og gr\u00e5tt h\u00e5r<br \/>\n<br \/>Inneholder OLAPLEXs patenterte bindingsbyggende teknologi som gjenoppbygger \u00f8delagte og svekkede bindinger<br \/>\n<br \/>For alle h\u00e5rtyper<br \/>\n<br \/>pH Balansert<br \/>\n<br \/>Cruelty Free<br \/>\n<br \/>Kliniske resultater:<\/p>\n<p>Vitenskapelig bevist: 3x lysere sammenlignet med bestselgende s\u00f8lvsjampoer<br \/>\n<br \/>1000ml<\/p>\n","protected":false},"excerpt":{"rendered":"<p>OLAPLEX No. 4P Blonde Enhancer Toning Shampoo rengj\u00f8r, toner og reparerer samtidig som det holder h\u00e5ret fuktet fra r\u00f8ttene til tuppene. Dette h\u00f8y konsentrerte, sulfatfrie sjampoen danner et rikt skum for \u00e5 n\u00f8ytralisere gulskj\u00e6r og \u00f8ke lysstyrken etter bare \u00e9n bruk. Fordeler: Styrker, fukter og n\u00f8ytraliserer gule toner Passer alt blondt, bleket og gr\u00e5tt h\u00e5r [&hellip;]<\/p>\n","protected":false},"featured_media":406515,"comment_status":"open","ping_status":"closed","template":"","meta":{"_trash_the_other_posts":false},"product_brand":[],"product_cat":[563],"product_tag":[3717],"berocket_brand":[1023],"class_list":{"0":"post-406525","1":"product","2":"type-product","3":"status-publish","4":"has-post-thumbnail","6":"product_cat-sjampo","7":"product_tag-olaplex-no-4p-blonde-enhancer-toning-shampoo","8":"pa_brand-olaplex","9":"pa_variant-1000ml","10":"berocket_brand-olaplex","12":"first","13":"instock","14":"sale","15":"taxable","16":"shipping-taxable","17":"purchasable","18":"product-type-simple"},"_links":{"self":[{"href":"https:\/\/stylingagenten.com\/no\/wp-json\/wp\/v2\/product\/406525","targetHints":{"allow":["GET"]}}],"collection":[{"href":"https:\/\/stylingagenten.com\/no\/wp-json\/wp\/v2\/product"}],"about":[{"href":"https:\/\/stylingagenten.com\/no\/wp-json\/wp\/v2\/types\/product"}],"replies":[{"embeddable":true,"href":"https:\/\/stylingagenten.com\/no\/wp-json\/wp\/v2\/comments?post=406525"}],"version-history":[{"count":0,"href":"https:\/\/stylingagenten.com\/no\/wp-json\/wp\/v2\/product\/406525\/revisions"}],"wp:featuredmedia":[{"embeddable":true,"href":"https:\/\/stylingagenten.com\/no\/wp-json\/wp\/v2\/media\/406515"}],"wp:attachment":[{"href":"https:\/\/stylingagenten.com\/no\/wp-json\/wp\/v2\/media?parent=406525"}],"wp:term":[{"taxonomy":"product_brand","embeddable":true,"href":"https:\/\/stylingagenten.com\/no\/wp-json\/wp\/v2\/product_brand?post=406525"},{"taxonomy":"product_cat","embeddable":true,"href":"https:\/\/stylingagenten.com\/no\/wp-json\/wp\/v2\/product_cat?post=406525"},{"taxonomy":"product_tag","embeddable":true,"href":"https:\/\/stylingagenten.com\/no\/wp-json\/wp\/v2\/product_tag?post=406525"},{"taxonomy":"berocket_brand","embeddable":true,"href":"https:\/\/stylingagenten.com\/no\/wp-json\/wp\/v2\/berocket_brand?post=406525"}],"curies":[{"name":"wp","href":"https:\/\/api.w.org\/{rel}","templated":true}]}}