{"id":406519,"date":"2025-05-18T23:10:25","date_gmt":"2025-05-18T23:10:25","guid":{"rendered":"https:\/\/staging2.stylingagenten.com\/no\/produkt\/olaplex-no-4c-bond-maintenance-clarifying-shampoo-1000ml\/"},"modified":"2026-04-11T00:58:41","modified_gmt":"2026-04-11T00:58:41","slug":"olaplex-no-4c-bond-maintenance-clarifying-shampoo-1000ml","status":"publish","type":"product","link":"https:\/\/stylingagenten.com\/no\/produkt\/olaplex-no-4c-bond-maintenance-clarifying-shampoo-1000ml\/","title":{"rendered":"Olaplex No.4C Bond Maintenance Clarifying Shampoo 1000ml"},"content":{"rendered":"<p>Olaplex No.4C er en avansert dyprengj\u00f8rende sjampo, basert p\u00e5 Olaplexs eksklusive renseteknologi. Den gir en kraftig dyprens og fjerner produktrester og urenheter for \u00e5 skape sunnere, mer livlig h\u00e5r \u2013 uten \u00e5 bli t\u00f8rt eller livl\u00f8st.<\/p>\n<p>\u2022 Fjerner overflatemineraler fra hardt vann, klor, overfl\u00f8dige oljer og produktrester fra h\u00e5rets skjellag etter bare \u00e9n bruk<br \/>\n<br \/>\u2022 Fuktighetsgivende formel som gj\u00f8r h\u00e5ret rent, mykt, glansfullt og livlig<br \/>\n<br \/>\u2022 Inneholder OLAPLEXs patenterte Bond-Building Technology\u2122 for \u00e5 styrke h\u00e5ret og gj\u00f8re det mer motstandsdyktig<\/p>\n<p>Bruk Olaplex 4C ukentlig, eller f\u00f8r h\u00e5rmaske og andre behandlinger for maksimal ytelse.<\/p>\n<p>Bruk:<br \/>\n<br \/>P\u00e5f\u00f8r No.4C i fuktig h\u00e5r, masser inn i hodebunnen og arbeid utover mot lengdene. La virke i opptil 5 minutter. Skyll grundig og avslutt med Olaplex No.5 balsam eller Olaplex No.8 h\u00e5rmaske.<\/p>\n<p>1000ml<\/p>\n","protected":false},"excerpt":{"rendered":"<p>Olaplex No.4C er en avansert dyprengj\u00f8rende sjampo, basert p\u00e5 Olaplexs eksklusive renseteknologi. Den gir en kraftig dyprens og fjerner produktrester og urenheter for \u00e5 skape sunnere, mer livlig h\u00e5r \u2013 uten \u00e5 bli t\u00f8rt eller livl\u00f8st. \u2022 Fjerner overflatemineraler fra hardt vann, klor, overfl\u00f8dige oljer og produktrester fra h\u00e5rets skjellag etter bare \u00e9n bruk \u2022 [&hellip;]<\/p>\n","protected":false},"featured_media":406514,"comment_status":"open","ping_status":"closed","template":"","meta":{"_trash_the_other_posts":false},"product_brand":[],"product_cat":[563],"product_tag":[3716],"berocket_brand":[1023],"class_list":{"0":"post-406519","1":"product","2":"type-product","3":"status-publish","4":"has-post-thumbnail","6":"product_cat-sjampo","7":"product_tag-olaplex-no-4c-bond-maintenance-clarifying-shampoo","8":"pa_brand-olaplex","9":"pa_variant-1000ml","10":"berocket_brand-olaplex","12":"first","13":"instock","14":"sale","15":"taxable","16":"shipping-taxable","17":"purchasable","18":"product-type-simple"},"_links":{"self":[{"href":"https:\/\/stylingagenten.com\/no\/wp-json\/wp\/v2\/product\/406519","targetHints":{"allow":["GET"]}}],"collection":[{"href":"https:\/\/stylingagenten.com\/no\/wp-json\/wp\/v2\/product"}],"about":[{"href":"https:\/\/stylingagenten.com\/no\/wp-json\/wp\/v2\/types\/product"}],"replies":[{"embeddable":true,"href":"https:\/\/stylingagenten.com\/no\/wp-json\/wp\/v2\/comments?post=406519"}],"version-history":[{"count":0,"href":"https:\/\/stylingagenten.com\/no\/wp-json\/wp\/v2\/product\/406519\/revisions"}],"wp:featuredmedia":[{"embeddable":true,"href":"https:\/\/stylingagenten.com\/no\/wp-json\/wp\/v2\/media\/406514"}],"wp:attachment":[{"href":"https:\/\/stylingagenten.com\/no\/wp-json\/wp\/v2\/media?parent=406519"}],"wp:term":[{"taxonomy":"product_brand","embeddable":true,"href":"https:\/\/stylingagenten.com\/no\/wp-json\/wp\/v2\/product_brand?post=406519"},{"taxonomy":"product_cat","embeddable":true,"href":"https:\/\/stylingagenten.com\/no\/wp-json\/wp\/v2\/product_cat?post=406519"},{"taxonomy":"product_tag","embeddable":true,"href":"https:\/\/stylingagenten.com\/no\/wp-json\/wp\/v2\/product_tag?post=406519"},{"taxonomy":"berocket_brand","embeddable":true,"href":"https:\/\/stylingagenten.com\/no\/wp-json\/wp\/v2\/berocket_brand?post=406519"}],"curies":[{"name":"wp","href":"https:\/\/api.w.org\/{rel}","templated":true}]}}