{"id":406512,"date":"2025-05-18T23:10:24","date_gmt":"2025-05-18T23:10:24","guid":{"rendered":"https:\/\/staging2.stylingagenten.com\/no\/produkt\/bjork-fukt-hydrate-shampoo-300ml\/"},"modified":"2026-04-07T13:48:38","modified_gmt":"2026-04-07T13:48:38","slug":"bjork-fukt-hydrate-shampoo-300ml","status":"publish","type":"product","link":"https:\/\/stylingagenten.com\/no\/produkt\/bjork-fukt-hydrate-shampoo-300ml\/","title":{"rendered":"Bj\u00f6rk FUKT Hydrate Shampoo 300ml"},"content":{"rendered":"<p>Bj\u00f6rk FUKT Hydrate Shampoo er en fuktighetsgivende sjampo for t\u00f8rt, krusete og farget h\u00e5r. Med en n\u00e6ringsrik formel med bj\u00f8rkeekstrakt, arganolje og solsikkeolje som fukter, forbedrer h\u00e5rkvaliteten, beroliger hodebunnen og gir en silkemyk f\u00f8lelse.<\/p>\n<p>Duft: Luksuri\u00f8s, blomsterduft med hint av vanilje.<\/p>\n<p>300 ml<\/p>\n","protected":false},"excerpt":{"rendered":"<p>Bj\u00f6rk FUKT Hydrate Shampoo er en fuktighetsgivende sjampo for t\u00f8rt, krusete og farget h\u00e5r. Med en n\u00e6ringsrik formel med bj\u00f8rkeekstrakt, arganolje og solsikkeolje som fukter, forbedrer h\u00e5rkvaliteten, beroliger hodebunnen og gir en silkemyk f\u00f8lelse. Duft: Luksuri\u00f8s, blomsterduft med hint av vanilje. 300 ml<\/p>\n","protected":false},"featured_media":406510,"comment_status":"open","ping_status":"closed","template":"","meta":{"_trash_the_other_posts":false},"product_brand":[],"product_cat":[563],"product_tag":[2557],"berocket_brand":[1418],"class_list":{"0":"post-406512","1":"product","2":"type-product","3":"status-publish","4":"has-post-thumbnail","6":"product_cat-sjampo","7":"product_tag-bjork-fukt-hydrate-shampoo","8":"pa_brand-bjork","9":"pa_variant-300ml","10":"berocket_brand-bjork","12":"first","13":"instock","14":"sale","15":"taxable","16":"shipping-taxable","17":"purchasable","18":"product-type-simple"},"_links":{"self":[{"href":"https:\/\/stylingagenten.com\/no\/wp-json\/wp\/v2\/product\/406512","targetHints":{"allow":["GET"]}}],"collection":[{"href":"https:\/\/stylingagenten.com\/no\/wp-json\/wp\/v2\/product"}],"about":[{"href":"https:\/\/stylingagenten.com\/no\/wp-json\/wp\/v2\/types\/product"}],"replies":[{"embeddable":true,"href":"https:\/\/stylingagenten.com\/no\/wp-json\/wp\/v2\/comments?post=406512"}],"version-history":[{"count":0,"href":"https:\/\/stylingagenten.com\/no\/wp-json\/wp\/v2\/product\/406512\/revisions"}],"wp:featuredmedia":[{"embeddable":true,"href":"https:\/\/stylingagenten.com\/no\/wp-json\/wp\/v2\/media\/406510"}],"wp:attachment":[{"href":"https:\/\/stylingagenten.com\/no\/wp-json\/wp\/v2\/media?parent=406512"}],"wp:term":[{"taxonomy":"product_brand","embeddable":true,"href":"https:\/\/stylingagenten.com\/no\/wp-json\/wp\/v2\/product_brand?post=406512"},{"taxonomy":"product_cat","embeddable":true,"href":"https:\/\/stylingagenten.com\/no\/wp-json\/wp\/v2\/product_cat?post=406512"},{"taxonomy":"product_tag","embeddable":true,"href":"https:\/\/stylingagenten.com\/no\/wp-json\/wp\/v2\/product_tag?post=406512"},{"taxonomy":"berocket_brand","embeddable":true,"href":"https:\/\/stylingagenten.com\/no\/wp-json\/wp\/v2\/berocket_brand?post=406512"}],"curies":[{"name":"wp","href":"https:\/\/api.w.org\/{rel}","templated":true}]}}