{"id":406507,"date":"2025-05-18T23:10:22","date_gmt":"2025-05-18T23:10:22","guid":{"rendered":"https:\/\/staging2.stylingagenten.com\/no\/produkt\/goldwell-dualsenses-scalp-specialist-deep-cleansing-shampoo-250ml\/"},"modified":"2026-04-12T19:57:32","modified_gmt":"2026-04-12T19:57:32","slug":"goldwell-dualsenses-scalp-specialist-deep-cleansing-shampoo-250ml","status":"publish","type":"product","link":"https:\/\/stylingagenten.com\/no\/produkt\/goldwell-dualsenses-scalp-specialist-deep-cleansing-shampoo-250ml\/","title":{"rendered":"Goldwell Dualsenses Scalp Specialist Deep Cleansing Shampoo 250ml"},"content":{"rendered":"<p>Goldwell Dualsenses Scalp Specialist Deep Cleansing Shampoo er et sjampo for alle h\u00e5rtyper med microPROtec complex, panthenol og fr\u00f8olje fra r\u00f8de bringeb\u00e6r. Gir umiddelbart en ren og frisk f\u00f8lelse i hodebunnen. Fjerner stylingrester og milj\u00f8forurensninger (karbonpartikler) fra h\u00e5r og hodebunn.<\/p>\n<p>250ml<\/p>\n","protected":false},"excerpt":{"rendered":"<p>Goldwell Dualsenses Scalp Specialist Deep Cleansing Shampoo er et sjampo for alle h\u00e5rtyper med microPROtec complex, panthenol og fr\u00f8olje fra r\u00f8de bringeb\u00e6r. Gir umiddelbart en ren og frisk f\u00f8lelse i hodebunnen. Fjerner stylingrester og milj\u00f8forurensninger (karbonpartikler) fra h\u00e5r og hodebunn. 250ml<\/p>\n","protected":false},"featured_media":406506,"comment_status":"open","ping_status":"closed","template":"","meta":{"_trash_the_other_posts":false},"product_brand":[],"product_cat":[563],"product_tag":[],"berocket_brand":[1328],"class_list":{"0":"post-406507","1":"product","2":"type-product","3":"status-publish","4":"has-post-thumbnail","6":"product_cat-sjampo","7":"pa_brand-goldwell","8":"berocket_brand-goldwell","10":"first","11":"instock","12":"sale","13":"taxable","14":"shipping-taxable","15":"purchasable","16":"product-type-simple"},"_links":{"self":[{"href":"https:\/\/stylingagenten.com\/no\/wp-json\/wp\/v2\/product\/406507","targetHints":{"allow":["GET"]}}],"collection":[{"href":"https:\/\/stylingagenten.com\/no\/wp-json\/wp\/v2\/product"}],"about":[{"href":"https:\/\/stylingagenten.com\/no\/wp-json\/wp\/v2\/types\/product"}],"replies":[{"embeddable":true,"href":"https:\/\/stylingagenten.com\/no\/wp-json\/wp\/v2\/comments?post=406507"}],"version-history":[{"count":0,"href":"https:\/\/stylingagenten.com\/no\/wp-json\/wp\/v2\/product\/406507\/revisions"}],"wp:featuredmedia":[{"embeddable":true,"href":"https:\/\/stylingagenten.com\/no\/wp-json\/wp\/v2\/media\/406506"}],"wp:attachment":[{"href":"https:\/\/stylingagenten.com\/no\/wp-json\/wp\/v2\/media?parent=406507"}],"wp:term":[{"taxonomy":"product_brand","embeddable":true,"href":"https:\/\/stylingagenten.com\/no\/wp-json\/wp\/v2\/product_brand?post=406507"},{"taxonomy":"product_cat","embeddable":true,"href":"https:\/\/stylingagenten.com\/no\/wp-json\/wp\/v2\/product_cat?post=406507"},{"taxonomy":"product_tag","embeddable":true,"href":"https:\/\/stylingagenten.com\/no\/wp-json\/wp\/v2\/product_tag?post=406507"},{"taxonomy":"berocket_brand","embeddable":true,"href":"https:\/\/stylingagenten.com\/no\/wp-json\/wp\/v2\/berocket_brand?post=406507"}],"curies":[{"name":"wp","href":"https:\/\/api.w.org\/{rel}","templated":true}]}}