{"id":406502,"date":"2025-05-18T23:10:21","date_gmt":"2025-05-18T23:10:21","guid":{"rendered":"https:\/\/staging2.stylingagenten.com\/no\/produkt\/bjork-lockar-curl-defining-shampoo-300ml\/"},"modified":"2026-04-14T20:58:42","modified_gmt":"2026-04-14T20:58:42","slug":"bjork-lockar-curl-defining-shampoo-300ml","status":"publish","type":"product","link":"https:\/\/stylingagenten.com\/no\/produkt\/bjork-lockar-curl-defining-shampoo-300ml\/","title":{"rendered":"Bj\u00f6rk LOCKAR Curl Defining Shampoo 300ml"},"content":{"rendered":"<p>Bj\u00f6rk LOCKAR Curl Defining Shampoo er en fuktighetsgivende sjampo for b\u00f8lgete og kr\u00f8llete h\u00e5r. Skaper en volumiserende effekt for \u00e5 definere kr\u00f8ller, spenst og elastisitet. Sk\u00e5nsom og mildt rengj\u00f8rende formel med bj\u00f8rkeekstrakt, mandel- og epleolje som har pleiende egenskaper for \u00e5 redusere frizz og definere kr\u00f8ller uten \u00e5 tynge dem ned. Etterlater h\u00e5ret glansfullt, mykt og fullt av bevegelse.<\/p>\n<p>Duft: Fruktig og frisk duft med hint av fersken og sitrus.<\/p>\n<p>300 ml<\/p>\n","protected":false},"excerpt":{"rendered":"<p>Bj\u00f6rk LOCKAR Curl Defining Shampoo er en fuktighetsgivende sjampo for b\u00f8lgete og kr\u00f8llete h\u00e5r. Skaper en volumiserende effekt for \u00e5 definere kr\u00f8ller, spenst og elastisitet. Sk\u00e5nsom og mildt rengj\u00f8rende formel med bj\u00f8rkeekstrakt, mandel- og epleolje som har pleiende egenskaper for \u00e5 redusere frizz og definere kr\u00f8ller uten \u00e5 tynge dem ned. Etterlater h\u00e5ret glansfullt, mykt [&hellip;]<\/p>\n","protected":false},"featured_media":406500,"comment_status":"open","ping_status":"closed","template":"","meta":{"_trash_the_other_posts":false},"product_brand":[],"product_cat":[563],"product_tag":[],"berocket_brand":[1418],"class_list":{"0":"post-406502","1":"product","2":"type-product","3":"status-publish","4":"has-post-thumbnail","6":"product_cat-sjampo","7":"pa_brand-bjork","8":"berocket_brand-bjork","10":"first","11":"instock","12":"taxable","13":"shipping-taxable","14":"purchasable","15":"product-type-simple"},"_links":{"self":[{"href":"https:\/\/stylingagenten.com\/no\/wp-json\/wp\/v2\/product\/406502","targetHints":{"allow":["GET"]}}],"collection":[{"href":"https:\/\/stylingagenten.com\/no\/wp-json\/wp\/v2\/product"}],"about":[{"href":"https:\/\/stylingagenten.com\/no\/wp-json\/wp\/v2\/types\/product"}],"replies":[{"embeddable":true,"href":"https:\/\/stylingagenten.com\/no\/wp-json\/wp\/v2\/comments?post=406502"}],"version-history":[{"count":0,"href":"https:\/\/stylingagenten.com\/no\/wp-json\/wp\/v2\/product\/406502\/revisions"}],"wp:featuredmedia":[{"embeddable":true,"href":"https:\/\/stylingagenten.com\/no\/wp-json\/wp\/v2\/media\/406500"}],"wp:attachment":[{"href":"https:\/\/stylingagenten.com\/no\/wp-json\/wp\/v2\/media?parent=406502"}],"wp:term":[{"taxonomy":"product_brand","embeddable":true,"href":"https:\/\/stylingagenten.com\/no\/wp-json\/wp\/v2\/product_brand?post=406502"},{"taxonomy":"product_cat","embeddable":true,"href":"https:\/\/stylingagenten.com\/no\/wp-json\/wp\/v2\/product_cat?post=406502"},{"taxonomy":"product_tag","embeddable":true,"href":"https:\/\/stylingagenten.com\/no\/wp-json\/wp\/v2\/product_tag?post=406502"},{"taxonomy":"berocket_brand","embeddable":true,"href":"https:\/\/stylingagenten.com\/no\/wp-json\/wp\/v2\/berocket_brand?post=406502"}],"curies":[{"name":"wp","href":"https:\/\/api.w.org\/{rel}","templated":true}]}}