{"id":406488,"date":"2025-05-18T23:10:19","date_gmt":"2025-05-18T23:10:19","guid":{"rendered":"https:\/\/staging2.stylingagenten.com\/no\/produkt\/bjork-laga-repair-shampoo-300ml\/"},"modified":"2026-03-16T09:30:35","modified_gmt":"2026-03-16T09:30:35","slug":"bjork-laga-repair-shampoo-300ml","status":"publish","type":"product","link":"https:\/\/stylingagenten.com\/no\/produkt\/bjork-laga-repair-shampoo-300ml\/","title":{"rendered":"Bj\u00f6rk LAGA Repair Shampoo 300ml"},"content":{"rendered":"<p>Bj\u00f6rk LAGA Repair Shampoo er en reparerende sjampo for skadet, t\u00f8rt og kjemisk behandlet h\u00e5r. Den styrkende formelen med alge- og bj\u00f8rkeekstrakt gjenoppbygger h\u00e5rets kvalitet. Forhindrer frizz, beroliger hodebunnen og gj\u00f8r h\u00e5ret silkemykt.<\/p>\n<p>Duft: Frisk og blomsterduft med hint av bergamott.<\/p>\n<p>300 ml<\/p>\n","protected":false},"excerpt":{"rendered":"<p>Bj\u00f6rk LAGA Repair Shampoo er en reparerende sjampo for skadet, t\u00f8rt og kjemisk behandlet h\u00e5r. Den styrkende formelen med alge- og bj\u00f8rkeekstrakt gjenoppbygger h\u00e5rets kvalitet. Forhindrer frizz, beroliger hodebunnen og gj\u00f8r h\u00e5ret silkemykt. Duft: Frisk og blomsterduft med hint av bergamott. 300 ml<\/p>\n","protected":false},"featured_media":406485,"comment_status":"open","ping_status":"closed","template":"","meta":{"_trash_the_other_posts":false},"product_brand":[],"product_cat":[563],"product_tag":[2563],"berocket_brand":[1418],"class_list":{"0":"post-406488","1":"product","2":"type-product","3":"status-publish","4":"has-post-thumbnail","6":"product_cat-sjampo","7":"product_tag-bjork-laga-repair-shampoo","8":"pa_brand-bjork","9":"pa_variant-300ml","10":"berocket_brand-bjork","12":"first","13":"instock","14":"taxable","15":"shipping-taxable","16":"purchasable","17":"product-type-simple"},"_links":{"self":[{"href":"https:\/\/stylingagenten.com\/no\/wp-json\/wp\/v2\/product\/406488","targetHints":{"allow":["GET"]}}],"collection":[{"href":"https:\/\/stylingagenten.com\/no\/wp-json\/wp\/v2\/product"}],"about":[{"href":"https:\/\/stylingagenten.com\/no\/wp-json\/wp\/v2\/types\/product"}],"replies":[{"embeddable":true,"href":"https:\/\/stylingagenten.com\/no\/wp-json\/wp\/v2\/comments?post=406488"}],"version-history":[{"count":0,"href":"https:\/\/stylingagenten.com\/no\/wp-json\/wp\/v2\/product\/406488\/revisions"}],"wp:featuredmedia":[{"embeddable":true,"href":"https:\/\/stylingagenten.com\/no\/wp-json\/wp\/v2\/media\/406485"}],"wp:attachment":[{"href":"https:\/\/stylingagenten.com\/no\/wp-json\/wp\/v2\/media?parent=406488"}],"wp:term":[{"taxonomy":"product_brand","embeddable":true,"href":"https:\/\/stylingagenten.com\/no\/wp-json\/wp\/v2\/product_brand?post=406488"},{"taxonomy":"product_cat","embeddable":true,"href":"https:\/\/stylingagenten.com\/no\/wp-json\/wp\/v2\/product_cat?post=406488"},{"taxonomy":"product_tag","embeddable":true,"href":"https:\/\/stylingagenten.com\/no\/wp-json\/wp\/v2\/product_tag?post=406488"},{"taxonomy":"berocket_brand","embeddable":true,"href":"https:\/\/stylingagenten.com\/no\/wp-json\/wp\/v2\/berocket_brand?post=406488"}],"curies":[{"name":"wp","href":"https:\/\/api.w.org\/{rel}","templated":true}]}}