{"id":406463,"date":"2025-05-18T23:10:16","date_gmt":"2025-05-18T23:10:16","guid":{"rendered":"https:\/\/staging2.stylingagenten.com\/no\/produkt\/balmain-illuminating-shampoo-white-pearl-300ml\/"},"modified":"2026-03-11T21:58:57","modified_gmt":"2026-03-11T21:58:57","slug":"balmain-illuminating-shampoo-white-pearl-300ml","status":"publish","type":"product","link":"https:\/\/stylingagenten.com\/no\/produkt\/balmain-illuminating-shampoo-white-pearl-300ml\/","title":{"rendered":"Balmain Illuminating Shampoo White Pearl 300ml"},"content":{"rendered":"<p>Hold det kj\u00f8lig med Balmain Hair Illuminating Shampoo!<br \/>\n<br \/>Blondt, gr\u00e5tt og lysfarget h\u00e5r blir ofte gult og f\u00e5r et messingaktig skj\u00e6r, spesielt p\u00e5 sommerdager n\u00e5r h\u00e5ret utsettes for sol, sj\u00f8 og klor. Demper messingaktige, varme, gyldne toner mellom salongbes\u00f8kene og opprettholder en frisk blond, s\u00f8lv eller lys nyanse.<\/p>\n<p>Illuminated White Pearl inneholder fiolette pigmenter som enkelt korrigerer til \u00f8nsket effekt. Regelmessig bruk bidrar til \u00e5 holde h\u00e5rfargen levende. Illuminating White Pearl Shampoo er for blondt eller lysfarget\/bleket h\u00e5r. Opprettholder lyst h\u00e5r, korrigerer varme gyldne toner uten at h\u00e5ret blir gr\u00e5tt. Perfekt for h\u00e5r som trenger mer glans og en hvit perleeffekt.<\/p>\n<p>300 ml<\/p>\n","protected":false},"excerpt":{"rendered":"<p>Hold det kj\u00f8lig med Balmain Hair Illuminating Shampoo! Blondt, gr\u00e5tt og lysfarget h\u00e5r blir ofte gult og f\u00e5r et messingaktig skj\u00e6r, spesielt p\u00e5 sommerdager n\u00e5r h\u00e5ret utsettes for sol, sj\u00f8 og klor. Demper messingaktige, varme, gyldne toner mellom salongbes\u00f8kene og opprettholder en frisk blond, s\u00f8lv eller lys nyanse. Illuminated White Pearl inneholder fiolette pigmenter som [&hellip;]<\/p>\n","protected":false},"featured_media":406443,"comment_status":"open","ping_status":"closed","template":"","meta":{"_trash_the_other_posts":false},"product_brand":[],"product_cat":[1004,563],"product_tag":[],"berocket_brand":[1144],"class_list":{"0":"post-406463","1":"product","2":"type-product","3":"status-publish","4":"has-post-thumbnail","6":"product_cat-silverschampo","7":"product_cat-sjampo","8":"pa_brand-balmain","9":"berocket_brand-balmain","11":"first","12":"instock","13":"sale","14":"taxable","15":"shipping-taxable","16":"purchasable","17":"product-type-simple"},"_links":{"self":[{"href":"https:\/\/stylingagenten.com\/no\/wp-json\/wp\/v2\/product\/406463","targetHints":{"allow":["GET"]}}],"collection":[{"href":"https:\/\/stylingagenten.com\/no\/wp-json\/wp\/v2\/product"}],"about":[{"href":"https:\/\/stylingagenten.com\/no\/wp-json\/wp\/v2\/types\/product"}],"replies":[{"embeddable":true,"href":"https:\/\/stylingagenten.com\/no\/wp-json\/wp\/v2\/comments?post=406463"}],"version-history":[{"count":0,"href":"https:\/\/stylingagenten.com\/no\/wp-json\/wp\/v2\/product\/406463\/revisions"}],"wp:featuredmedia":[{"embeddable":true,"href":"https:\/\/stylingagenten.com\/no\/wp-json\/wp\/v2\/media\/406443"}],"wp:attachment":[{"href":"https:\/\/stylingagenten.com\/no\/wp-json\/wp\/v2\/media?parent=406463"}],"wp:term":[{"taxonomy":"product_brand","embeddable":true,"href":"https:\/\/stylingagenten.com\/no\/wp-json\/wp\/v2\/product_brand?post=406463"},{"taxonomy":"product_cat","embeddable":true,"href":"https:\/\/stylingagenten.com\/no\/wp-json\/wp\/v2\/product_cat?post=406463"},{"taxonomy":"product_tag","embeddable":true,"href":"https:\/\/stylingagenten.com\/no\/wp-json\/wp\/v2\/product_tag?post=406463"},{"taxonomy":"berocket_brand","embeddable":true,"href":"https:\/\/stylingagenten.com\/no\/wp-json\/wp\/v2\/berocket_brand?post=406463"}],"curies":[{"name":"wp","href":"https:\/\/api.w.org\/{rel}","templated":true}]}}