{"id":406436,"date":"2025-05-18T23:10:12","date_gmt":"2025-05-18T23:10:12","guid":{"rendered":"https:\/\/staging2.stylingagenten.com\/no\/produkt\/balmain-moisturizing-shampoo-50ml\/"},"modified":"2026-03-11T21:44:56","modified_gmt":"2026-03-11T21:44:56","slug":"balmain-moisturizing-shampoo-50ml","status":"publish","type":"product","link":"https:\/\/stylingagenten.com\/no\/produkt\/balmain-moisturizing-shampoo-50ml\/","title":{"rendered":"Balmain Moisturizing Shampoo 50ml"},"content":{"rendered":"<p>Fuktighetsgivende sjampo med h\u00f8y n\u00e6ring, beriket med ren \u00f8kologisk arganolje. Egnet for behandlet og\/eller farget h\u00e5r. Gir sterkt, glansfullt og lett h\u00e5ndterbart h\u00e5r. N\u00e6ringsrik, foryngende og fremhever naturlig glans og ungdommelig elastisitet.<\/p>\n<p>50 ml<\/p>\n","protected":false},"excerpt":{"rendered":"<p>Fuktighetsgivende sjampo med h\u00f8y n\u00e6ring, beriket med ren \u00f8kologisk arganolje. Egnet for behandlet og\/eller farget h\u00e5r. Gir sterkt, glansfullt og lett h\u00e5ndterbart h\u00e5r. N\u00e6ringsrik, foryngende og fremhever naturlig glans og ungdommelig elastisitet. 50 ml<\/p>\n","protected":false},"featured_media":406430,"comment_status":"open","ping_status":"closed","template":"","meta":{"_trash_the_other_posts":false},"product_brand":[],"product_cat":[563],"product_tag":[2455],"berocket_brand":[1144],"class_list":{"0":"post-406436","1":"product","2":"type-product","3":"status-publish","4":"has-post-thumbnail","6":"product_cat-sjampo","7":"product_tag-balmain-moisturizing-shampoo","8":"pa_brand-balmain","9":"pa_variant-50ml","10":"berocket_brand-balmain","12":"first","13":"instock","14":"sale","15":"taxable","16":"shipping-taxable","17":"purchasable","18":"product-type-simple"},"_links":{"self":[{"href":"https:\/\/stylingagenten.com\/no\/wp-json\/wp\/v2\/product\/406436","targetHints":{"allow":["GET"]}}],"collection":[{"href":"https:\/\/stylingagenten.com\/no\/wp-json\/wp\/v2\/product"}],"about":[{"href":"https:\/\/stylingagenten.com\/no\/wp-json\/wp\/v2\/types\/product"}],"replies":[{"embeddable":true,"href":"https:\/\/stylingagenten.com\/no\/wp-json\/wp\/v2\/comments?post=406436"}],"version-history":[{"count":0,"href":"https:\/\/stylingagenten.com\/no\/wp-json\/wp\/v2\/product\/406436\/revisions"}],"wp:featuredmedia":[{"embeddable":true,"href":"https:\/\/stylingagenten.com\/no\/wp-json\/wp\/v2\/media\/406430"}],"wp:attachment":[{"href":"https:\/\/stylingagenten.com\/no\/wp-json\/wp\/v2\/media?parent=406436"}],"wp:term":[{"taxonomy":"product_brand","embeddable":true,"href":"https:\/\/stylingagenten.com\/no\/wp-json\/wp\/v2\/product_brand?post=406436"},{"taxonomy":"product_cat","embeddable":true,"href":"https:\/\/stylingagenten.com\/no\/wp-json\/wp\/v2\/product_cat?post=406436"},{"taxonomy":"product_tag","embeddable":true,"href":"https:\/\/stylingagenten.com\/no\/wp-json\/wp\/v2\/product_tag?post=406436"},{"taxonomy":"berocket_brand","embeddable":true,"href":"https:\/\/stylingagenten.com\/no\/wp-json\/wp\/v2\/berocket_brand?post=406436"}],"curies":[{"name":"wp","href":"https:\/\/api.w.org\/{rel}","templated":true}]}}