{"id":406401,"date":"2025-05-18T23:10:08","date_gmt":"2025-05-18T23:10:08","guid":{"rendered":"https:\/\/staging2.stylingagenten.com\/no\/produkt\/system-professional-repair-shampoo-250ml\/"},"modified":"2026-03-25T18:18:41","modified_gmt":"2026-03-25T18:18:41","slug":"system-professional-repair-shampoo-250ml","status":"publish","type":"product","link":"https:\/\/stylingagenten.com\/no\/produkt\/system-professional-repair-shampoo-250ml\/","title":{"rendered":"System Professional Repair Shampoo 250ml"},"content":{"rendered":"<p>System Professional Repair Shampoo er et styrkende og n\u00e6rende sjampo for skadet h\u00e5r. Denne sk\u00e5nsomme sjampoen gjenoppretter umiddelbart h\u00e5rets kambarhet og gj\u00f8r det glatt, pleiet og beskyttet.<\/p>\n<p>System Professional Repair-serien er utviklet for \u00e5 reparere og styrke skadet og skj\u00f8r h\u00e5r. Den unike formelen inneholder avanserte FibraBuild-molekyler som reparerer, gir n\u00e6ring og fornyer skadde omr\u00e5der, og beskytter h\u00e5ret mot ytterligere stress.<\/p>\n<p>250ml<\/p>\n","protected":false},"excerpt":{"rendered":"<p>System Professional Repair Shampoo er et styrkende og n\u00e6rende sjampo for skadet h\u00e5r. Denne sk\u00e5nsomme sjampoen gjenoppretter umiddelbart h\u00e5rets kambarhet og gj\u00f8r det glatt, pleiet og beskyttet. System Professional Repair-serien er utviklet for \u00e5 reparere og styrke skadet og skj\u00f8r h\u00e5r. Den unike formelen inneholder avanserte FibraBuild-molekyler som reparerer, gir n\u00e6ring og fornyer skadde omr\u00e5der, [&hellip;]<\/p>\n","protected":false},"featured_media":406363,"comment_status":"open","ping_status":"closed","template":"","meta":{"_trash_the_other_posts":false},"product_brand":[],"product_cat":[563],"product_tag":[],"berocket_brand":[1995],"class_list":{"0":"post-406401","1":"product","2":"type-product","3":"status-publish","4":"has-post-thumbnail","6":"product_cat-sjampo","7":"pa_brand-system-professional","8":"berocket_brand-system-professional","10":"first","11":"outofstock","12":"sale","13":"taxable","14":"shipping-taxable","15":"purchasable","16":"product-type-simple"},"_links":{"self":[{"href":"https:\/\/stylingagenten.com\/no\/wp-json\/wp\/v2\/product\/406401","targetHints":{"allow":["GET"]}}],"collection":[{"href":"https:\/\/stylingagenten.com\/no\/wp-json\/wp\/v2\/product"}],"about":[{"href":"https:\/\/stylingagenten.com\/no\/wp-json\/wp\/v2\/types\/product"}],"replies":[{"embeddable":true,"href":"https:\/\/stylingagenten.com\/no\/wp-json\/wp\/v2\/comments?post=406401"}],"version-history":[{"count":0,"href":"https:\/\/stylingagenten.com\/no\/wp-json\/wp\/v2\/product\/406401\/revisions"}],"wp:featuredmedia":[{"embeddable":true,"href":"https:\/\/stylingagenten.com\/no\/wp-json\/wp\/v2\/media\/406363"}],"wp:attachment":[{"href":"https:\/\/stylingagenten.com\/no\/wp-json\/wp\/v2\/media?parent=406401"}],"wp:term":[{"taxonomy":"product_brand","embeddable":true,"href":"https:\/\/stylingagenten.com\/no\/wp-json\/wp\/v2\/product_brand?post=406401"},{"taxonomy":"product_cat","embeddable":true,"href":"https:\/\/stylingagenten.com\/no\/wp-json\/wp\/v2\/product_cat?post=406401"},{"taxonomy":"product_tag","embeddable":true,"href":"https:\/\/stylingagenten.com\/no\/wp-json\/wp\/v2\/product_tag?post=406401"},{"taxonomy":"berocket_brand","embeddable":true,"href":"https:\/\/stylingagenten.com\/no\/wp-json\/wp\/v2\/berocket_brand?post=406401"}],"curies":[{"name":"wp","href":"https:\/\/api.w.org\/{rel}","templated":true}]}}