{"id":406389,"date":"2025-05-18T23:10:06","date_gmt":"2025-05-18T23:10:06","guid":{"rendered":"https:\/\/staging2.stylingagenten.com\/no\/produkt\/system-professional-color-save-shampoo-250ml\/"},"modified":"2026-03-11T21:53:17","modified_gmt":"2026-03-11T21:53:17","slug":"system-professional-color-save-shampoo-250ml","status":"publish","type":"product","link":"https:\/\/stylingagenten.com\/no\/produkt\/system-professional-color-save-shampoo-250ml\/","title":{"rendered":"System Professional Color Save Shampoo 250ml"},"content":{"rendered":"<p>System Professional Color Save Shampoo er en fargebevarende sjampo som beskytter farget h\u00e5r mot UV-str\u00e5ling. Denne sjampoen motvirker falming og fargeforandringer ved \u00e5 gi n\u00e6ring til h\u00e5ret og beskytte keratinstrukturen ved \u00e5 redusere frie radikaler.<\/p>\n<p>Color Save-serien er utviklet for \u00e5 reparere og fremheve farget h\u00e5r, gi det langvarig glans og samtidig bevare en sunn og str\u00e5lende gl\u00f8d.<\/p>\n<p>250ml<\/p>\n","protected":false},"excerpt":{"rendered":"<p>System Professional Color Save Shampoo er en fargebevarende sjampo som beskytter farget h\u00e5r mot UV-str\u00e5ling. Denne sjampoen motvirker falming og fargeforandringer ved \u00e5 gi n\u00e6ring til h\u00e5ret og beskytte keratinstrukturen ved \u00e5 redusere frie radikaler. Color Save-serien er utviklet for \u00e5 reparere og fremheve farget h\u00e5r, gi det langvarig glans og samtidig bevare en sunn [&hellip;]<\/p>\n","protected":false},"featured_media":406359,"comment_status":"open","ping_status":"closed","template":"","meta":{"_trash_the_other_posts":false},"product_brand":[],"product_cat":[563],"product_tag":[],"berocket_brand":[1995],"class_list":{"0":"post-406389","1":"product","2":"type-product","3":"status-publish","4":"has-post-thumbnail","6":"product_cat-sjampo","7":"pa_brand-system-professional","8":"berocket_brand-system-professional","10":"first","11":"instock","12":"sale","13":"taxable","14":"shipping-taxable","15":"purchasable","16":"product-type-simple"},"_links":{"self":[{"href":"https:\/\/stylingagenten.com\/no\/wp-json\/wp\/v2\/product\/406389","targetHints":{"allow":["GET"]}}],"collection":[{"href":"https:\/\/stylingagenten.com\/no\/wp-json\/wp\/v2\/product"}],"about":[{"href":"https:\/\/stylingagenten.com\/no\/wp-json\/wp\/v2\/types\/product"}],"replies":[{"embeddable":true,"href":"https:\/\/stylingagenten.com\/no\/wp-json\/wp\/v2\/comments?post=406389"}],"version-history":[{"count":0,"href":"https:\/\/stylingagenten.com\/no\/wp-json\/wp\/v2\/product\/406389\/revisions"}],"wp:featuredmedia":[{"embeddable":true,"href":"https:\/\/stylingagenten.com\/no\/wp-json\/wp\/v2\/media\/406359"}],"wp:attachment":[{"href":"https:\/\/stylingagenten.com\/no\/wp-json\/wp\/v2\/media?parent=406389"}],"wp:term":[{"taxonomy":"product_brand","embeddable":true,"href":"https:\/\/stylingagenten.com\/no\/wp-json\/wp\/v2\/product_brand?post=406389"},{"taxonomy":"product_cat","embeddable":true,"href":"https:\/\/stylingagenten.com\/no\/wp-json\/wp\/v2\/product_cat?post=406389"},{"taxonomy":"product_tag","embeddable":true,"href":"https:\/\/stylingagenten.com\/no\/wp-json\/wp\/v2\/product_tag?post=406389"},{"taxonomy":"berocket_brand","embeddable":true,"href":"https:\/\/stylingagenten.com\/no\/wp-json\/wp\/v2\/berocket_brand?post=406389"}],"curies":[{"name":"wp","href":"https:\/\/api.w.org\/{rel}","templated":true}]}}