{"id":406374,"date":"2025-05-18T23:10:04","date_gmt":"2025-05-18T23:10:04","guid":{"rendered":"https:\/\/staging2.stylingagenten.com\/no\/produkt\/system-professional-purify-shampeeling-150ml\/"},"modified":"2026-03-13T14:40:22","modified_gmt":"2026-03-13T14:40:22","slug":"system-professional-purify-shampeeling-150ml","status":"publish","type":"product","link":"https:\/\/stylingagenten.com\/no\/produkt\/system-professional-purify-shampeeling-150ml\/","title":{"rendered":"System Professional Purify Shampeeling 150ml"},"content":{"rendered":"<p>System Professional Purify Shampeeling er et sjampo mot flass som rengj\u00f8r hodebunnen dypt, fjerner flass og bidrar til \u00e5 balansere talgproduksjonen for en sunnere hodebunn. Denne dermatologisk testede, pH-n\u00f8ytrale sjampoen inneholder hamamelis og niacinamid som beroliger irritasjon, reduserer betennelse og gj\u00f8r h\u00e5ret mykt, frisk og flassfritt.<\/p>\n<p>System Professional Purify-serien er utviklet for \u00e5 rense i dybden og redusere flass. Serien er b\u00e5de sk\u00e5nsom og effektiv, og den gjenoppretter en sunn hodebunn uten \u00e5 p\u00e5virke den sensitive pH-balansen.<\/p>\n<p>150ml<\/p>\n","protected":false},"excerpt":{"rendered":"<p>System Professional Purify Shampeeling er et sjampo mot flass som rengj\u00f8r hodebunnen dypt, fjerner flass og bidrar til \u00e5 balansere talgproduksjonen for en sunnere hodebunn. Denne dermatologisk testede, pH-n\u00f8ytrale sjampoen inneholder hamamelis og niacinamid som beroliger irritasjon, reduserer betennelse og gj\u00f8r h\u00e5ret mykt, frisk og flassfritt. System Professional Purify-serien er utviklet for \u00e5 rense i [&hellip;]<\/p>\n","protected":false},"featured_media":406318,"comment_status":"open","ping_status":"closed","template":"","meta":{"_trash_the_other_posts":false},"product_brand":[],"product_cat":[563],"product_tag":[],"berocket_brand":[1995],"class_list":{"0":"post-406374","1":"product","2":"type-product","3":"status-publish","4":"has-post-thumbnail","6":"product_cat-sjampo","7":"pa_brand-system-professional","8":"berocket_brand-system-professional","10":"first","11":"instock","12":"sale","13":"taxable","14":"shipping-taxable","15":"purchasable","16":"product-type-simple"},"_links":{"self":[{"href":"https:\/\/stylingagenten.com\/no\/wp-json\/wp\/v2\/product\/406374","targetHints":{"allow":["GET"]}}],"collection":[{"href":"https:\/\/stylingagenten.com\/no\/wp-json\/wp\/v2\/product"}],"about":[{"href":"https:\/\/stylingagenten.com\/no\/wp-json\/wp\/v2\/types\/product"}],"replies":[{"embeddable":true,"href":"https:\/\/stylingagenten.com\/no\/wp-json\/wp\/v2\/comments?post=406374"}],"version-history":[{"count":0,"href":"https:\/\/stylingagenten.com\/no\/wp-json\/wp\/v2\/product\/406374\/revisions"}],"wp:featuredmedia":[{"embeddable":true,"href":"https:\/\/stylingagenten.com\/no\/wp-json\/wp\/v2\/media\/406318"}],"wp:attachment":[{"href":"https:\/\/stylingagenten.com\/no\/wp-json\/wp\/v2\/media?parent=406374"}],"wp:term":[{"taxonomy":"product_brand","embeddable":true,"href":"https:\/\/stylingagenten.com\/no\/wp-json\/wp\/v2\/product_brand?post=406374"},{"taxonomy":"product_cat","embeddable":true,"href":"https:\/\/stylingagenten.com\/no\/wp-json\/wp\/v2\/product_cat?post=406374"},{"taxonomy":"product_tag","embeddable":true,"href":"https:\/\/stylingagenten.com\/no\/wp-json\/wp\/v2\/product_tag?post=406374"},{"taxonomy":"berocket_brand","embeddable":true,"href":"https:\/\/stylingagenten.com\/no\/wp-json\/wp\/v2\/berocket_brand?post=406374"}],"curies":[{"name":"wp","href":"https:\/\/api.w.org\/{rel}","templated":true}]}}