{"id":406365,"date":"2025-05-18T23:10:03","date_gmt":"2025-05-18T23:10:03","guid":{"rendered":"https:\/\/staging2.stylingagenten.com\/no\/produkt\/american-crew-3-in-1-tea-tree-1000ml\/"},"modified":"2026-04-08T15:31:13","modified_gmt":"2026-04-08T15:31:13","slug":"american-crew-3-in-1-tea-tree-1000ml","status":"publish","type":"product","link":"https:\/\/stylingagenten.com\/no\/produkt\/american-crew-3-in-1-tea-tree-1000ml\/","title":{"rendered":"American Crew 3-in-1 Tea Tree 1000ml"},"content":{"rendered":"<p>American Crew 3-i-1 Tea Tree er et praktisk 3-i-1-produkt med sjampo, balsam og dusjs\u00e5pe. Frisker opp og renser samtidig som den stimulerer h\u00e5r og hodebunn. Pleier og gir glans til livl\u00f8st h\u00e5r. Perfekt \u00e5 ha med p\u00e5 reise og til treningssenteret.<\/p>\n<p>1000ml<\/p>\n","protected":false},"excerpt":{"rendered":"<p>American Crew 3-i-1 Tea Tree er et praktisk 3-i-1-produkt med sjampo, balsam og dusjs\u00e5pe. Frisker opp og renser samtidig som den stimulerer h\u00e5r og hodebunn. Pleier og gir glans til livl\u00f8st h\u00e5r. Perfekt \u00e5 ha med p\u00e5 reise og til treningssenteret. 1000ml<\/p>\n","protected":false},"featured_media":406357,"comment_status":"open","ping_status":"closed","template":"","meta":{"_trash_the_other_posts":false},"product_brand":[],"product_cat":[563],"product_tag":[2358],"berocket_brand":[1071],"class_list":{"0":"post-406365","1":"product","2":"type-product","3":"status-publish","4":"has-post-thumbnail","6":"product_cat-sjampo","7":"product_tag-american-crew-3-in-1-tea-tree","8":"pa_brand-american-crew","9":"pa_variant-1000ml","10":"berocket_brand-american-crew","12":"first","13":"outofstock","14":"sale","15":"taxable","16":"shipping-taxable","17":"purchasable","18":"product-type-simple"},"_links":{"self":[{"href":"https:\/\/stylingagenten.com\/no\/wp-json\/wp\/v2\/product\/406365","targetHints":{"allow":["GET"]}}],"collection":[{"href":"https:\/\/stylingagenten.com\/no\/wp-json\/wp\/v2\/product"}],"about":[{"href":"https:\/\/stylingagenten.com\/no\/wp-json\/wp\/v2\/types\/product"}],"replies":[{"embeddable":true,"href":"https:\/\/stylingagenten.com\/no\/wp-json\/wp\/v2\/comments?post=406365"}],"version-history":[{"count":0,"href":"https:\/\/stylingagenten.com\/no\/wp-json\/wp\/v2\/product\/406365\/revisions"}],"wp:featuredmedia":[{"embeddable":true,"href":"https:\/\/stylingagenten.com\/no\/wp-json\/wp\/v2\/media\/406357"}],"wp:attachment":[{"href":"https:\/\/stylingagenten.com\/no\/wp-json\/wp\/v2\/media?parent=406365"}],"wp:term":[{"taxonomy":"product_brand","embeddable":true,"href":"https:\/\/stylingagenten.com\/no\/wp-json\/wp\/v2\/product_brand?post=406365"},{"taxonomy":"product_cat","embeddable":true,"href":"https:\/\/stylingagenten.com\/no\/wp-json\/wp\/v2\/product_cat?post=406365"},{"taxonomy":"product_tag","embeddable":true,"href":"https:\/\/stylingagenten.com\/no\/wp-json\/wp\/v2\/product_tag?post=406365"},{"taxonomy":"berocket_brand","embeddable":true,"href":"https:\/\/stylingagenten.com\/no\/wp-json\/wp\/v2\/berocket_brand?post=406365"}],"curies":[{"name":"wp","href":"https:\/\/api.w.org\/{rel}","templated":true}]}}