{"id":406358,"date":"2025-05-18T23:10:02","date_gmt":"2025-05-18T23:10:02","guid":{"rendered":"https:\/\/staging2.stylingagenten.com\/no\/produkt\/system-professional-smoothen-shampoo-250ml\/"},"modified":"2026-03-11T21:52:42","modified_gmt":"2026-03-11T21:52:42","slug":"system-professional-smoothen-shampoo-250ml","status":"publish","type":"product","link":"https:\/\/stylingagenten.com\/no\/produkt\/system-professional-smoothen-shampoo-250ml\/","title":{"rendered":"System Professional Smoothen Shampoo 250ml"},"content":{"rendered":"<p>System Professional Smoothen Shampoo er et utsl\u00e5ende og mykgj\u00f8rende sjampo for ustyrlig h\u00e5r. Den rengj\u00f8r sk\u00e5nsomt og er spesielt utviklet for \u00e5 gre ut og mykgj\u00f8re uregjerlig, kr\u00f8llete eller vanskelig h\u00e5r.<\/p>\n<p>Passer perfekt for:<\/p>\n<p>Grovt h\u00e5r som f\u00f8les t\u00f8rt eller vanskelig \u00e5 h\u00e5ndtere<\/p>\n<p>Kr\u00f8llete h\u00e5r som trenger kontroll og elastisitet<\/p>\n<p>Frizzy h\u00e5r som p\u00e5virkes av h\u00f8y luftfuktighet<br \/>Smoothen-serien gir n\u00e6ring, balanserer h\u00e5rets hydrolipidprofil og beskytter mot utt\u00f8rking.<\/p>\n<p>250ml<\/p>\n","protected":false},"excerpt":{"rendered":"<p>System Professional Smoothen Shampoo er et utsl\u00e5ende og mykgj\u00f8rende sjampo for ustyrlig h\u00e5r. Den rengj\u00f8r sk\u00e5nsomt og er spesielt utviklet for \u00e5 gre ut og mykgj\u00f8re uregjerlig, kr\u00f8llete eller vanskelig h\u00e5r. Passer perfekt for: Grovt h\u00e5r som f\u00f8les t\u00f8rt eller vanskelig \u00e5 h\u00e5ndtere Kr\u00f8llete h\u00e5r som trenger kontroll og elastisitet Frizzy h\u00e5r som p\u00e5virkes av [&hellip;]<\/p>\n","protected":false},"featured_media":406305,"comment_status":"open","ping_status":"closed","template":"","meta":{"_trash_the_other_posts":false},"product_brand":[],"product_cat":[563],"product_tag":[],"berocket_brand":[1995],"class_list":{"0":"post-406358","1":"product","2":"type-product","3":"status-publish","4":"has-post-thumbnail","6":"product_cat-sjampo","7":"pa_brand-system-professional","8":"berocket_brand-system-professional","10":"first","11":"instock","12":"sale","13":"taxable","14":"shipping-taxable","15":"purchasable","16":"product-type-simple"},"_links":{"self":[{"href":"https:\/\/stylingagenten.com\/no\/wp-json\/wp\/v2\/product\/406358","targetHints":{"allow":["GET"]}}],"collection":[{"href":"https:\/\/stylingagenten.com\/no\/wp-json\/wp\/v2\/product"}],"about":[{"href":"https:\/\/stylingagenten.com\/no\/wp-json\/wp\/v2\/types\/product"}],"replies":[{"embeddable":true,"href":"https:\/\/stylingagenten.com\/no\/wp-json\/wp\/v2\/comments?post=406358"}],"version-history":[{"count":0,"href":"https:\/\/stylingagenten.com\/no\/wp-json\/wp\/v2\/product\/406358\/revisions"}],"wp:featuredmedia":[{"embeddable":true,"href":"https:\/\/stylingagenten.com\/no\/wp-json\/wp\/v2\/media\/406305"}],"wp:attachment":[{"href":"https:\/\/stylingagenten.com\/no\/wp-json\/wp\/v2\/media?parent=406358"}],"wp:term":[{"taxonomy":"product_brand","embeddable":true,"href":"https:\/\/stylingagenten.com\/no\/wp-json\/wp\/v2\/product_brand?post=406358"},{"taxonomy":"product_cat","embeddable":true,"href":"https:\/\/stylingagenten.com\/no\/wp-json\/wp\/v2\/product_cat?post=406358"},{"taxonomy":"product_tag","embeddable":true,"href":"https:\/\/stylingagenten.com\/no\/wp-json\/wp\/v2\/product_tag?post=406358"},{"taxonomy":"berocket_brand","embeddable":true,"href":"https:\/\/stylingagenten.com\/no\/wp-json\/wp\/v2\/berocket_brand?post=406358"}],"curies":[{"name":"wp","href":"https:\/\/api.w.org\/{rel}","templated":true}]}}