{"id":406340,"date":"2025-05-18T23:09:59","date_gmt":"2025-05-18T23:09:59","guid":{"rendered":"https:\/\/staging2.stylingagenten.com\/no\/produkt\/maria-nila-coils-curls-co-wash-1000ml\/"},"modified":"2026-03-12T19:47:42","modified_gmt":"2026-03-12T19:47:42","slug":"maria-nila-coils-curls-co-wash-1000ml","status":"publish","type":"product","link":"https:\/\/stylingagenten.com\/no\/produkt\/maria-nila-coils-curls-co-wash-1000ml\/","title":{"rendered":"Maria Nila Coils &amp; Curls Co-Wash 1000ml"},"content":{"rendered":"<p>Maria Nila Coils &amp; Curls Co-Wash er en fuktighetsgivende og utredende sjampo og balsam i ett, utviklet for alle typer kr\u00f8llete h\u00e5r. Den sk\u00e5nsomme Co-Washen inneholder sheasm\u00f8r, jojobaolje, aloe vera og vitamin E som pleier b\u00e5de h\u00e5r og hodebunn, rengj\u00f8r og gir h\u00e5ret en myk f\u00f8lelse.<\/p>\n<p>Passer for alle typer b\u00f8lgete og kr\u00f8llete h\u00e5r<br \/>\n<br \/>Rengj\u00f8r sk\u00e5nsomt<br \/>\n<br \/>Fuktighetsgivende &amp; utredende<br \/>\n<br \/>100 % vegansk<br \/>\n<br \/>CO2-kompensert emballasje<br \/>\n<br \/>1000 ml<\/p>\n","protected":false},"excerpt":{"rendered":"<p>Maria Nila Coils &amp; Curls Co-Wash er en fuktighetsgivende og utredende sjampo og balsam i ett, utviklet for alle typer kr\u00f8llete h\u00e5r. Den sk\u00e5nsomme Co-Washen inneholder sheasm\u00f8r, jojobaolje, aloe vera og vitamin E som pleier b\u00e5de h\u00e5r og hodebunn, rengj\u00f8r og gir h\u00e5ret en myk f\u00f8lelse. Passer for alle typer b\u00f8lgete og kr\u00f8llete h\u00e5r Rengj\u00f8r [&hellip;]<\/p>\n","protected":false},"featured_media":406328,"comment_status":"open","ping_status":"closed","template":"","meta":{"_trash_the_other_posts":false},"product_brand":[],"product_cat":[563],"product_tag":[],"berocket_brand":[1388],"class_list":{"0":"post-406340","1":"product","2":"type-product","3":"status-publish","4":"has-post-thumbnail","6":"product_cat-sjampo","7":"pa_brand-maria-nila","8":"berocket_brand-maria-nila","10":"first","11":"instock","12":"taxable","13":"shipping-taxable","14":"purchasable","15":"product-type-simple"},"_links":{"self":[{"href":"https:\/\/stylingagenten.com\/no\/wp-json\/wp\/v2\/product\/406340","targetHints":{"allow":["GET"]}}],"collection":[{"href":"https:\/\/stylingagenten.com\/no\/wp-json\/wp\/v2\/product"}],"about":[{"href":"https:\/\/stylingagenten.com\/no\/wp-json\/wp\/v2\/types\/product"}],"replies":[{"embeddable":true,"href":"https:\/\/stylingagenten.com\/no\/wp-json\/wp\/v2\/comments?post=406340"}],"version-history":[{"count":0,"href":"https:\/\/stylingagenten.com\/no\/wp-json\/wp\/v2\/product\/406340\/revisions"}],"wp:featuredmedia":[{"embeddable":true,"href":"https:\/\/stylingagenten.com\/no\/wp-json\/wp\/v2\/media\/406328"}],"wp:attachment":[{"href":"https:\/\/stylingagenten.com\/no\/wp-json\/wp\/v2\/media?parent=406340"}],"wp:term":[{"taxonomy":"product_brand","embeddable":true,"href":"https:\/\/stylingagenten.com\/no\/wp-json\/wp\/v2\/product_brand?post=406340"},{"taxonomy":"product_cat","embeddable":true,"href":"https:\/\/stylingagenten.com\/no\/wp-json\/wp\/v2\/product_cat?post=406340"},{"taxonomy":"product_tag","embeddable":true,"href":"https:\/\/stylingagenten.com\/no\/wp-json\/wp\/v2\/product_tag?post=406340"},{"taxonomy":"berocket_brand","embeddable":true,"href":"https:\/\/stylingagenten.com\/no\/wp-json\/wp\/v2\/berocket_brand?post=406340"}],"curies":[{"name":"wp","href":"https:\/\/api.w.org\/{rel}","templated":true}]}}