{"id":406339,"date":"2025-05-18T23:09:59","date_gmt":"2025-05-18T23:09:59","guid":{"rendered":"https:\/\/staging2.stylingagenten.com\/no\/produkt\/system-professional-volumize-shampoo-250ml\/"},"modified":"2026-03-13T14:41:46","modified_gmt":"2026-03-13T14:41:46","slug":"system-professional-volumize-shampoo-250ml","status":"publish","type":"product","link":"https:\/\/stylingagenten.com\/no\/produkt\/system-professional-volumize-shampoo-250ml\/","title":{"rendered":"System Professional Volumize Shampoo 250ml"},"content":{"rendered":"<p>System Professional Volumize Shampoo er et styrkende og volumegivende sjampo for alle h\u00e5rtyper, spesielt fint, slapt eller svakt h\u00e5r. Den unike formelen stabiliserer h\u00e5ret innenfra og gir utmerkede pleieegenskaper som gj\u00f8r at h\u00e5ret ser sunt, friskt og fyldig ut. Perfekt for deg som \u00f8nsker fyldigere h\u00e5r med en lett finish.<\/p>\n<p>System Professional Volumize-serien er utviklet for \u00e5 styrke og l\u00f8fte fint og skj\u00f8r h\u00e5r. Med Formastrength Complex gjenoppretter serien fylde, h\u00e5ndterbarhet og styrke til selv det fineste h\u00e5ret. Luksuri\u00f8se og lette formler gj\u00f8r at favorittfrisyrene dine varer lenger.<\/p>\n<p>250ml<\/p>\n","protected":false},"excerpt":{"rendered":"<p>System Professional Volumize Shampoo er et styrkende og volumegivende sjampo for alle h\u00e5rtyper, spesielt fint, slapt eller svakt h\u00e5r. Den unike formelen stabiliserer h\u00e5ret innenfra og gir utmerkede pleieegenskaper som gj\u00f8r at h\u00e5ret ser sunt, friskt og fyldig ut. Perfekt for deg som \u00f8nsker fyldigere h\u00e5r med en lett finish. System Professional Volumize-serien er utviklet [&hellip;]<\/p>\n","protected":false},"featured_media":406292,"comment_status":"open","ping_status":"closed","template":"","meta":{"_trash_the_other_posts":false},"product_brand":[],"product_cat":[563],"product_tag":[],"berocket_brand":[1995],"class_list":{"0":"post-406339","1":"product","2":"type-product","3":"status-publish","4":"has-post-thumbnail","6":"product_cat-sjampo","7":"pa_brand-system-professional","8":"berocket_brand-system-professional","10":"first","11":"instock","12":"sale","13":"taxable","14":"shipping-taxable","15":"purchasable","16":"product-type-simple"},"_links":{"self":[{"href":"https:\/\/stylingagenten.com\/no\/wp-json\/wp\/v2\/product\/406339","targetHints":{"allow":["GET"]}}],"collection":[{"href":"https:\/\/stylingagenten.com\/no\/wp-json\/wp\/v2\/product"}],"about":[{"href":"https:\/\/stylingagenten.com\/no\/wp-json\/wp\/v2\/types\/product"}],"replies":[{"embeddable":true,"href":"https:\/\/stylingagenten.com\/no\/wp-json\/wp\/v2\/comments?post=406339"}],"version-history":[{"count":0,"href":"https:\/\/stylingagenten.com\/no\/wp-json\/wp\/v2\/product\/406339\/revisions"}],"wp:featuredmedia":[{"embeddable":true,"href":"https:\/\/stylingagenten.com\/no\/wp-json\/wp\/v2\/media\/406292"}],"wp:attachment":[{"href":"https:\/\/stylingagenten.com\/no\/wp-json\/wp\/v2\/media?parent=406339"}],"wp:term":[{"taxonomy":"product_brand","embeddable":true,"href":"https:\/\/stylingagenten.com\/no\/wp-json\/wp\/v2\/product_brand?post=406339"},{"taxonomy":"product_cat","embeddable":true,"href":"https:\/\/stylingagenten.com\/no\/wp-json\/wp\/v2\/product_cat?post=406339"},{"taxonomy":"product_tag","embeddable":true,"href":"https:\/\/stylingagenten.com\/no\/wp-json\/wp\/v2\/product_tag?post=406339"},{"taxonomy":"berocket_brand","embeddable":true,"href":"https:\/\/stylingagenten.com\/no\/wp-json\/wp\/v2\/berocket_brand?post=406339"}],"curies":[{"name":"wp","href":"https:\/\/api.w.org\/{rel}","templated":true}]}}