{"id":406331,"date":"2025-05-18T23:09:59","date_gmt":"2025-05-18T23:09:59","guid":{"rendered":"https:\/\/staging2.stylingagenten.com\/no\/produkt\/system-professional-luxeblond-shampoo-250ml\/"},"modified":"2026-03-25T18:18:37","modified_gmt":"2026-03-25T18:18:37","slug":"system-professional-luxeblond-shampoo-250ml","status":"publish","type":"product","link":"https:\/\/stylingagenten.com\/no\/produkt\/system-professional-luxeblond-shampoo-250ml\/","title":{"rendered":"System Professional LuxeBlond Shampoo 250ml"},"content":{"rendered":"<p>System Professional LuxeBlond Shampoo renser h\u00e5ret sk\u00e5nsomt og fjerner opphopning og forurensning samtidig som den n\u00f8ytraliserer gule og kopperaktige undertoner.<\/p>\n<p>System Professional LuxeBlond er en omfattende salon- og hjemme-serie for blondt h\u00e5r som gj\u00f8r det enkelt \u00e5 ta vare p\u00e5 blondt h\u00e5r. LuxeBlond kombinerer kraften fra lipider med lilla pigmenter* og hjelper til med \u00e5 reparere h\u00e5rfibrene fra innsiden og ut, samtidig som den n\u00f8ytraliserer u\u00f8nskede varme undertoner, styrker og beskytter h\u00e5ret mot h\u00e5rbrudd.<\/p>\n<p>250ml<\/p>\n","protected":false},"excerpt":{"rendered":"<p>System Professional LuxeBlond Shampoo renser h\u00e5ret sk\u00e5nsomt og fjerner opphopning og forurensning samtidig som den n\u00f8ytraliserer gule og kopperaktige undertoner. System Professional LuxeBlond er en omfattende salon- og hjemme-serie for blondt h\u00e5r som gj\u00f8r det enkelt \u00e5 ta vare p\u00e5 blondt h\u00e5r. LuxeBlond kombinerer kraften fra lipider med lilla pigmenter* og hjelper til med \u00e5 [&hellip;]<\/p>\n","protected":false},"featured_media":406286,"comment_status":"open","ping_status":"closed","template":"","meta":{"_trash_the_other_posts":false},"product_brand":[],"product_cat":[563],"product_tag":[],"berocket_brand":[1995],"class_list":{"0":"post-406331","1":"product","2":"type-product","3":"status-publish","4":"has-post-thumbnail","6":"product_cat-sjampo","7":"pa_brand-system-professional","8":"berocket_brand-system-professional","10":"first","11":"instock","12":"sale","13":"taxable","14":"shipping-taxable","15":"purchasable","16":"product-type-simple"},"_links":{"self":[{"href":"https:\/\/stylingagenten.com\/no\/wp-json\/wp\/v2\/product\/406331","targetHints":{"allow":["GET"]}}],"collection":[{"href":"https:\/\/stylingagenten.com\/no\/wp-json\/wp\/v2\/product"}],"about":[{"href":"https:\/\/stylingagenten.com\/no\/wp-json\/wp\/v2\/types\/product"}],"replies":[{"embeddable":true,"href":"https:\/\/stylingagenten.com\/no\/wp-json\/wp\/v2\/comments?post=406331"}],"version-history":[{"count":0,"href":"https:\/\/stylingagenten.com\/no\/wp-json\/wp\/v2\/product\/406331\/revisions"}],"wp:featuredmedia":[{"embeddable":true,"href":"https:\/\/stylingagenten.com\/no\/wp-json\/wp\/v2\/media\/406286"}],"wp:attachment":[{"href":"https:\/\/stylingagenten.com\/no\/wp-json\/wp\/v2\/media?parent=406331"}],"wp:term":[{"taxonomy":"product_brand","embeddable":true,"href":"https:\/\/stylingagenten.com\/no\/wp-json\/wp\/v2\/product_brand?post=406331"},{"taxonomy":"product_cat","embeddable":true,"href":"https:\/\/stylingagenten.com\/no\/wp-json\/wp\/v2\/product_cat?post=406331"},{"taxonomy":"product_tag","embeddable":true,"href":"https:\/\/stylingagenten.com\/no\/wp-json\/wp\/v2\/product_tag?post=406331"},{"taxonomy":"berocket_brand","embeddable":true,"href":"https:\/\/stylingagenten.com\/no\/wp-json\/wp\/v2\/berocket_brand?post=406331"}],"curies":[{"name":"wp","href":"https:\/\/api.w.org\/{rel}","templated":true}]}}