{"id":406285,"date":"2025-05-18T23:09:54","date_gmt":"2025-05-18T23:09:54","guid":{"rendered":"https:\/\/staging2.stylingagenten.com\/no\/produkt\/wella-professionals-ultimate-repair-shampoo-250ml\/"},"modified":"2026-03-13T14:42:16","modified_gmt":"2026-03-13T14:42:16","slug":"wella-professionals-ultimate-repair-shampoo-250ml","status":"publish","type":"product","link":"https:\/\/stylingagenten.com\/no\/produkt\/wella-professionals-ultimate-repair-shampoo-250ml\/","title":{"rendered":"Wella Professionals Ultimate Repair Shampoo 250ml"},"content":{"rendered":"<p>Wella Professionals Ultimate Repair Shampoo er en lett, fuktighetsgivende sjampo som sk\u00e5nsomt og effektivt renser h\u00e5ret med et luksuri\u00f8st skum som f\u00e5r det til \u00e5 se sunt, glansfullt og glatt ut.<\/p>\n<p>Denne lette kremshampoen inneholder alfa-hydroksysyre (AHA) og omega 9, som gjenoppbygger bindingene inne i h\u00e5ret og fyller p\u00e5 den ytre barrieren i varme- og blekeskadet h\u00e5r. AHA, som vanligvis er kjent innen hudpleie, brukes i Ultimate Repair for \u00e5 styrke, pleie og hindre h\u00e5rbrudd i b\u00e5de sunt og kjemisk behandlet h\u00e5r ved \u00e5 gjenoppbygge hydrogenbindingene og trenge dypt inn i h\u00e5rfiberen.<\/p>\n<p>Metal Purifier Technology er en teknologi som fjerner urenheter og metaller i vannet. Vask etter vask og gjennom forurensning kan metallpartikler som kobber samle seg i h\u00e5ret. Oxidative prosesser, inkludert UV-eksponering, kan f\u00f8re til frie radikaler som kan forstyrre og skade h\u00e5rets naturlige proteinstruktur. Denne Wella Professionals detox-sjampoen avgifter og gjenoppbygger varme- og blekeskadet h\u00e5r fra innsiden og ut, og gj\u00f8r det sunt, glansfullt og glatt.<\/p>\n<p>Ultimate Repair Shampoo renser, avgifter og fukter alle h\u00e5rtyper og teksturer, enten det er tynt, fett, fint, tykt, rett, b\u00f8lget, kr\u00f8llete, farget, stripet, kinkig, asiatisk eller afro, noe som gj\u00f8r den egnet for alle.<\/p>\n<p>Wella Professionals Ultimate Repair System er en hudpleie-inspirert serie som tilbyr en prestisjefylt h\u00e5rpleierutine som fullf\u00f8rer h\u00e5ret ditt p\u00e5 bare 90 sekunder*. Serien er utviklet for deg som \u00f8nsker det h\u00f8yeste niv\u00e5et av reparasjon og en naturlig, sunn f\u00f8lelse i h\u00e5ret. Den gir n\u00e6ring, styrke og fuktighet, og gj\u00f8r h\u00e5ret mykt, friskt og rent. Dermatologisk testet og vegansk.<\/p>\n<p>*Ved bruk av Ultimate Repair Step 3.<\/p>\n<p>250ml<\/p>\n","protected":false},"excerpt":{"rendered":"<p>Wella Professionals Ultimate Repair Shampoo er en lett, fuktighetsgivende sjampo som sk\u00e5nsomt og effektivt renser h\u00e5ret med et luksuri\u00f8st skum som f\u00e5r det til \u00e5 se sunt, glansfullt og glatt ut. Denne lette kremshampoen inneholder alfa-hydroksysyre (AHA) og omega 9, som gjenoppbygger bindingene inne i h\u00e5ret og fyller p\u00e5 den ytre barrieren i varme- og [&hellip;]<\/p>\n","protected":false},"featured_media":406248,"comment_status":"open","ping_status":"closed","template":"","meta":{"_trash_the_other_posts":false},"product_brand":[],"product_cat":[563],"product_tag":[],"berocket_brand":[1030],"class_list":{"0":"post-406285","1":"product","2":"type-product","3":"status-publish","4":"has-post-thumbnail","6":"product_cat-sjampo","7":"pa_brand-wella","8":"berocket_brand-wella","10":"first","11":"instock","12":"sale","13":"taxable","14":"shipping-taxable","15":"purchasable","16":"product-type-simple"},"_links":{"self":[{"href":"https:\/\/stylingagenten.com\/no\/wp-json\/wp\/v2\/product\/406285","targetHints":{"allow":["GET"]}}],"collection":[{"href":"https:\/\/stylingagenten.com\/no\/wp-json\/wp\/v2\/product"}],"about":[{"href":"https:\/\/stylingagenten.com\/no\/wp-json\/wp\/v2\/types\/product"}],"replies":[{"embeddable":true,"href":"https:\/\/stylingagenten.com\/no\/wp-json\/wp\/v2\/comments?post=406285"}],"version-history":[{"count":0,"href":"https:\/\/stylingagenten.com\/no\/wp-json\/wp\/v2\/product\/406285\/revisions"}],"wp:featuredmedia":[{"embeddable":true,"href":"https:\/\/stylingagenten.com\/no\/wp-json\/wp\/v2\/media\/406248"}],"wp:attachment":[{"href":"https:\/\/stylingagenten.com\/no\/wp-json\/wp\/v2\/media?parent=406285"}],"wp:term":[{"taxonomy":"product_brand","embeddable":true,"href":"https:\/\/stylingagenten.com\/no\/wp-json\/wp\/v2\/product_brand?post=406285"},{"taxonomy":"product_cat","embeddable":true,"href":"https:\/\/stylingagenten.com\/no\/wp-json\/wp\/v2\/product_cat?post=406285"},{"taxonomy":"product_tag","embeddable":true,"href":"https:\/\/stylingagenten.com\/no\/wp-json\/wp\/v2\/product_tag?post=406285"},{"taxonomy":"berocket_brand","embeddable":true,"href":"https:\/\/stylingagenten.com\/no\/wp-json\/wp\/v2\/berocket_brand?post=406285"}],"curies":[{"name":"wp","href":"https:\/\/api.w.org\/{rel}","templated":true}]}}