{"id":406279,"date":"2025-05-18T23:09:53","date_gmt":"2025-05-18T23:09:53","guid":{"rendered":"https:\/\/staging2.stylingagenten.com\/no\/produkt\/wella-professionals-invigo-scalp-balance-anti-dandruff-shampoo-300ml\/"},"modified":"2026-04-09T06:39:55","modified_gmt":"2026-04-09T06:39:55","slug":"wella-professionals-invigo-scalp-balance-anti-dandruff-shampoo-300ml","status":"publish","type":"product","link":"https:\/\/stylingagenten.com\/no\/produkt\/wella-professionals-invigo-scalp-balance-anti-dandruff-shampoo-300ml\/","title":{"rendered":"Wella Professionals Invigo Scalp Balance Anti-Dandruff Shampoo 300ml"},"content":{"rendered":"<p>Wella Professionals Invigo Scalp Balance Anti-Dandruff Shampoo er en beroligende sjampo utviklet for \u00e5 bekjempe flass. Denne profesjonelle og milde sjampoen er beriket med Balance-Blend\u2122 og inneholder pleiende og forfriskende ingredienser som er laget for \u00e5 berolige irritert hodebunn. Denne flasssjampoen bekjemper flass effektivt og fjerner t\u00f8rr hud fra hodebunnen, noe som gj\u00f8r at h\u00e5ret f\u00f8les friskt og rent. Din rutine for sunt h\u00e5r og en balansert hodebunn.<\/p>\n<p>300ml<\/p>\n","protected":false},"excerpt":{"rendered":"<p>Wella Professionals Invigo Scalp Balance Anti-Dandruff Shampoo er en beroligende sjampo utviklet for \u00e5 bekjempe flass. Denne profesjonelle og milde sjampoen er beriket med Balance-Blend\u2122 og inneholder pleiende og forfriskende ingredienser som er laget for \u00e5 berolige irritert hodebunn. Denne flasssjampoen bekjemper flass effektivt og fjerner t\u00f8rr hud fra hodebunnen, noe som gj\u00f8r at h\u00e5ret [&hellip;]<\/p>\n","protected":false},"featured_media":406246,"comment_status":"open","ping_status":"closed","template":"","meta":{"_trash_the_other_posts":false},"product_brand":[],"product_cat":[563],"product_tag":[],"berocket_brand":[1030],"class_list":{"0":"post-406279","1":"product","2":"type-product","3":"status-publish","4":"has-post-thumbnail","6":"product_cat-sjampo","7":"pa_brand-wella","8":"berocket_brand-wella","10":"first","11":"instock","12":"sale","13":"taxable","14":"shipping-taxable","15":"purchasable","16":"product-type-simple"},"_links":{"self":[{"href":"https:\/\/stylingagenten.com\/no\/wp-json\/wp\/v2\/product\/406279","targetHints":{"allow":["GET"]}}],"collection":[{"href":"https:\/\/stylingagenten.com\/no\/wp-json\/wp\/v2\/product"}],"about":[{"href":"https:\/\/stylingagenten.com\/no\/wp-json\/wp\/v2\/types\/product"}],"replies":[{"embeddable":true,"href":"https:\/\/stylingagenten.com\/no\/wp-json\/wp\/v2\/comments?post=406279"}],"version-history":[{"count":0,"href":"https:\/\/stylingagenten.com\/no\/wp-json\/wp\/v2\/product\/406279\/revisions"}],"wp:featuredmedia":[{"embeddable":true,"href":"https:\/\/stylingagenten.com\/no\/wp-json\/wp\/v2\/media\/406246"}],"wp:attachment":[{"href":"https:\/\/stylingagenten.com\/no\/wp-json\/wp\/v2\/media?parent=406279"}],"wp:term":[{"taxonomy":"product_brand","embeddable":true,"href":"https:\/\/stylingagenten.com\/no\/wp-json\/wp\/v2\/product_brand?post=406279"},{"taxonomy":"product_cat","embeddable":true,"href":"https:\/\/stylingagenten.com\/no\/wp-json\/wp\/v2\/product_cat?post=406279"},{"taxonomy":"product_tag","embeddable":true,"href":"https:\/\/stylingagenten.com\/no\/wp-json\/wp\/v2\/product_tag?post=406279"},{"taxonomy":"berocket_brand","embeddable":true,"href":"https:\/\/stylingagenten.com\/no\/wp-json\/wp\/v2\/berocket_brand?post=406279"}],"curies":[{"name":"wp","href":"https:\/\/api.w.org\/{rel}","templated":true}]}}