{"id":406269,"date":"2025-05-18T23:09:51","date_gmt":"2025-05-18T23:09:51","guid":{"rendered":"https:\/\/staging2.stylingagenten.com\/no\/produkt\/wella-professionals-invigo-volume-boost-shampoo-fine-hair-300ml\/"},"modified":"2026-03-26T08:00:19","modified_gmt":"2026-03-26T08:00:19","slug":"wella-professionals-invigo-volume-boost-shampoo-fine-hair-300ml","status":"publish","type":"product","link":"https:\/\/stylingagenten.com\/no\/produkt\/wella-professionals-invigo-volume-boost-shampoo-fine-hair-300ml\/","title":{"rendered":"Wella Professionals Invigo Volume Boost Shampoo Fine Hair 300ml"},"content":{"rendered":"<p>Wella Professionals Invigo Volume Boost Shampoo Fine Hair er en volimgivende sjampo for fint h\u00e5r. Denne profesjonelle volumgivende rensen med Volume Boost-Blend\u2122 er utviklet med fj\u00e6rlette polymerer som omgir h\u00e5rfibrene og bidrar til \u00e5 skape volumin\u00f8se frisyrer under f\u00f8ning. Denne sjampoen er perfekt for normalt til fint h\u00e5r, og gir glans og h\u00e5ndterbarhet uten \u00e5 tynge h\u00e5ret. Din rutine for \u00e5 tilf\u00f8re volum til fint h\u00e5r.<\/p>\n<p>300ml<\/p>\n","protected":false},"excerpt":{"rendered":"<p>Wella Professionals Invigo Volume Boost Shampoo Fine Hair er en volimgivende sjampo for fint h\u00e5r. Denne profesjonelle volumgivende rensen med Volume Boost-Blend\u2122 er utviklet med fj\u00e6rlette polymerer som omgir h\u00e5rfibrene og bidrar til \u00e5 skape volumin\u00f8se frisyrer under f\u00f8ning. Denne sjampoen er perfekt for normalt til fint h\u00e5r, og gir glans og h\u00e5ndterbarhet uten \u00e5 [&hellip;]<\/p>\n","protected":false},"featured_media":406230,"comment_status":"open","ping_status":"closed","template":"","meta":{"_trash_the_other_posts":false},"product_brand":[],"product_cat":[563],"product_tag":[],"berocket_brand":[1030],"class_list":{"0":"post-406269","1":"product","2":"type-product","3":"status-publish","4":"has-post-thumbnail","6":"product_cat-sjampo","7":"pa_brand-wella","8":"berocket_brand-wella","10":"first","11":"instock","12":"sale","13":"taxable","14":"shipping-taxable","15":"purchasable","16":"product-type-simple"},"_links":{"self":[{"href":"https:\/\/stylingagenten.com\/no\/wp-json\/wp\/v2\/product\/406269","targetHints":{"allow":["GET"]}}],"collection":[{"href":"https:\/\/stylingagenten.com\/no\/wp-json\/wp\/v2\/product"}],"about":[{"href":"https:\/\/stylingagenten.com\/no\/wp-json\/wp\/v2\/types\/product"}],"replies":[{"embeddable":true,"href":"https:\/\/stylingagenten.com\/no\/wp-json\/wp\/v2\/comments?post=406269"}],"version-history":[{"count":0,"href":"https:\/\/stylingagenten.com\/no\/wp-json\/wp\/v2\/product\/406269\/revisions"}],"wp:featuredmedia":[{"embeddable":true,"href":"https:\/\/stylingagenten.com\/no\/wp-json\/wp\/v2\/media\/406230"}],"wp:attachment":[{"href":"https:\/\/stylingagenten.com\/no\/wp-json\/wp\/v2\/media?parent=406269"}],"wp:term":[{"taxonomy":"product_brand","embeddable":true,"href":"https:\/\/stylingagenten.com\/no\/wp-json\/wp\/v2\/product_brand?post=406269"},{"taxonomy":"product_cat","embeddable":true,"href":"https:\/\/stylingagenten.com\/no\/wp-json\/wp\/v2\/product_cat?post=406269"},{"taxonomy":"product_tag","embeddable":true,"href":"https:\/\/stylingagenten.com\/no\/wp-json\/wp\/v2\/product_tag?post=406269"},{"taxonomy":"berocket_brand","embeddable":true,"href":"https:\/\/stylingagenten.com\/no\/wp-json\/wp\/v2\/berocket_brand?post=406269"}],"curies":[{"name":"wp","href":"https:\/\/api.w.org\/{rel}","templated":true}]}}