{"id":406268,"date":"2025-05-18T23:09:51","date_gmt":"2025-05-18T23:09:51","guid":{"rendered":"https:\/\/staging2.stylingagenten.com\/no\/produkt\/wella-professionals-invigo-sun-care-after-sun-cleansing-shampoo-300ml\/"},"modified":"2026-03-11T21:46:48","modified_gmt":"2026-03-11T21:46:48","slug":"wella-professionals-invigo-sun-care-after-sun-cleansing-shampoo-300ml","status":"publish","type":"product","link":"https:\/\/stylingagenten.com\/no\/produkt\/wella-professionals-invigo-sun-care-after-sun-cleansing-shampoo-300ml\/","title":{"rendered":"Wella Professionals Invigo Sun Care After Sun Cleansing Shampoo 300ml"},"content":{"rendered":"<p>Wella Professionals Invigo Sun After Sun Cleansing Shampoo er en sk\u00e5nsom rense-sjampo for sol-, sand- og sj\u00f8eksponering. Denne sjampoen inneholder Sun-blend og provitamin B5, som sk\u00e5nsomt rengj\u00f8r h\u00e5ret uten \u00e5 fjerne de naturlige oljene fra h\u00e5r og hodebunn. After Sun Cleansing Shampoo tilf\u00f8rer dyp fuktighet og bidrar til \u00e5 minimere risikoen for at h\u00e5ret blir t\u00f8rt eller f\u00e5r splittede tupper. Avslutt med Wella Professionals Invigo Sun Express Conditioner for best resultat. Din after sun-rutine for alle h\u00e5rtyper.<\/p>\n<p>300ml<\/p>\n","protected":false},"excerpt":{"rendered":"<p>Wella Professionals Invigo Sun After Sun Cleansing Shampoo er en sk\u00e5nsom rense-sjampo for sol-, sand- og sj\u00f8eksponering. Denne sjampoen inneholder Sun-blend og provitamin B5, som sk\u00e5nsomt rengj\u00f8r h\u00e5ret uten \u00e5 fjerne de naturlige oljene fra h\u00e5r og hodebunn. After Sun Cleansing Shampoo tilf\u00f8rer dyp fuktighet og bidrar til \u00e5 minimere risikoen for at h\u00e5ret blir [&hellip;]<\/p>\n","protected":false},"featured_media":406229,"comment_status":"open","ping_status":"closed","template":"","meta":{"_trash_the_other_posts":false},"product_brand":[],"product_cat":[563],"product_tag":[],"berocket_brand":[1030],"class_list":{"0":"post-406268","1":"product","2":"type-product","3":"status-publish","4":"has-post-thumbnail","6":"product_cat-sjampo","7":"pa_brand-wella","8":"berocket_brand-wella","10":"first","11":"instock","12":"sale","13":"taxable","14":"shipping-taxable","15":"purchasable","16":"product-type-simple"},"_links":{"self":[{"href":"https:\/\/stylingagenten.com\/no\/wp-json\/wp\/v2\/product\/406268","targetHints":{"allow":["GET"]}}],"collection":[{"href":"https:\/\/stylingagenten.com\/no\/wp-json\/wp\/v2\/product"}],"about":[{"href":"https:\/\/stylingagenten.com\/no\/wp-json\/wp\/v2\/types\/product"}],"replies":[{"embeddable":true,"href":"https:\/\/stylingagenten.com\/no\/wp-json\/wp\/v2\/comments?post=406268"}],"version-history":[{"count":0,"href":"https:\/\/stylingagenten.com\/no\/wp-json\/wp\/v2\/product\/406268\/revisions"}],"wp:featuredmedia":[{"embeddable":true,"href":"https:\/\/stylingagenten.com\/no\/wp-json\/wp\/v2\/media\/406229"}],"wp:attachment":[{"href":"https:\/\/stylingagenten.com\/no\/wp-json\/wp\/v2\/media?parent=406268"}],"wp:term":[{"taxonomy":"product_brand","embeddable":true,"href":"https:\/\/stylingagenten.com\/no\/wp-json\/wp\/v2\/product_brand?post=406268"},{"taxonomy":"product_cat","embeddable":true,"href":"https:\/\/stylingagenten.com\/no\/wp-json\/wp\/v2\/product_cat?post=406268"},{"taxonomy":"product_tag","embeddable":true,"href":"https:\/\/stylingagenten.com\/no\/wp-json\/wp\/v2\/product_tag?post=406268"},{"taxonomy":"berocket_brand","embeddable":true,"href":"https:\/\/stylingagenten.com\/no\/wp-json\/wp\/v2\/berocket_brand?post=406268"}],"curies":[{"name":"wp","href":"https:\/\/api.w.org\/{rel}","templated":true}]}}