{"id":406213,"date":"2025-05-18T23:09:44","date_gmt":"2025-05-18T23:09:44","guid":{"rendered":"https:\/\/staging2.stylingagenten.com\/no\/produkt\/beard-monkey-salt-water-spray-150ml\/"},"modified":"2026-04-03T15:15:38","modified_gmt":"2026-04-03T15:15:38","slug":"beard-monkey-salt-water-spray-150ml","status":"publish","type":"product","link":"https:\/\/stylingagenten.com\/no\/produkt\/beard-monkey-salt-water-spray-150ml\/","title":{"rendered":"Beard Monkey Salt Water Spray 150ml"},"content":{"rendered":"<p style='margin-top:0cm;margin-right:0cm;margin-bottom:8.0pt;margin-left:0cm;font-size:15px;font-family:\"Calibri\",sans-serif'> Beard Monkey Salt Water Spray er en saltvannsspray som gir h\u00e5ret en matt finish og et rufsete utseende. Sprayen er ogs\u00e5 volumgivende, noe som gj\u00f8r h\u00e5ret fyldig og lett \u00e5 style. Bruk: Spray i t\u00f8rt eller v\u00e5tt h\u00e5r. La h\u00e5ret t\u00f8rke av seg selv for et naturlig rufsete utseende, eller bruk det for ekstra volum.<\/p>\n<p style='margin: 0cm 0cm 8pt;font-family: \"Calibri\", sans-serif'>150 ml<\/p>\n<p style='margin: 0cm 0cm 8pt;font-family: \"Calibri\", sans-serif'><\/p>\n<p style='margin: 0cm 0cm 8pt;font-family: \"Calibri\", sans-serif'><\/p>\n<p><\/p>\n","protected":false},"excerpt":{"rendered":"<p>Beard Monkey Salt Water Spray er en saltvannsspray som gir h\u00e5ret en matt finish og et rufsete utseende. Sprayen er ogs\u00e5 volumgivende, noe som gj\u00f8r h\u00e5ret fyldig og lett \u00e5 style. Bruk: Spray i t\u00f8rt eller v\u00e5tt h\u00e5r. La h\u00e5ret t\u00f8rke av seg selv for et naturlig rufsete utseende, eller bruk det for ekstra volum. [&hellip;]<\/p>\n","protected":false},"featured_media":406211,"comment_status":"open","ping_status":"closed","template":"","meta":{"_trash_the_other_posts":false},"product_brand":[],"product_cat":[603],"product_tag":[],"berocket_brand":[1077],"class_list":{"0":"post-406213","1":"product","2":"type-product","3":"status-publish","4":"has-post-thumbnail","6":"product_cat-saltvannsspray","7":"pa_brand-beard-monkey","8":"berocket_brand-beard-monkey","10":"first","11":"instock","12":"sale","13":"taxable","14":"shipping-taxable","15":"purchasable","16":"product-type-simple"},"_links":{"self":[{"href":"https:\/\/stylingagenten.com\/no\/wp-json\/wp\/v2\/product\/406213","targetHints":{"allow":["GET"]}}],"collection":[{"href":"https:\/\/stylingagenten.com\/no\/wp-json\/wp\/v2\/product"}],"about":[{"href":"https:\/\/stylingagenten.com\/no\/wp-json\/wp\/v2\/types\/product"}],"replies":[{"embeddable":true,"href":"https:\/\/stylingagenten.com\/no\/wp-json\/wp\/v2\/comments?post=406213"}],"version-history":[{"count":0,"href":"https:\/\/stylingagenten.com\/no\/wp-json\/wp\/v2\/product\/406213\/revisions"}],"wp:featuredmedia":[{"embeddable":true,"href":"https:\/\/stylingagenten.com\/no\/wp-json\/wp\/v2\/media\/406211"}],"wp:attachment":[{"href":"https:\/\/stylingagenten.com\/no\/wp-json\/wp\/v2\/media?parent=406213"}],"wp:term":[{"taxonomy":"product_brand","embeddable":true,"href":"https:\/\/stylingagenten.com\/no\/wp-json\/wp\/v2\/product_brand?post=406213"},{"taxonomy":"product_cat","embeddable":true,"href":"https:\/\/stylingagenten.com\/no\/wp-json\/wp\/v2\/product_cat?post=406213"},{"taxonomy":"product_tag","embeddable":true,"href":"https:\/\/stylingagenten.com\/no\/wp-json\/wp\/v2\/product_tag?post=406213"},{"taxonomy":"berocket_brand","embeddable":true,"href":"https:\/\/stylingagenten.com\/no\/wp-json\/wp\/v2\/berocket_brand?post=406213"}],"curies":[{"name":"wp","href":"https:\/\/api.w.org\/{rel}","templated":true}]}}