{"id":406210,"date":"2025-05-18T23:09:42","date_gmt":"2025-05-18T23:09:42","guid":{"rendered":"https:\/\/staging2.stylingagenten.com\/no\/produkt\/wella-eimi-ocean-spritz-salt-spray-150ml\/"},"modified":"2026-04-14T10:14:39","modified_gmt":"2026-04-14T10:14:39","slug":"wella-eimi-ocean-spritz-salt-spray-150ml","status":"publish","type":"product","link":"https:\/\/stylingagenten.com\/no\/produkt\/wella-eimi-ocean-spritz-salt-spray-150ml\/","title":{"rendered":"Wella EIMI Ocean Spritz Salt Spray 150ml"},"content":{"rendered":"<p>Wella EIMI Ocean Spritz Salt Spray gir deg en saltvannsf\u00f8lelse og strandutseende. Gir st\u00f8tte, volum og en matt finish. Spray inn i t\u00f8rt h\u00e5r n\u00e6rmest hodebunnen og skyv fremover for fylde, volum, perfekt eller slem look.<\/p>\n","protected":false},"excerpt":{"rendered":"<p>Wella EIMI Ocean Spritz Salt Spray gir deg en saltvannsf\u00f8lelse og strandutseende. Gir st\u00f8tte, volum og en matt finish. Spray inn i t\u00f8rt h\u00e5r n\u00e6rmest hodebunnen og skyv fremover for fylde, volum, perfekt eller slem look.<\/p>\n","protected":false},"featured_media":406195,"comment_status":"open","ping_status":"closed","template":"","meta":{"_trash_the_other_posts":false},"product_brand":[],"product_cat":[1003,603],"product_tag":[],"berocket_brand":[1030],"class_list":{"0":"post-406210","1":"product","2":"type-product","3":"status-publish","4":"has-post-thumbnail","6":"product_cat-bestselgere","7":"product_cat-saltvannsspray","8":"pa_brand-wella","9":"berocket_brand-wella","11":"first","12":"instock","13":"sale","14":"taxable","15":"shipping-taxable","16":"purchasable","17":"product-type-simple"},"_links":{"self":[{"href":"https:\/\/stylingagenten.com\/no\/wp-json\/wp\/v2\/product\/406210","targetHints":{"allow":["GET"]}}],"collection":[{"href":"https:\/\/stylingagenten.com\/no\/wp-json\/wp\/v2\/product"}],"about":[{"href":"https:\/\/stylingagenten.com\/no\/wp-json\/wp\/v2\/types\/product"}],"replies":[{"embeddable":true,"href":"https:\/\/stylingagenten.com\/no\/wp-json\/wp\/v2\/comments?post=406210"}],"version-history":[{"count":0,"href":"https:\/\/stylingagenten.com\/no\/wp-json\/wp\/v2\/product\/406210\/revisions"}],"wp:featuredmedia":[{"embeddable":true,"href":"https:\/\/stylingagenten.com\/no\/wp-json\/wp\/v2\/media\/406195"}],"wp:attachment":[{"href":"https:\/\/stylingagenten.com\/no\/wp-json\/wp\/v2\/media?parent=406210"}],"wp:term":[{"taxonomy":"product_brand","embeddable":true,"href":"https:\/\/stylingagenten.com\/no\/wp-json\/wp\/v2\/product_brand?post=406210"},{"taxonomy":"product_cat","embeddable":true,"href":"https:\/\/stylingagenten.com\/no\/wp-json\/wp\/v2\/product_cat?post=406210"},{"taxonomy":"product_tag","embeddable":true,"href":"https:\/\/stylingagenten.com\/no\/wp-json\/wp\/v2\/product_tag?post=406210"},{"taxonomy":"berocket_brand","embeddable":true,"href":"https:\/\/stylingagenten.com\/no\/wp-json\/wp\/v2\/berocket_brand?post=406210"}],"curies":[{"name":"wp","href":"https:\/\/api.w.org\/{rel}","templated":true}]}}