{"id":406197,"date":"2025-05-18T23:09:41","date_gmt":"2025-05-18T23:09:41","guid":{"rendered":"https:\/\/staging2.stylingagenten.com\/no\/produkt\/paul-mitchell-tea-tree-wave-refresher-spray-125ml\/"},"modified":"2026-03-11T21:50:26","modified_gmt":"2026-03-11T21:50:26","slug":"paul-mitchell-tea-tree-wave-refresher-spray-125ml","status":"publish","type":"product","link":"https:\/\/stylingagenten.com\/no\/produkt\/paul-mitchell-tea-tree-wave-refresher-spray-125ml\/","title":{"rendered":"Paul Mitchell Tea Tree Wave Refresher Spray 125ml"},"content":{"rendered":"<p>Nyt en havinspirert stylingopplevelse med Paul Mitchell Tea Tree Wave Refresher Spray. Frisk opp og definer g\u00e5rsdagens strandb\u00f8lger eller din naturlige h\u00e5rtekstur. Inneholder en unik blanding av tea tree olje, peppermynte og kokos for en pleiende og forfriskende f\u00f8lelse for \u00f8rene og sinnet.<\/p>\n<p>Fri for parabener og gluten. Vegansk.<\/p>\n","protected":false},"excerpt":{"rendered":"<p>Nyt en havinspirert stylingopplevelse med Paul Mitchell Tea Tree Wave Refresher Spray. Frisk opp og definer g\u00e5rsdagens strandb\u00f8lger eller din naturlige h\u00e5rtekstur. Inneholder en unik blanding av tea tree olje, peppermynte og kokos for en pleiende og forfriskende f\u00f8lelse for \u00f8rene og sinnet. Fri for parabener og gluten. Vegansk.<\/p>\n","protected":false},"featured_media":406192,"comment_status":"open","ping_status":"closed","template":"","meta":{"_trash_the_other_posts":false},"product_brand":[],"product_cat":[603],"product_tag":[],"berocket_brand":[1053],"class_list":{"0":"post-406197","1":"product","2":"type-product","3":"status-publish","4":"has-post-thumbnail","6":"product_cat-saltvannsspray","7":"pa_brand-paul-mitchell","8":"berocket_brand-paul-mitchell","10":"first","11":"instock","12":"sale","13":"taxable","14":"shipping-taxable","15":"purchasable","16":"product-type-simple"},"_links":{"self":[{"href":"https:\/\/stylingagenten.com\/no\/wp-json\/wp\/v2\/product\/406197","targetHints":{"allow":["GET"]}}],"collection":[{"href":"https:\/\/stylingagenten.com\/no\/wp-json\/wp\/v2\/product"}],"about":[{"href":"https:\/\/stylingagenten.com\/no\/wp-json\/wp\/v2\/types\/product"}],"replies":[{"embeddable":true,"href":"https:\/\/stylingagenten.com\/no\/wp-json\/wp\/v2\/comments?post=406197"}],"version-history":[{"count":0,"href":"https:\/\/stylingagenten.com\/no\/wp-json\/wp\/v2\/product\/406197\/revisions"}],"wp:featuredmedia":[{"embeddable":true,"href":"https:\/\/stylingagenten.com\/no\/wp-json\/wp\/v2\/media\/406192"}],"wp:attachment":[{"href":"https:\/\/stylingagenten.com\/no\/wp-json\/wp\/v2\/media?parent=406197"}],"wp:term":[{"taxonomy":"product_brand","embeddable":true,"href":"https:\/\/stylingagenten.com\/no\/wp-json\/wp\/v2\/product_brand?post=406197"},{"taxonomy":"product_cat","embeddable":true,"href":"https:\/\/stylingagenten.com\/no\/wp-json\/wp\/v2\/product_cat?post=406197"},{"taxonomy":"product_tag","embeddable":true,"href":"https:\/\/stylingagenten.com\/no\/wp-json\/wp\/v2\/product_tag?post=406197"},{"taxonomy":"berocket_brand","embeddable":true,"href":"https:\/\/stylingagenten.com\/no\/wp-json\/wp\/v2\/berocket_brand?post=406197"}],"curies":[{"name":"wp","href":"https:\/\/api.w.org\/{rel}","templated":true}]}}