{"id":406194,"date":"2025-05-18T23:09:40","date_gmt":"2025-05-18T23:09:40","guid":{"rendered":"https:\/\/staging2.stylingagenten.com\/no\/produkt\/ellwo-salt-water-spray-250ml\/"},"modified":"2026-04-03T15:16:51","modified_gmt":"2026-04-03T15:16:51","slug":"ellwo-salt-water-spray-250ml","status":"publish","type":"product","link":"https:\/\/stylingagenten.com\/no\/produkt\/ellwo-salt-water-spray-250ml\/","title":{"rendered":"Ellwo Salt Water Spray 250ml"},"content":{"rendered":"<p>Ellwo Salt Water Spray er en fargebevarende saltvannsspray som gir lett hold med volum og tekstur. Beriket med aktive ingredienser som beskytter og verdsetter h\u00e5ret. For ekstra volum bruk h\u00e5ret og la h\u00e5ret t\u00f8rke for et naturlig resultat. Sprayen fungerer utmerket i b\u00e5de kort og langt h\u00e5r. Inneholder D-Panthenol.<\/p>\n<p>Sulfat- og parabenfri<br \/>Vegan<br \/>Fargebevaring<br \/>UV-beskyttelse<\/p>\n","protected":false},"excerpt":{"rendered":"<p>Ellwo Salt Water Spray er en fargebevarende saltvannsspray som gir lett hold med volum og tekstur. Beriket med aktive ingredienser som beskytter og verdsetter h\u00e5ret. For ekstra volum bruk h\u00e5ret og la h\u00e5ret t\u00f8rke for et naturlig resultat. Sprayen fungerer utmerket i b\u00e5de kort og langt h\u00e5r. Inneholder D-Panthenol. Sulfat- og parabenfriVeganFargebevaringUV-beskyttelse<\/p>\n","protected":false},"featured_media":406189,"comment_status":"open","ping_status":"closed","template":"","meta":{"_trash_the_other_posts":false},"product_brand":[],"product_cat":[603],"product_tag":[],"berocket_brand":[1305],"class_list":{"0":"post-406194","1":"product","2":"type-product","3":"status-publish","4":"has-post-thumbnail","6":"product_cat-saltvannsspray","7":"pa_brand-ellwo-professional","8":"berocket_brand-ellwo-professional","10":"first","11":"instock","12":"sale","13":"taxable","14":"shipping-taxable","15":"purchasable","16":"product-type-simple"},"_links":{"self":[{"href":"https:\/\/stylingagenten.com\/no\/wp-json\/wp\/v2\/product\/406194","targetHints":{"allow":["GET"]}}],"collection":[{"href":"https:\/\/stylingagenten.com\/no\/wp-json\/wp\/v2\/product"}],"about":[{"href":"https:\/\/stylingagenten.com\/no\/wp-json\/wp\/v2\/types\/product"}],"replies":[{"embeddable":true,"href":"https:\/\/stylingagenten.com\/no\/wp-json\/wp\/v2\/comments?post=406194"}],"version-history":[{"count":0,"href":"https:\/\/stylingagenten.com\/no\/wp-json\/wp\/v2\/product\/406194\/revisions"}],"wp:featuredmedia":[{"embeddable":true,"href":"https:\/\/stylingagenten.com\/no\/wp-json\/wp\/v2\/media\/406189"}],"wp:attachment":[{"href":"https:\/\/stylingagenten.com\/no\/wp-json\/wp\/v2\/media?parent=406194"}],"wp:term":[{"taxonomy":"product_brand","embeddable":true,"href":"https:\/\/stylingagenten.com\/no\/wp-json\/wp\/v2\/product_brand?post=406194"},{"taxonomy":"product_cat","embeddable":true,"href":"https:\/\/stylingagenten.com\/no\/wp-json\/wp\/v2\/product_cat?post=406194"},{"taxonomy":"product_tag","embeddable":true,"href":"https:\/\/stylingagenten.com\/no\/wp-json\/wp\/v2\/product_tag?post=406194"},{"taxonomy":"berocket_brand","embeddable":true,"href":"https:\/\/stylingagenten.com\/no\/wp-json\/wp\/v2\/berocket_brand?post=406194"}],"curies":[{"name":"wp","href":"https:\/\/api.w.org\/{rel}","templated":true}]}}