{"id":406159,"date":"2025-05-18T23:09:33","date_gmt":"2025-05-18T23:09:33","guid":{"rendered":"https:\/\/staging2.stylingagenten.com\/no\/produkt\/sachajuan-ocean-mist-150ml\/"},"modified":"2026-03-11T21:54:22","modified_gmt":"2026-03-11T21:54:22","slug":"sachajuan-ocean-mist-150ml","status":"publish","type":"product","link":"https:\/\/stylingagenten.com\/no\/produkt\/sachajuan-ocean-mist-150ml\/","title":{"rendered":"SACHAJUAN Ocean Mist 150ml"},"content":{"rendered":"<p>SACHAJUAN Ocean Mist er som en saltvannsspray som kan p\u00e5f\u00f8res b\u00e5de i v\u00e5tt og t\u00f8rt h\u00e5r for \u00e5 skape struktur og lett hold &#8211; omtrent som \u00e5 ha badet i saltvann. Ocean Mist kan brukes b\u00e5de som f\u00f8nende v\u00e6ske og som sluttspray uten \u00e5 tilf\u00f8re glans. Produktet er perfekt for b\u00e5de kr\u00f8llete og b\u00f8lgete h\u00e5r eller n\u00e5r du \u00f8nsker en mer naturlig &laquo;look uten hardt sett.<\/p>\n<p>150ml<\/p>\n","protected":false},"excerpt":{"rendered":"<p>SACHAJUAN Ocean Mist er som en saltvannsspray som kan p\u00e5f\u00f8res b\u00e5de i v\u00e5tt og t\u00f8rt h\u00e5r for \u00e5 skape struktur og lett hold &#8211; omtrent som \u00e5 ha badet i saltvann. Ocean Mist kan brukes b\u00e5de som f\u00f8nende v\u00e6ske og som sluttspray uten \u00e5 tilf\u00f8re glans. Produktet er perfekt for b\u00e5de kr\u00f8llete og b\u00f8lgete h\u00e5r [&hellip;]<\/p>\n","protected":false},"featured_media":406156,"comment_status":"open","ping_status":"closed","template":"","meta":{"_trash_the_other_posts":false},"product_brand":[],"product_cat":[603],"product_tag":[3950],"berocket_brand":[1409],"class_list":{"0":"post-406159","1":"product","2":"type-product","3":"status-publish","4":"has-post-thumbnail","6":"product_cat-saltvannsspray","7":"product_tag-sachajuan-ocean-mist","8":"pa_brand-sachajuan","9":"pa_variant-150ml","10":"berocket_brand-sachajuan","12":"first","13":"outofstock","14":"sale","15":"taxable","16":"shipping-taxable","17":"purchasable","18":"product-type-simple"},"_links":{"self":[{"href":"https:\/\/stylingagenten.com\/no\/wp-json\/wp\/v2\/product\/406159","targetHints":{"allow":["GET"]}}],"collection":[{"href":"https:\/\/stylingagenten.com\/no\/wp-json\/wp\/v2\/product"}],"about":[{"href":"https:\/\/stylingagenten.com\/no\/wp-json\/wp\/v2\/types\/product"}],"replies":[{"embeddable":true,"href":"https:\/\/stylingagenten.com\/no\/wp-json\/wp\/v2\/comments?post=406159"}],"version-history":[{"count":0,"href":"https:\/\/stylingagenten.com\/no\/wp-json\/wp\/v2\/product\/406159\/revisions"}],"wp:featuredmedia":[{"embeddable":true,"href":"https:\/\/stylingagenten.com\/no\/wp-json\/wp\/v2\/media\/406156"}],"wp:attachment":[{"href":"https:\/\/stylingagenten.com\/no\/wp-json\/wp\/v2\/media?parent=406159"}],"wp:term":[{"taxonomy":"product_brand","embeddable":true,"href":"https:\/\/stylingagenten.com\/no\/wp-json\/wp\/v2\/product_brand?post=406159"},{"taxonomy":"product_cat","embeddable":true,"href":"https:\/\/stylingagenten.com\/no\/wp-json\/wp\/v2\/product_cat?post=406159"},{"taxonomy":"product_tag","embeddable":true,"href":"https:\/\/stylingagenten.com\/no\/wp-json\/wp\/v2\/product_tag?post=406159"},{"taxonomy":"berocket_brand","embeddable":true,"href":"https:\/\/stylingagenten.com\/no\/wp-json\/wp\/v2\/berocket_brand?post=406159"}],"curies":[{"name":"wp","href":"https:\/\/api.w.org\/{rel}","templated":true}]}}